{"id":18073,"date":"2024-01-26T14:42:18","date_gmt":"2024-01-26T12:42:18","guid":{"rendered":"https:\/\/www.eoimalaga.com\/web\/?page_id=18073"},"modified":"2025-01-31T15:09:47","modified_gmt":"2025-01-31T13:09:47","slug":"programa-cima-arte","status":"publish","type":"page","link":"https:\/\/www.eoimalaga.com\/web\/programa-cima-arte\/","title":{"rendered":"PROGRAMA CIMA &#8211; ARTE"},"content":{"rendered":"<div class=\"wpb-content-wrapper\"><p>[vc_row content_placement=\u00bbmiddle\u00bb][vc_column width=\u00bb1\/2&#8243;][vc_column_text]<img loading=\"lazy\" decoding=\"async\" class=\"wp-image-18056 aligncenter\" src=\"https:\/\/www.eoimalaga.com\/web\/wp-content\/uploads\/2024\/01\/Logo-CIMA_max-calidad-1024x476.png\" alt=\"\" width=\"250\" height=\"116\" srcset=\"https:\/\/www.eoimalaga.com\/web\/wp-content\/uploads\/2024\/01\/Logo-CIMA_max-calidad-1024x476.png 1024w, https:\/\/www.eoimalaga.com\/web\/wp-content\/uploads\/2024\/01\/Logo-CIMA_max-calidad-300x139.png 300w, https:\/\/www.eoimalaga.com\/web\/wp-content\/uploads\/2024\/01\/Logo-CIMA_max-calidad-768x357.png 768w, https:\/\/www.eoimalaga.com\/web\/wp-content\/uploads\/2024\/01\/Logo-CIMA_max-calidad-1536x713.png 1536w, https:\/\/www.eoimalaga.com\/web\/wp-content\/uploads\/2024\/01\/Logo-CIMA_max-calidad.png 1744w\" sizes=\"auto, (max-width: 250px) 100vw, 250px\" \/>[\/vc_column_text][\/vc_column][vc_column width=\u00bb1\/2&#8243;][vc_empty_space][vc_column_text]<\/p>\n<h1 style=\"text-align: center;\"><span style=\"font-size: 36pt;\">Arte y Cultura<\/span><\/h1>\n<p>[\/vc_column_text][\/vc_column][\/vc_row][vc_row][vc_column][vc_empty_space][\/vc_column][\/vc_row][vc_row][vc_column][vc_column_text css=\u00bb\u00bb]<\/p>\n<h1 style=\"text-align: center;\"><span style=\"font-size: 36pt;\">CURSO 24\/25<\/span><\/h1>\n<p>[\/vc_column_text][\/vc_column][\/vc_row][vc_row full_width=\u00bbstretch_row\u00bb css=\u00bb.vc_custom_1643112902626{margin-bottom: 0px !important;padding-bottom: 40px !important;background-color: #ffffff !important;}\u00bb][vc_column][vc_row_inner equal_height=\u00bbyes\u00bb content_placement=\u00bbmiddle\u00bb gap=\u00bb10&#8243;][vc_column_inner width=\u00bb1\/4&#8243; css=\u00bb.vc_custom_1648469593134{background-color: #134984 !important;}\u00bb][vc_column_text css=\u00bb\u00bb]<\/p>\n<h1><\/h1>\n<h1 style=\"text-align: center;\"><a href=\"https:\/\/www.eoimalaga.com\/web\/cima-arte-a1-2024\/\" target=\"_blank\" rel=\"noopener\"><span style=\"color: #ffffff;\">A1<\/span><\/a><\/h1>\n<p>[\/vc_column_text][\/vc_column_inner][vc_column_inner width=\u00bb1\/4&#8243; css=\u00bb.vc_custom_1648469624261{background-color: #134984 !important;}\u00bb][vc_column_text css=\u00bb.vc_custom_1737112670510{background-color: #134984 !important;}\u00bb]<\/p>\n<h1><\/h1>\n<h1 style=\"text-align: center;\"><a href=\"https:\/\/www.eoimalaga.com\/web\/cima-arte-a2-2024\/\" target=\"_blank\" rel=\"noopener\"><span style=\"background-color: #134984; color: #ffffff;\">A2<\/span><\/a><\/h1>\n<p>[\/vc_column_text][\/vc_column_inner][vc_column_inner width=\u00bb1\/4&#8243; css=\u00bb.vc_custom_1648469697005{background-color: #134984 !important;}\u00bb][vc_column_text css=\u00bb\u00bb]<\/p>\n<h1><\/h1>\n<h1 style=\"text-align: center;\"><a href=\"https:\/\/www.eoimalaga.com\/web\/cima-arte-b1-2024\/\" target=\"_blank\" rel=\"noopener\"><span style=\"color: #ffffff;\">B1<\/span><\/a><\/h1>\n<p>[\/vc_column_text][\/vc_column_inner][vc_column_inner width=\u00bb1\/4&#8243; css=\u00bb.vc_custom_1648469715301{background-color: #134984 !important;}\u00bb][vc_column_text css=\u00bb\u00bb]<\/p>\n<h1><\/h1>\n<h1 style=\"text-align: center;\"><a href=\"https:\/\/www.eoimalaga.com\/web\/cima-arte-b2-1-2o24\/\" target=\"_blank\" rel=\"noopener\"><span style=\"color: #ffffff;\">B2.1<\/span><\/a><\/h1>\n<p>[\/vc_column_text][\/vc_column_inner][\/vc_row_inner][\/vc_column][\/vc_row][vc_row][vc_column][vc_row_inner equal_height=\u00bbyes\u00bb content_placement=\u00bbmiddle\u00bb gap=\u00bb10&#8243;][vc_column_inner width=\u00bb1\/4&#8243; css=\u00bb.vc_custom_1648469725181{background-color: #134984 !important;}\u00bb][vc_column_text css=\u00bb\u00bb]<\/p>\n<h1><\/h1>\n<h1 style=\"text-align: center;\"><a href=\"https:\/\/www.eoimalaga.com\/web\/cima-arte-b2-2024\/\" target=\"_blank\" rel=\"noopener\"><span style=\"color: #ffffff;\">B2<\/span><\/a><\/h1>\n<p>[\/vc_column_text][\/vc_column_inner][vc_column_inner width=\u00bb1\/4&#8243; css=\u00bb.vc_custom_1648469738261{background-color: #134984 !important;}\u00bb][vc_column_text css=\u00bb.vc_custom_1737113194648{background-color: #134984 !important;}\u00bb]<\/p>\n<h1><\/h1>\n<h1 style=\"text-align: center;\"><a href=\"https:\/\/www.eoimalaga.com\/web\/cima-arte-c1-1-2o24\/\" target=\"_blank\" rel=\"noopener\"><span style=\"color: #ffffff;\">C1.1<\/span><\/a><\/h1>\n<p>[\/vc_column_text][\/vc_column_inner][vc_column_inner width=\u00bb1\/4&#8243; css=\u00bb.vc_custom_1683278881730{background-color: #134984 !important;}\u00bb][vc_column_text css=\u00bb.vc_custom_1737113353391{background-color: #134984 !important;}\u00bb]<\/p>\n<h1><\/h1>\n<h1 style=\"text-align: center;\"><a href=\"https:\/\/www.eoimalaga.com\/web\/cima-arte-c1-2-2o24\/\" target=\"_blank\" rel=\"noopener\"><span style=\"color: #ffffff;\">C1.2<\/span><\/a><\/h1>\n<p>[\/vc_column_text][\/vc_column_inner][vc_column_inner width=\u00bb1\/4&#8243; css=\u00bb.vc_custom_1738328932706{background-color: #134984 !important;}\u00bb][vc_column_text css=\u00bb.vc_custom_1738328977859{background-color: #134984 !important;}\u00bb]<\/p>\n<h1><\/h1>\n<h2 style=\"text-align: center;\"><span style=\"color: #ffffff;\"><a style=\"color: #ffffff;\" href=\"https:\/\/www.eoimalaga.com\/web\/20724-2\/\" target=\"_blank\" rel=\"noopener\">INTERDISCIPLINAR<\/a><\/span><\/h2>\n<p>[\/vc_column_text][\/vc_column_inner][\/vc_row_inner][\/vc_column][\/vc_row][vc_row][vc_column][vc_empty_space height=\u00bb64px\u00bb][\/vc_column][\/vc_row][vc_row][vc_column][vc_column_text]<\/p>\n<h1 style=\"text-align: center;\"><span style=\"font-size: 36pt;\">CURSO 23\/24<\/span><\/h1>\n<p>[\/vc_column_text][\/vc_column][\/vc_row][vc_row][vc_column][\/vc_column][\/vc_row][vc_row full_width=\u00bbstretch_row\u00bb css=\u00bb.vc_custom_1643112902626{margin-bottom: 0px !important;padding-bottom: 40px !important;background-color: #ffffff !important;}\u00bb][vc_column][vc_row_inner equal_height=\u00bbyes\u00bb content_placement=\u00bbmiddle\u00bb gap=\u00bb10&#8243;][vc_column_inner width=\u00bb1\/4&#8243; css=\u00bb.vc_custom_1648469593134{background-color: #134984 !important;}\u00bb][vc_column_text]<\/p>\n<h1><\/h1>\n<h1 style=\"text-align: center;\"><a href=\"https:\/\/www.eoimalaga.com\/web\/cima-a1\/\" target=\"_blank\" rel=\"noopener noreferrer\"><span style=\"color: #ffffff;\">A1<\/span><\/a><\/h1>\n<p>[\/vc_column_text][\/vc_column_inner][vc_column_inner width=\u00bb1\/4&#8243; css=\u00bb.vc_custom_1648469624261{background-color: #134984 !important;}\u00bb][vc_column_text css=\u00bb.vc_custom_1706710149397{background-color: #134984 !important;}\u00bb]<\/p>\n<h1><\/h1>\n<h1 style=\"text-align: center;\"><a href=\"https:\/\/www.eoimalaga.com\/web\/cima-arte-a2\/\" target=\"_blank\" rel=\"noopener noreferrer\"><span style=\"background-color: #134984; color: #ffffff;\">A2<\/span><\/a><\/h1>\n<p>[\/vc_column_text][\/vc_column_inner][vc_column_inner width=\u00bb1\/4&#8243; css=\u00bb.vc_custom_1648469697005{background-color: #134984 !important;}\u00bb][vc_column_text]<\/p>\n<h1><\/h1>\n<h1 style=\"text-align: center;\"><a href=\"https:\/\/www.eoimalaga.com\/web\/cima-arte-b1\/\" target=\"_blank\" rel=\"noopener noreferrer\"><span style=\"color: #ffffff;\">B1<\/span><\/a><\/h1>\n<p>[\/vc_column_text][\/vc_column_inner][vc_column_inner width=\u00bb1\/4&#8243; css=\u00bb.vc_custom_1648469715301{background-color: #134984 !important;}\u00bb][vc_column_text]<\/p>\n<h1><\/h1>\n<h1 style=\"text-align: center;\"><a href=\"https:\/\/www.eoimalaga.com\/web\/cima-arte-b2-1\/\" target=\"_blank\" rel=\"noopener noreferrer\"><span style=\"color: #ffffff;\">B2.1<\/span><\/a><\/h1>\n<p>[\/vc_column_text][\/vc_column_inner][\/vc_row_inner][\/vc_column][\/vc_row][vc_row][vc_column][vc_row_inner equal_height=\u00bbyes\u00bb content_placement=\u00bbmiddle\u00bb gap=\u00bb10&#8243;][vc_column_inner width=\u00bb1\/4&#8243; css=\u00bb.vc_custom_1648469725181{background-color: #134984 !important;}\u00bb][vc_column_text]<\/p>\n<h1><\/h1>\n<h1 style=\"text-align: center;\"><a href=\"https:\/\/www.eoimalaga.com\/web\/cima-arte-b2\/\" target=\"_blank\" rel=\"noopener noreferrer\"><span style=\"color: #ffffff;\">B2<\/span><\/a><\/h1>\n<p>[\/vc_column_text][\/vc_column_inner][vc_column_inner width=\u00bb1\/4&#8243; css=\u00bb.vc_custom_1648469738261{background-color: #134984 !important;}\u00bb][vc_column_text css=\u00bb.vc_custom_1706710338946{background-color: #134984 !important;}\u00bb]<\/p>\n<h1><\/h1>\n<h1 style=\"text-align: center;\"><a href=\"https:\/\/www.eoimalaga.com\/web\/cima-arte-c1-1\/\" target=\"_blank\" rel=\"noopener noreferrer\"><span style=\"color: #ffffff;\">C1.1<\/span><\/a><\/h1>\n<p>[\/vc_column_text][\/vc_column_inner][vc_column_inner width=\u00bb1\/4&#8243; css=\u00bb.vc_custom_1683278881730{background-color: #134984 !important;}\u00bb][vc_column_text css=\u00bb.vc_custom_1706710376027{background-color: #134984 !important;}\u00bb]<\/p>\n<h1><\/h1>\n<h1 style=\"text-align: center;\"><a href=\"https:\/\/www.eoimalaga.com\/web\/cima-arte-c1-2\/\" target=\"_blank\" rel=\"noopener noreferrer\"><span style=\"color: #ffffff;\">C1.2<\/span><\/a><\/h1>\n<p>[\/vc_column_text][\/vc_column_inner][\/vc_row_inner][\/vc_column][\/vc_row]<\/p>\n<\/div>","protected":false},"excerpt":{"rendered":"<p>[vc_row content_placement=\u00bbmiddle\u00bb][vc_column width=\u00bb1\/2&#8243;][vc_column_text][\/vc_column_text][\/vc_column][vc_column width=\u00bb1\/2&#8243;][vc_empty_space][vc_column_text] Arte y Cultura [\/vc_column_text][\/vc_column][\/vc_row][vc_row][vc_column][vc_empty_space][\/vc_column][\/vc_row][vc_row][vc_column][vc_column_text css=\u00bb\u00bb] CURSO 24\/25 [\/vc_column_text][\/vc_column][\/vc_row][vc_row full_width=\u00bbstretch_row\u00bb css=\u00bb.vc_custom_1643112902626{margin-bottom: 0px !important;padding-bottom: 40px !important;background-color: #ffffff !important;}\u00bb][vc_column][vc_row_inner equal_height=\u00bbyes\u00bb content_placement=\u00bbmiddle\u00bb gap=\u00bb10&#8243;][vc_column_inner width=\u00bb1\/4&#8243; css=\u00bb.vc_custom_1648469593134{background-color: #134984 !important;}\u00bb][vc_column_text css=\u00bb\u00bb] A1 [\/vc_column_text][\/vc_column_inner][vc_column_inner width=\u00bb1\/4&#8243; css=\u00bb.vc_custom_1648469624261{background-color: #134984 !important;}\u00bb][vc_column_text css=\u00bb.vc_custom_1737112670510{background-color: #134984 !important;}\u00bb] A2 [\/vc_column_text][\/vc_column_inner][vc_column_inner width=\u00bb1\/4&#8243; css=\u00bb.vc_custom_1648469697005{background-color: #134984 !important;}\u00bb][vc_column_text css=\u00bb\u00bb] B1 [\/vc_column_text][\/vc_column_inner][vc_column_inner width=\u00bb1\/4&#8243; css=\u00bb.vc_custom_1648469715301{background-color: #134984 !important;}\u00bb][vc_column_text css=\u00bb\u00bb] B2.1 [\/vc_column_text][\/vc_column_inner][\/vc_row_inner][\/vc_column][\/vc_row][vc_row][vc_column][vc_row_inner equal_height=\u00bbyes\u00bb content_placement=\u00bbmiddle\u00bb [&hellip;]<\/p>\n","protected":false},"author":12,"featured_media":0,"parent":0,"menu_order":0,"comment_status":"closed","ping_status":"closed","template":"","meta":{"inline_featured_image":false,"footnotes":""},"categories":[95],"tags":[],"class_list":["post-18073","page","type-page","status-publish","hentry","category-cima"],"yoast_head":"<!-- This site is optimized with the Yoast SEO plugin v26.5 - https:\/\/yoast.com\/wordpress\/plugins\/seo\/ -->\n<title>PROGRAMA CIMA - ARTE - P\u00e1gina Oficial de la EOI de M\u00e1laga ::Los idiomas ponen el mundo a tus pies::<\/title>\n<meta name=\"robots\" content=\"index, follow, max-snippet:-1, max-image-preview:large, max-video-preview:-1\" \/>\n<link rel=\"canonical\" href=\"https:\/\/www.eoimalaga.com\/web\/programa-cima-arte\/\" \/>\n<meta property=\"og:locale\" content=\"es_ES\" \/>\n<meta property=\"og:type\" content=\"article\" \/>\n<meta property=\"og:title\" content=\"PROGRAMA CIMA - ARTE - P\u00e1gina Oficial de la EOI de M\u00e1laga ::Los idiomas ponen el mundo a tus pies::\" \/>\n<meta property=\"og:description\" content=\"[vc_row content_placement=\u00bbmiddle\u00bb][vc_column width=\u00bb1\/2&#8243;][vc_column_text][\/vc_column_text][\/vc_column][vc_column width=\u00bb1\/2&#8243;][vc_empty_space][vc_column_text] Arte y Cultura [\/vc_column_text][\/vc_column][\/vc_row][vc_row][vc_column][vc_empty_space][\/vc_column][\/vc_row][vc_row][vc_column][vc_column_text css=\u00bb\u00bb] CURSO 24\/25 [\/vc_column_text][\/vc_column][\/vc_row][vc_row full_width=\u00bbstretch_row\u00bb css=\u00bb.vc_custom_1643112902626{margin-bottom: 0px !important;padding-bottom: 40px !important;background-color: #ffffff !important;}\u00bb][vc_column][vc_row_inner equal_height=\u00bbyes\u00bb content_placement=\u00bbmiddle\u00bb gap=\u00bb10&#8243;][vc_column_inner width=\u00bb1\/4&#8243; css=\u00bb.vc_custom_1648469593134{background-color: #134984 !important;}\u00bb][vc_column_text css=\u00bb\u00bb] A1 [\/vc_column_text][\/vc_column_inner][vc_column_inner width=\u00bb1\/4&#8243; css=\u00bb.vc_custom_1648469624261{background-color: #134984 !important;}\u00bb][vc_column_text css=\u00bb.vc_custom_1737112670510{background-color: #134984 !important;}\u00bb] A2 [\/vc_column_text][\/vc_column_inner][vc_column_inner width=\u00bb1\/4&#8243; css=\u00bb.vc_custom_1648469697005{background-color: #134984 !important;}\u00bb][vc_column_text css=\u00bb\u00bb] B1 [\/vc_column_text][\/vc_column_inner][vc_column_inner width=\u00bb1\/4&#8243; css=\u00bb.vc_custom_1648469715301{background-color: #134984 !important;}\u00bb][vc_column_text css=\u00bb\u00bb] B2.1 [\/vc_column_text][\/vc_column_inner][\/vc_row_inner][\/vc_column][\/vc_row][vc_row][vc_column][vc_row_inner equal_height=\u00bbyes\u00bb content_placement=\u00bbmiddle\u00bb [&hellip;]\" \/>\n<meta property=\"og:url\" content=\"https:\/\/www.eoimalaga.com\/web\/programa-cima-arte\/\" \/>\n<meta property=\"og:site_name\" content=\"P\u00e1gina Oficial de la EOI de M\u00e1laga ::Los idiomas ponen el mundo a tus pies::\" \/>\n<meta property=\"article:modified_time\" content=\"2025-01-31T13:09:47+00:00\" \/>\n<meta property=\"og:image\" content=\"https:\/\/www.eoimalaga.com\/web\/wp-content\/uploads\/2024\/01\/Logo-CIMA_max-calidad.png\" \/>\n\t<meta property=\"og:image:width\" content=\"1744\" \/>\n\t<meta property=\"og:image:height\" content=\"810\" \/>\n\t<meta property=\"og:image:type\" content=\"image\/png\" \/>\n<meta name=\"twitter:card\" content=\"summary_large_image\" \/>\n<meta name=\"twitter:label1\" content=\"Tiempo de lectura\" \/>\n\t<meta name=\"twitter:data1\" content=\"1 minuto\" \/>\n<script type=\"application\/ld+json\" class=\"yoast-schema-graph\">{\"@context\":\"https:\/\/schema.org\",\"@graph\":[{\"@type\":\"WebPage\",\"@id\":\"https:\/\/www.eoimalaga.com\/web\/programa-cima-arte\/\",\"url\":\"https:\/\/www.eoimalaga.com\/web\/programa-cima-arte\/\",\"name\":\"PROGRAMA CIMA - ARTE - P\u00e1gina Oficial de la EOI de M\u00e1laga ::Los idiomas ponen el mundo a tus pies::\",\"isPartOf\":{\"@id\":\"https:\/\/www.eoimalaga.com\/web\/#website\"},\"primaryImageOfPage\":{\"@id\":\"https:\/\/www.eoimalaga.com\/web\/programa-cima-arte\/#primaryimage\"},\"image\":{\"@id\":\"https:\/\/www.eoimalaga.com\/web\/programa-cima-arte\/#primaryimage\"},\"thumbnailUrl\":\"https:\/\/www.eoimalaga.com\/web\/wp-content\/uploads\/2024\/01\/Logo-CIMA_max-calidad-1024x476.png\",\"datePublished\":\"2024-01-26T12:42:18+00:00\",\"dateModified\":\"2025-01-31T13:09:47+00:00\",\"breadcrumb\":{\"@id\":\"https:\/\/www.eoimalaga.com\/web\/programa-cima-arte\/#breadcrumb\"},\"inLanguage\":\"es\",\"potentialAction\":[{\"@type\":\"ReadAction\",\"target\":[\"https:\/\/www.eoimalaga.com\/web\/programa-cima-arte\/\"]}]},{\"@type\":\"ImageObject\",\"inLanguage\":\"es\",\"@id\":\"https:\/\/www.eoimalaga.com\/web\/programa-cima-arte\/#primaryimage\",\"url\":\"https:\/\/www.eoimalaga.com\/web\/wp-content\/uploads\/2024\/01\/Logo-CIMA_max-calidad.png\",\"contentUrl\":\"https:\/\/www.eoimalaga.com\/web\/wp-content\/uploads\/2024\/01\/Logo-CIMA_max-calidad.png\",\"width\":1744,\"height\":810},{\"@type\":\"BreadcrumbList\",\"@id\":\"https:\/\/www.eoimalaga.com\/web\/programa-cima-arte\/#breadcrumb\",\"itemListElement\":[{\"@type\":\"ListItem\",\"position\":1,\"name\":\"Home\",\"item\":\"https:\/\/www.eoimalaga.com\/web\/\"},{\"@type\":\"ListItem\",\"position\":2,\"name\":\"PROGRAMA CIMA &#8211; ARTE\"}]},{\"@type\":\"WebSite\",\"@id\":\"https:\/\/www.eoimalaga.com\/web\/#website\",\"url\":\"https:\/\/www.eoimalaga.com\/web\/\",\"name\":\"P\u00e1gina Oficial de la EOI de M\u00e1laga ::Los idiomas ponen el mundo a tus pies::\",\"description\":\"EOI M\u00e1laga\",\"potentialAction\":[{\"@type\":\"SearchAction\",\"target\":{\"@type\":\"EntryPoint\",\"urlTemplate\":\"https:\/\/www.eoimalaga.com\/web\/?s={search_term_string}\"},\"query-input\":{\"@type\":\"PropertyValueSpecification\",\"valueRequired\":true,\"valueName\":\"search_term_string\"}}],\"inLanguage\":\"es\"}]}<\/script>\n<!-- \/ Yoast SEO plugin. -->","yoast_head_json":{"title":"PROGRAMA CIMA - ARTE - P\u00e1gina Oficial de la EOI de M\u00e1laga ::Los idiomas ponen el mundo a tus pies::","robots":{"index":"index","follow":"follow","max-snippet":"max-snippet:-1","max-image-preview":"max-image-preview:large","max-video-preview":"max-video-preview:-1"},"canonical":"https:\/\/www.eoimalaga.com\/web\/programa-cima-arte\/","og_locale":"es_ES","og_type":"article","og_title":"PROGRAMA CIMA - ARTE - P\u00e1gina Oficial de la EOI de M\u00e1laga ::Los idiomas ponen el mundo a tus pies::","og_description":"[vc_row content_placement=\u00bbmiddle\u00bb][vc_column width=\u00bb1\/2&#8243;][vc_column_text][\/vc_column_text][\/vc_column][vc_column width=\u00bb1\/2&#8243;][vc_empty_space][vc_column_text] Arte y Cultura [\/vc_column_text][\/vc_column][\/vc_row][vc_row][vc_column][vc_empty_space][\/vc_column][\/vc_row][vc_row][vc_column][vc_column_text css=\u00bb\u00bb] CURSO 24\/25 [\/vc_column_text][\/vc_column][\/vc_row][vc_row full_width=\u00bbstretch_row\u00bb css=\u00bb.vc_custom_1643112902626{margin-bottom: 0px !important;padding-bottom: 40px !important;background-color: #ffffff !important;}\u00bb][vc_column][vc_row_inner equal_height=\u00bbyes\u00bb content_placement=\u00bbmiddle\u00bb gap=\u00bb10&#8243;][vc_column_inner width=\u00bb1\/4&#8243; css=\u00bb.vc_custom_1648469593134{background-color: #134984 !important;}\u00bb][vc_column_text css=\u00bb\u00bb] A1 [\/vc_column_text][\/vc_column_inner][vc_column_inner width=\u00bb1\/4&#8243; css=\u00bb.vc_custom_1648469624261{background-color: #134984 !important;}\u00bb][vc_column_text css=\u00bb.vc_custom_1737112670510{background-color: #134984 !important;}\u00bb] A2 [\/vc_column_text][\/vc_column_inner][vc_column_inner width=\u00bb1\/4&#8243; css=\u00bb.vc_custom_1648469697005{background-color: #134984 !important;}\u00bb][vc_column_text css=\u00bb\u00bb] B1 [\/vc_column_text][\/vc_column_inner][vc_column_inner width=\u00bb1\/4&#8243; css=\u00bb.vc_custom_1648469715301{background-color: #134984 !important;}\u00bb][vc_column_text css=\u00bb\u00bb] B2.1 [\/vc_column_text][\/vc_column_inner][\/vc_row_inner][\/vc_column][\/vc_row][vc_row][vc_column][vc_row_inner equal_height=\u00bbyes\u00bb content_placement=\u00bbmiddle\u00bb [&hellip;]","og_url":"https:\/\/www.eoimalaga.com\/web\/programa-cima-arte\/","og_site_name":"P\u00e1gina Oficial de la EOI de M\u00e1laga ::Los idiomas ponen el mundo a tus pies::","article_modified_time":"2025-01-31T13:09:47+00:00","og_image":[{"width":1744,"height":810,"url":"https:\/\/www.eoimalaga.com\/web\/wp-content\/uploads\/2024\/01\/Logo-CIMA_max-calidad.png","type":"image\/png"}],"twitter_card":"summary_large_image","twitter_misc":{"Tiempo de lectura":"1 minuto"},"schema":{"@context":"https:\/\/schema.org","@graph":[{"@type":"WebPage","@id":"https:\/\/www.eoimalaga.com\/web\/programa-cima-arte\/","url":"https:\/\/www.eoimalaga.com\/web\/programa-cima-arte\/","name":"PROGRAMA CIMA - ARTE - P\u00e1gina Oficial de la EOI de M\u00e1laga ::Los idiomas ponen el mundo a tus pies::","isPartOf":{"@id":"https:\/\/www.eoimalaga.com\/web\/#website"},"primaryImageOfPage":{"@id":"https:\/\/www.eoimalaga.com\/web\/programa-cima-arte\/#primaryimage"},"image":{"@id":"https:\/\/www.eoimalaga.com\/web\/programa-cima-arte\/#primaryimage"},"thumbnailUrl":"https:\/\/www.eoimalaga.com\/web\/wp-content\/uploads\/2024\/01\/Logo-CIMA_max-calidad-1024x476.png","datePublished":"2024-01-26T12:42:18+00:00","dateModified":"2025-01-31T13:09:47+00:00","breadcrumb":{"@id":"https:\/\/www.eoimalaga.com\/web\/programa-cima-arte\/#breadcrumb"},"inLanguage":"es","potentialAction":[{"@type":"ReadAction","target":["https:\/\/www.eoimalaga.com\/web\/programa-cima-arte\/"]}]},{"@type":"ImageObject","inLanguage":"es","@id":"https:\/\/www.eoimalaga.com\/web\/programa-cima-arte\/#primaryimage","url":"https:\/\/www.eoimalaga.com\/web\/wp-content\/uploads\/2024\/01\/Logo-CIMA_max-calidad.png","contentUrl":"https:\/\/www.eoimalaga.com\/web\/wp-content\/uploads\/2024\/01\/Logo-CIMA_max-calidad.png","width":1744,"height":810},{"@type":"BreadcrumbList","@id":"https:\/\/www.eoimalaga.com\/web\/programa-cima-arte\/#breadcrumb","itemListElement":[{"@type":"ListItem","position":1,"name":"Home","item":"https:\/\/www.eoimalaga.com\/web\/"},{"@type":"ListItem","position":2,"name":"PROGRAMA CIMA &#8211; ARTE"}]},{"@type":"WebSite","@id":"https:\/\/www.eoimalaga.com\/web\/#website","url":"https:\/\/www.eoimalaga.com\/web\/","name":"P\u00e1gina Oficial de la EOI de M\u00e1laga ::Los idiomas ponen el mundo a tus pies::","description":"EOI M\u00e1laga","potentialAction":[{"@type":"SearchAction","target":{"@type":"EntryPoint","urlTemplate":"https:\/\/www.eoimalaga.com\/web\/?s={search_term_string}"},"query-input":{"@type":"PropertyValueSpecification","valueRequired":true,"valueName":"search_term_string"}}],"inLanguage":"es"}]}},"_links":{"self":[{"href":"https:\/\/www.eoimalaga.com\/web\/wp-json\/wp\/v2\/pages\/18073","targetHints":{"allow":["GET"]}}],"collection":[{"href":"https:\/\/www.eoimalaga.com\/web\/wp-json\/wp\/v2\/pages"}],"about":[{"href":"https:\/\/www.eoimalaga.com\/web\/wp-json\/wp\/v2\/types\/page"}],"author":[{"embeddable":true,"href":"https:\/\/www.eoimalaga.com\/web\/wp-json\/wp\/v2\/users\/12"}],"replies":[{"embeddable":true,"href":"https:\/\/www.eoimalaga.com\/web\/wp-json\/wp\/v2\/comments?post=18073"}],"version-history":[{"count":24,"href":"https:\/\/www.eoimalaga.com\/web\/wp-json\/wp\/v2\/pages\/18073\/revisions"}],"predecessor-version":[{"id":20731,"href":"https:\/\/www.eoimalaga.com\/web\/wp-json\/wp\/v2\/pages\/18073\/revisions\/20731"}],"wp:attachment":[{"href":"https:\/\/www.eoimalaga.com\/web\/wp-json\/wp\/v2\/media?parent=18073"}],"wp:term":[{"taxonomy":"category","embeddable":true,"href":"https:\/\/www.eoimalaga.com\/web\/wp-json\/wp\/v2\/categories?post=18073"},{"taxonomy":"post_tag","embeddable":true,"href":"https:\/\/www.eoimalaga.com\/web\/wp-json\/wp\/v2\/tags?post=18073"}],"curies":[{"name":"wp","href":"https:\/\/api.w.org\/{rel}","templated":true}]}}