{"id":17952,"date":"2024-07-03T12:43:52","date_gmt":"2024-07-03T10:43:52","guid":{"rendered":"https:\/\/www.eoimalaga.com\/web\/?page_id=17952"},"modified":"2025-03-25T15:16:55","modified_gmt":"2025-03-25T13:16:55","slug":"erasmus","status":"publish","type":"page","link":"https:\/\/www.eoimalaga.com\/web\/erasmus\/","title":{"rendered":"ERASMUS"},"content":{"rendered":"<div class=\"wpb-content-wrapper\"><p>[vc_row full_width=\u00bbstretch_row_content\u00bb el_class=\u00bbcustom_spacer_row\u00bb css=\u00bb.vc_custom_1706100703629{margin-top: 0px !important;margin-bottom: 0px !important;padding-top: 0px !important;padding-right: 15px !important;padding-bottom: 0px !important;padding-left: 15px !important;background-position: center !important;background-repeat: no-repeat !important;background-size: cover !important;}\u00bb][vc_column css=\u00bb.vc_custom_1481791680110{margin-top: 0px !important;margin-bottom: 0px !important;padding-top: 0px !important;padding-bottom: 0px !important;}\u00bb el_class=\u00bbnicdark_upper_level1&#8243;][vc_column_text]<img loading=\"lazy\" decoding=\"async\" class=\"wp-image-17976 size-large aligncenter\" src=\"https:\/\/www.eoimalaga.com\/web\/wp-content\/uploads\/2024\/01\/Logo-Erasmus-V4-Impresio\u0301n_J-1-1024x261.jpg\" alt=\"\" width=\"1024\" height=\"261\" srcset=\"https:\/\/www.eoimalaga.com\/web\/wp-content\/uploads\/2024\/01\/Logo-Erasmus-V4-Impresio\u0301n_J-1-1024x261.jpg 1024w, https:\/\/www.eoimalaga.com\/web\/wp-content\/uploads\/2024\/01\/Logo-Erasmus-V4-Impresio\u0301n_J-1-300x77.jpg 300w, https:\/\/www.eoimalaga.com\/web\/wp-content\/uploads\/2024\/01\/Logo-Erasmus-V4-Impresio\u0301n_J-1-768x196.jpg 768w, https:\/\/www.eoimalaga.com\/web\/wp-content\/uploads\/2024\/01\/Logo-Erasmus-V4-Impresio\u0301n_J-1-1536x392.jpg 1536w, https:\/\/www.eoimalaga.com\/web\/wp-content\/uploads\/2024\/01\/Logo-Erasmus-V4-Impresio\u0301n_J-1-2048x522.jpg 2048w\" sizes=\"auto, (max-width: 1024px) 100vw, 1024px\" \/>[\/vc_column_text][\/vc_column][\/vc_row][vc_row][vc_column][vc_column_text]<\/p>\n<p style=\"text-align: justify;\" data-adtags-visited=\"true\"><span style=\"font-size: 14pt;\">En este blog os hablaremos del nuevo proyecto Erasmus+ K122 de la EOI M\u00e1laga: \u00abAprendizaje por observaci\u00f3n en el aula\u00bb<\/span><\/p>\n<p style=\"text-align: justify;\" data-adtags-visited=\"true\"><span style=\"font-size: 14pt;\">Os comentaremos las distintas instancias, an\u00e9cdotas\u2026.En definitiva todo lo relacionado con el proyecto ya que uno de nuestros objetivos es que lo que aprendamos, vivamos\u2026 llegue a todo el mundo.<\/span><\/p>\n<h3 style=\"text-align: justify;\"><\/h3>\n<h3 style=\"text-align: justify;\"><strong>\u00bfPREPARADOS PARA EL VIAJE?<\/strong><\/h3>\n<p style=\"text-align: justify;\" data-adtags-visited=\"true\"><span style=\"font-size: 14pt;\">Partimos de las premisas:<\/span><\/p>\n<p style=\"text-align: justify;\" data-adtags-visited=\"true\"><span style=\"font-size: 14pt;\">1. Observaci\u00f3n en clase: metodolog\u00eda<\/span><\/p>\n<p style=\"text-align: justify;\" data-adtags-visited=\"true\"><span style=\"font-size: 14pt;\">2.\u00a0Uso de las plataformas virtuales educativas<\/span><\/p>\n<p style=\"text-align: justify;\" data-adtags-visited=\"true\"><span style=\"font-size: 14pt;\">3.\u00a0Pol\u00edtica de medidas contra el abandono escolar<\/span><\/p>\n<p style=\"text-align: justify;\" data-adtags-visited=\"true\"><span style=\"font-size: 14pt;\">4. Optimizaci\u00f3n del espacio para un mayor aprendizaje y la cultura de la defensa del medioambiente. Pol\u00edtica medioambiental, ahorro energ\u00e9tico y reciclaje<\/span><\/p>\n<p>[\/vc_column_text][\/vc_column][\/vc_row][vc_row][vc_column][vc_empty_space height=\u00bb62px\u00bb][\/vc_column][\/vc_row][vc_row][vc_column][vc_row_inner][vc_column_inner width=\u00bb1\/6&#8243;][vc_icon icon_fontawesome=\u00bbfas fa-info\u00bb color=\u00bbcustom\u00bb size=\u00bbxl\u00bb align=\u00bbright\u00bb custom_color=\u00bb#ec774b\u00bb link=\u00bburl:https%3A%2F%2Fwww.eoimalaga.com%2Fweb%2Fproyectos-2022-2024%2F|target:_blank\u00bb][\/vc_column_inner][vc_column_inner width=\u00bb1\/6&#8243;][vc_column_text css=\u00bb\u00bb]<\/p>\n<h1><span style=\"color: #ec774b;\">Proyecto<\/span><\/h1>\n<h1><a href=\"https:\/\/www.eoimalaga.com\/web\/proyectos-2024-2025\/\" target=\"_blank\" rel=\"noopener\"><span style=\"color: #ec774b;\">2024-2025<\/span><\/a><\/h1>\n<p>[\/vc_column_text][\/vc_column_inner][vc_column_inner width=\u00bb1\/6&#8243;][vc_icon icon_fontawesome=\u00bbfas fa-info\u00bb color=\u00bbcustom\u00bb size=\u00bbxl\u00bb align=\u00bbright\u00bb custom_color=\u00bb#ec774b\u00bb link=\u00bburl:https%3A%2F%2Fwww.eoimalaga.com%2Fweb%2Fproyectos-2022-2024%2F|target:_blank\u00bb][\/vc_column_inner][vc_column_inner width=\u00bb1\/6&#8243;][vc_column_text]<\/p>\n<h1><span style=\"color: #ec774b;\"><a style=\"color: #ec774b;\" href=\"https:\/\/www.eoimalaga.com\/web\/proyectos-2022-2024\/\" target=\"_blank\" rel=\"noopener noreferrer\">Proyecto<\/a><\/span><\/h1>\n<h1><a href=\"https:\/\/www.eoimalaga.com\/web\/proyectos-2022-2024\/\" target=\"_blank\" rel=\"noopener noreferrer\"><span style=\"color: #ec774b;\">2022-2024<\/span><\/a><\/h1>\n<p>[\/vc_column_text][\/vc_column_inner][vc_column_inner width=\u00bb1\/6&#8243;][vc_icon icon_fontawesome=\u00bbfas fa-info\u00bb color=\u00bbcustom\u00bb size=\u00bbxl\u00bb align=\u00bbright\u00bb custom_color=\u00bb#ec774b\u00bb][\/vc_column_inner][vc_column_inner width=\u00bb1\/6&#8243;][vc_column_text]<\/p>\n<h1><span style=\"color: #ec774b;\"><a style=\"color: #ec774b;\" href=\"https:\/\/erasmuspluseoimalaga.wordpress.com\/movilidades-cursos-anteriores\/\" target=\"_blank\" rel=\"noopener noreferrer\">Proyecto <\/a><\/span><\/h1>\n<h1><span style=\"color: #ec774b;\"><a style=\"color: #ec774b;\" href=\"https:\/\/erasmuspluseoimalaga.wordpress.com\/movilidades-cursos-anteriores\/\" target=\"_blank\" rel=\"noopener noreferrer\">anterior<\/a><\/span><\/h1>\n<p>[\/vc_column_text][\/vc_column_inner][\/vc_row_inner][\/vc_column][\/vc_row][vc_row][vc_column][vc_empty_space height=\u00bb62px\u00bb][vc_row_inner][vc_column_inner][vc_column_text css=\u00bb\u00bb]<\/p>\n<p><center><iframe loading=\"lazy\" src=\"https:\/\/www.google.com\/maps\/d\/embed?mid=1S1dyMd1nswtJpfRmZxRquZb74hvu5Wo&amp;hl=es&amp;ehbc=2E312F\" width=\"840\" height=\"680\"><\/iframe><\/center>[\/vc_column_text][\/vc_column_inner][\/vc_row_inner][\/vc_column][\/vc_row][vc_row][vc_column width=\u00bb1\/5&#8243;][\/vc_column][vc_column width=\u00bb1\/5&#8243;][\/vc_column][vc_column width=\u00bb1\/5&#8243;][vc_column_text]<img loading=\"lazy\" decoding=\"async\" class=\"alignnone wp-image-17978 aligncenter\" src=\"https:\/\/www.eoimalaga.com\/web\/wp-content\/uploads\/2024\/01\/cofinanciado-300x73.png\" alt=\"\" width=\"177\" height=\"43\" srcset=\"https:\/\/www.eoimalaga.com\/web\/wp-content\/uploads\/2024\/01\/cofinanciado-300x73.png 300w, https:\/\/www.eoimalaga.com\/web\/wp-content\/uploads\/2024\/01\/cofinanciado-1024x249.png 1024w, https:\/\/www.eoimalaga.com\/web\/wp-content\/uploads\/2024\/01\/cofinanciado-768x187.png 768w, https:\/\/www.eoimalaga.com\/web\/wp-content\/uploads\/2024\/01\/cofinanciado-1536x373.png 1536w, https:\/\/www.eoimalaga.com\/web\/wp-content\/uploads\/2024\/01\/cofinanciado.png 1659w\" sizes=\"auto, (max-width: 177px) 100vw, 177px\" \/>[\/vc_column_text][\/vc_column][vc_column width=\u00bb1\/5&#8243;][\/vc_column][vc_column width=\u00bb1\/5&#8243;][\/vc_column][\/vc_row][vc_row][vc_column][vc_column_text][\/vc_column_text][\/vc_column][\/vc_row]<\/p>\n<\/div>","protected":false},"excerpt":{"rendered":"<p>[vc_row full_width=\u00bbstretch_row_content\u00bb el_class=\u00bbcustom_spacer_row\u00bb css=\u00bb.vc_custom_1706100703629{margin-top: 0px !important;margin-bottom: 0px !important;padding-top: 0px !important;padding-right: 15px !important;padding-bottom: 0px !important;padding-left: 15px !important;background-position: center !important;background-repeat: no-repeat !important;background-size: cover !important;}\u00bb][vc_column css=\u00bb.vc_custom_1481791680110{margin-top: 0px !important;margin-bottom: 0px !important;padding-top: 0px !important;padding-bottom: 0px !important;}\u00bb el_class=\u00bbnicdark_upper_level1&#8243;][vc_column_text][\/vc_column_text][\/vc_column][\/vc_row][vc_row][vc_column][vc_column_text] En este blog os hablaremos del nuevo proyecto Erasmus+ K122 de la EOI M\u00e1laga: \u00abAprendizaje por observaci\u00f3n en el aula\u00bb Os comentaremos las [&hellip;]<\/p>\n","protected":false},"author":12,"featured_media":0,"parent":0,"menu_order":0,"comment_status":"closed","ping_status":"closed","template":"","meta":{"inline_featured_image":false,"footnotes":""},"categories":[93],"tags":[],"class_list":["post-17952","page","type-page","status-publish","hentry","category-erasmus"],"yoast_head":"<!-- This site is optimized with the Yoast SEO plugin v26.5 - https:\/\/yoast.com\/wordpress\/plugins\/seo\/ -->\n<title>ERASMUS - P\u00e1gina Oficial de la EOI de M\u00e1laga ::Los idiomas ponen el mundo a tus pies::<\/title>\n<meta name=\"robots\" content=\"index, follow, max-snippet:-1, max-image-preview:large, max-video-preview:-1\" \/>\n<link rel=\"canonical\" href=\"https:\/\/www.eoimalaga.com\/web\/erasmus\/\" \/>\n<meta property=\"og:locale\" content=\"es_ES\" \/>\n<meta property=\"og:type\" content=\"article\" \/>\n<meta property=\"og:title\" content=\"ERASMUS - P\u00e1gina Oficial de la EOI de M\u00e1laga ::Los idiomas ponen el mundo a tus pies::\" \/>\n<meta property=\"og:description\" content=\"[vc_row full_width=\u00bbstretch_row_content\u00bb el_class=\u00bbcustom_spacer_row\u00bb css=\u00bb.vc_custom_1706100703629{margin-top: 0px !important;margin-bottom: 0px !important;padding-top: 0px !important;padding-right: 15px !important;padding-bottom: 0px !important;padding-left: 15px !important;background-position: center !important;background-repeat: no-repeat !important;background-size: cover !important;}\u00bb][vc_column css=\u00bb.vc_custom_1481791680110{margin-top: 0px !important;margin-bottom: 0px !important;padding-top: 0px !important;padding-bottom: 0px !important;}\u00bb el_class=\u00bbnicdark_upper_level1&#8243;][vc_column_text][\/vc_column_text][\/vc_column][\/vc_row][vc_row][vc_column][vc_column_text] En este blog os hablaremos del nuevo proyecto Erasmus+ K122 de la EOI M\u00e1laga: \u00abAprendizaje por observaci\u00f3n en el aula\u00bb Os comentaremos las [&hellip;]\" \/>\n<meta property=\"og:url\" content=\"https:\/\/www.eoimalaga.com\/web\/erasmus\/\" \/>\n<meta property=\"og:site_name\" content=\"P\u00e1gina Oficial de la EOI de M\u00e1laga ::Los idiomas ponen el mundo a tus pies::\" \/>\n<meta property=\"article:modified_time\" content=\"2025-03-25T13:16:55+00:00\" \/>\n<meta property=\"og:image\" content=\"https:\/\/www.eoimalaga.com\/web\/wp-content\/uploads\/2024\/01\/cofinanciado-300x73.png\" \/>\n<meta name=\"twitter:card\" content=\"summary_large_image\" \/>\n<meta name=\"twitter:label1\" content=\"Tiempo de lectura\" \/>\n\t<meta name=\"twitter:data1\" content=\"2 minutos\" \/>\n<script type=\"application\/ld+json\" class=\"yoast-schema-graph\">{\"@context\":\"https:\/\/schema.org\",\"@graph\":[{\"@type\":\"WebPage\",\"@id\":\"https:\/\/www.eoimalaga.com\/web\/erasmus\/\",\"url\":\"https:\/\/www.eoimalaga.com\/web\/erasmus\/\",\"name\":\"ERASMUS - P\u00e1gina Oficial de la EOI de M\u00e1laga ::Los idiomas ponen el mundo a tus pies::\",\"isPartOf\":{\"@id\":\"https:\/\/www.eoimalaga.com\/web\/#website\"},\"primaryImageOfPage\":{\"@id\":\"https:\/\/www.eoimalaga.com\/web\/erasmus\/#primaryimage\"},\"image\":{\"@id\":\"https:\/\/www.eoimalaga.com\/web\/erasmus\/#primaryimage\"},\"thumbnailUrl\":\"https:\/\/www.eoimalaga.com\/web\/wp-content\/uploads\/2024\/01\/cofinanciado-300x73.png\",\"datePublished\":\"2024-07-03T10:43:52+00:00\",\"dateModified\":\"2025-03-25T13:16:55+00:00\",\"breadcrumb\":{\"@id\":\"https:\/\/www.eoimalaga.com\/web\/erasmus\/#breadcrumb\"},\"inLanguage\":\"es\",\"potentialAction\":[{\"@type\":\"ReadAction\",\"target\":[\"https:\/\/www.eoimalaga.com\/web\/erasmus\/\"]}]},{\"@type\":\"ImageObject\",\"inLanguage\":\"es\",\"@id\":\"https:\/\/www.eoimalaga.com\/web\/erasmus\/#primaryimage\",\"url\":\"https:\/\/www.eoimalaga.com\/web\/wp-content\/uploads\/2024\/01\/cofinanciado.png\",\"contentUrl\":\"https:\/\/www.eoimalaga.com\/web\/wp-content\/uploads\/2024\/01\/cofinanciado.png\",\"width\":1659,\"height\":403},{\"@type\":\"BreadcrumbList\",\"@id\":\"https:\/\/www.eoimalaga.com\/web\/erasmus\/#breadcrumb\",\"itemListElement\":[{\"@type\":\"ListItem\",\"position\":1,\"name\":\"Home\",\"item\":\"https:\/\/www.eoimalaga.com\/web\/\"},{\"@type\":\"ListItem\",\"position\":2,\"name\":\"ERASMUS\"}]},{\"@type\":\"WebSite\",\"@id\":\"https:\/\/www.eoimalaga.com\/web\/#website\",\"url\":\"https:\/\/www.eoimalaga.com\/web\/\",\"name\":\"P\u00e1gina Oficial de la EOI de M\u00e1laga ::Los idiomas ponen el mundo a tus pies::\",\"description\":\"EOI M\u00e1laga\",\"potentialAction\":[{\"@type\":\"SearchAction\",\"target\":{\"@type\":\"EntryPoint\",\"urlTemplate\":\"https:\/\/www.eoimalaga.com\/web\/?s={search_term_string}\"},\"query-input\":{\"@type\":\"PropertyValueSpecification\",\"valueRequired\":true,\"valueName\":\"search_term_string\"}}],\"inLanguage\":\"es\"}]}<\/script>\n<!-- \/ Yoast SEO plugin. -->","yoast_head_json":{"title":"ERASMUS - P\u00e1gina Oficial de la EOI de M\u00e1laga ::Los idiomas ponen el mundo a tus pies::","robots":{"index":"index","follow":"follow","max-snippet":"max-snippet:-1","max-image-preview":"max-image-preview:large","max-video-preview":"max-video-preview:-1"},"canonical":"https:\/\/www.eoimalaga.com\/web\/erasmus\/","og_locale":"es_ES","og_type":"article","og_title":"ERASMUS - P\u00e1gina Oficial de la EOI de M\u00e1laga ::Los idiomas ponen el mundo a tus pies::","og_description":"[vc_row full_width=\u00bbstretch_row_content\u00bb el_class=\u00bbcustom_spacer_row\u00bb css=\u00bb.vc_custom_1706100703629{margin-top: 0px !important;margin-bottom: 0px !important;padding-top: 0px !important;padding-right: 15px !important;padding-bottom: 0px !important;padding-left: 15px !important;background-position: center !important;background-repeat: no-repeat !important;background-size: cover !important;}\u00bb][vc_column css=\u00bb.vc_custom_1481791680110{margin-top: 0px !important;margin-bottom: 0px !important;padding-top: 0px !important;padding-bottom: 0px !important;}\u00bb el_class=\u00bbnicdark_upper_level1&#8243;][vc_column_text][\/vc_column_text][\/vc_column][\/vc_row][vc_row][vc_column][vc_column_text] En este blog os hablaremos del nuevo proyecto Erasmus+ K122 de la EOI M\u00e1laga: \u00abAprendizaje por observaci\u00f3n en el aula\u00bb Os comentaremos las [&hellip;]","og_url":"https:\/\/www.eoimalaga.com\/web\/erasmus\/","og_site_name":"P\u00e1gina Oficial de la EOI de M\u00e1laga ::Los idiomas ponen el mundo a tus pies::","article_modified_time":"2025-03-25T13:16:55+00:00","og_image":[{"url":"https:\/\/www.eoimalaga.com\/web\/wp-content\/uploads\/2024\/01\/cofinanciado-300x73.png","type":"","width":"","height":""}],"twitter_card":"summary_large_image","twitter_misc":{"Tiempo de lectura":"2 minutos"},"schema":{"@context":"https:\/\/schema.org","@graph":[{"@type":"WebPage","@id":"https:\/\/www.eoimalaga.com\/web\/erasmus\/","url":"https:\/\/www.eoimalaga.com\/web\/erasmus\/","name":"ERASMUS - P\u00e1gina Oficial de la EOI de M\u00e1laga ::Los idiomas ponen el mundo a tus pies::","isPartOf":{"@id":"https:\/\/www.eoimalaga.com\/web\/#website"},"primaryImageOfPage":{"@id":"https:\/\/www.eoimalaga.com\/web\/erasmus\/#primaryimage"},"image":{"@id":"https:\/\/www.eoimalaga.com\/web\/erasmus\/#primaryimage"},"thumbnailUrl":"https:\/\/www.eoimalaga.com\/web\/wp-content\/uploads\/2024\/01\/cofinanciado-300x73.png","datePublished":"2024-07-03T10:43:52+00:00","dateModified":"2025-03-25T13:16:55+00:00","breadcrumb":{"@id":"https:\/\/www.eoimalaga.com\/web\/erasmus\/#breadcrumb"},"inLanguage":"es","potentialAction":[{"@type":"ReadAction","target":["https:\/\/www.eoimalaga.com\/web\/erasmus\/"]}]},{"@type":"ImageObject","inLanguage":"es","@id":"https:\/\/www.eoimalaga.com\/web\/erasmus\/#primaryimage","url":"https:\/\/www.eoimalaga.com\/web\/wp-content\/uploads\/2024\/01\/cofinanciado.png","contentUrl":"https:\/\/www.eoimalaga.com\/web\/wp-content\/uploads\/2024\/01\/cofinanciado.png","width":1659,"height":403},{"@type":"BreadcrumbList","@id":"https:\/\/www.eoimalaga.com\/web\/erasmus\/#breadcrumb","itemListElement":[{"@type":"ListItem","position":1,"name":"Home","item":"https:\/\/www.eoimalaga.com\/web\/"},{"@type":"ListItem","position":2,"name":"ERASMUS"}]},{"@type":"WebSite","@id":"https:\/\/www.eoimalaga.com\/web\/#website","url":"https:\/\/www.eoimalaga.com\/web\/","name":"P\u00e1gina Oficial de la EOI de M\u00e1laga ::Los idiomas ponen el mundo a tus pies::","description":"EOI M\u00e1laga","potentialAction":[{"@type":"SearchAction","target":{"@type":"EntryPoint","urlTemplate":"https:\/\/www.eoimalaga.com\/web\/?s={search_term_string}"},"query-input":{"@type":"PropertyValueSpecification","valueRequired":true,"valueName":"search_term_string"}}],"inLanguage":"es"}]}},"_links":{"self":[{"href":"https:\/\/www.eoimalaga.com\/web\/wp-json\/wp\/v2\/pages\/17952","targetHints":{"allow":["GET"]}}],"collection":[{"href":"https:\/\/www.eoimalaga.com\/web\/wp-json\/wp\/v2\/pages"}],"about":[{"href":"https:\/\/www.eoimalaga.com\/web\/wp-json\/wp\/v2\/types\/page"}],"author":[{"embeddable":true,"href":"https:\/\/www.eoimalaga.com\/web\/wp-json\/wp\/v2\/users\/12"}],"replies":[{"embeddable":true,"href":"https:\/\/www.eoimalaga.com\/web\/wp-json\/wp\/v2\/comments?post=17952"}],"version-history":[{"count":45,"href":"https:\/\/www.eoimalaga.com\/web\/wp-json\/wp\/v2\/pages\/17952\/revisions"}],"predecessor-version":[{"id":21516,"href":"https:\/\/www.eoimalaga.com\/web\/wp-json\/wp\/v2\/pages\/17952\/revisions\/21516"}],"wp:attachment":[{"href":"https:\/\/www.eoimalaga.com\/web\/wp-json\/wp\/v2\/media?parent=17952"}],"wp:term":[{"taxonomy":"category","embeddable":true,"href":"https:\/\/www.eoimalaga.com\/web\/wp-json\/wp\/v2\/categories?post=17952"},{"taxonomy":"post_tag","embeddable":true,"href":"https:\/\/www.eoimalaga.com\/web\/wp-json\/wp\/v2\/tags?post=17952"}],"curies":[{"name":"wp","href":"https:\/\/api.w.org\/{rel}","templated":true}]}}