{"id":16999,"date":"2023-05-18T17:40:00","date_gmt":"2023-05-18T15:40:00","guid":{"rendered":"https:\/\/www.eoimalaga.com\/web\/?page_id=16999"},"modified":"2023-05-18T17:52:28","modified_gmt":"2023-05-18T15:52:28","slug":"c2_vivir","status":"publish","type":"page","link":"https:\/\/www.eoimalaga.com\/web\/c2_vivir\/","title":{"rendered":"C2_VIVIR"},"content":{"rendered":"<div class=\"wpb-content-wrapper\"><p>[vc_row][vc_column][vc_single_image image=\u00bb14091&#8243; img_size=\u00bbfull\u00bb alignment=\u00bbcenter\u00bb][\/vc_column][\/vc_row][vc_row][vc_column][vc_column_text]<\/p>\n<h1 style=\"text-align: center\"><span style=\"font-size: 36pt\">C2<\/span><\/h1>\n<p>[\/vc_column_text][vc_column_text]<\/p>\n<h2>Curso 2022\/2023<\/h2>\n<p>[\/vc_column_text][vc_column_text]<\/p>\n<h3>Informe sobre la ciudad de M\u00e1laga<\/h3>\n<p><span style=\"font-weight: 400\">Desde el 15 al 30 de abril de 2023 el alumnado de nivel C2 de ingl\u00e9s (IN8OALX1500A) repas\u00f3 los distintos tipos de informes posibles y trataron en clase la tem\u00e1tica sobre los diversos tipos de turismo y las ventajas y desventajas del turismo masivo en relaci\u00f3n con aspectos como la sostenibilidad, medioambiente, infraestructuras, culturales, econ\u00f3micas, etc. Seguidamente, realizaron una producci\u00f3n escrita sobre la ciudad de M\u00e1laga.<\/span><\/p>\n<p>&nbsp;<\/p>\n<p>Pinche <a href=\"https:\/\/drive.google.com\/drive\/folders\/1YEKOY3ZUMXTMxishpP9XeI7Hz0_FUNci\">aqu\u00ed<\/a> para ver los trabajos.<\/p>\n<p>&nbsp;<\/p>\n<p>Marisa Espinar, profesora y tutora[\/vc_column_text][\/vc_column][\/vc_row][vc_row full_width=\u00bbstretch_row\u00bb css=\u00bb.vc_custom_1643112902626{margin-bottom: 0px !important;padding-bottom: 40px !important;background-color: #ffffff !important;}\u00bb][vc_column][vc_row_inner][vc_column_inner][vc_column_text][\/vc_column_text][\/vc_column_inner][\/vc_row_inner][\/vc_column][\/vc_row]<\/p>\n<\/div>","protected":false},"excerpt":{"rendered":"<p>[vc_row][vc_column][vc_single_image image=\u00bb14091&#8243; img_size=\u00bbfull\u00bb alignment=\u00bbcenter\u00bb][\/vc_column][\/vc_row][vc_row][vc_column][vc_column_text] C2 [\/vc_column_text][vc_column_text] Curso 2022\/2023 [\/vc_column_text][vc_column_text] Informe sobre la ciudad de M\u00e1laga Desde el 15 al 30 de abril de 2023 el alumnado de nivel C2 de ingl\u00e9s (IN8OALX1500A) repas\u00f3 los distintos tipos de informes posibles y trataron en clase la tem\u00e1tica sobre los diversos tipos de turismo y las ventajas y [&hellip;]<\/p>\n","protected":false},"author":15,"featured_media":0,"parent":0,"menu_order":0,"comment_status":"closed","ping_status":"closed","template":"","meta":{"inline_featured_image":false,"footnotes":""},"categories":[90],"tags":[],"class_list":["post-16999","page","type-page","status-publish","hentry","category-patrimonio"],"yoast_head":"<!-- This site is optimized with the Yoast SEO plugin v26.5 - https:\/\/yoast.com\/wordpress\/plugins\/seo\/ -->\n<title>C2_VIVIR - P\u00e1gina Oficial de la EOI de M\u00e1laga ::Los idiomas ponen el mundo a tus pies::<\/title>\n<meta name=\"robots\" content=\"index, follow, max-snippet:-1, max-image-preview:large, max-video-preview:-1\" \/>\n<link rel=\"canonical\" href=\"https:\/\/www.eoimalaga.com\/web\/c2_vivir\/\" \/>\n<meta property=\"og:locale\" content=\"es_ES\" \/>\n<meta property=\"og:type\" content=\"article\" \/>\n<meta property=\"og:title\" content=\"C2_VIVIR - P\u00e1gina Oficial de la EOI de M\u00e1laga ::Los idiomas ponen el mundo a tus pies::\" \/>\n<meta property=\"og:description\" content=\"[vc_row][vc_column][vc_single_image image=\u00bb14091&#8243; img_size=\u00bbfull\u00bb alignment=\u00bbcenter\u00bb][\/vc_column][\/vc_row][vc_row][vc_column][vc_column_text] C2 [\/vc_column_text][vc_column_text] Curso 2022\/2023 [\/vc_column_text][vc_column_text] Informe sobre la ciudad de M\u00e1laga Desde el 15 al 30 de abril de 2023 el alumnado de nivel C2 de ingl\u00e9s (IN8OALX1500A) repas\u00f3 los distintos tipos de informes posibles y trataron en clase la tem\u00e1tica sobre los diversos tipos de turismo y las ventajas y [&hellip;]\" \/>\n<meta property=\"og:url\" content=\"https:\/\/www.eoimalaga.com\/web\/c2_vivir\/\" \/>\n<meta property=\"og:site_name\" content=\"P\u00e1gina Oficial de la EOI de M\u00e1laga ::Los idiomas ponen el mundo a tus pies::\" \/>\n<meta property=\"article:modified_time\" content=\"2023-05-18T15:52:28+00:00\" \/>\n<meta name=\"twitter:card\" content=\"summary_large_image\" \/>\n<meta name=\"twitter:label1\" content=\"Tiempo de lectura\" \/>\n\t<meta name=\"twitter:data1\" content=\"1 minuto\" \/>\n<script type=\"application\/ld+json\" class=\"yoast-schema-graph\">{\"@context\":\"https:\/\/schema.org\",\"@graph\":[{\"@type\":\"WebPage\",\"@id\":\"https:\/\/www.eoimalaga.com\/web\/c2_vivir\/\",\"url\":\"https:\/\/www.eoimalaga.com\/web\/c2_vivir\/\",\"name\":\"C2_VIVIR - P\u00e1gina Oficial de la EOI de M\u00e1laga ::Los idiomas ponen el mundo a tus pies::\",\"isPartOf\":{\"@id\":\"https:\/\/www.eoimalaga.com\/web\/#website\"},\"datePublished\":\"2023-05-18T15:40:00+00:00\",\"dateModified\":\"2023-05-18T15:52:28+00:00\",\"breadcrumb\":{\"@id\":\"https:\/\/www.eoimalaga.com\/web\/c2_vivir\/#breadcrumb\"},\"inLanguage\":\"es\",\"potentialAction\":[{\"@type\":\"ReadAction\",\"target\":[\"https:\/\/www.eoimalaga.com\/web\/c2_vivir\/\"]}]},{\"@type\":\"BreadcrumbList\",\"@id\":\"https:\/\/www.eoimalaga.com\/web\/c2_vivir\/#breadcrumb\",\"itemListElement\":[{\"@type\":\"ListItem\",\"position\":1,\"name\":\"Home\",\"item\":\"https:\/\/www.eoimalaga.com\/web\/\"},{\"@type\":\"ListItem\",\"position\":2,\"name\":\"C2_VIVIR\"}]},{\"@type\":\"WebSite\",\"@id\":\"https:\/\/www.eoimalaga.com\/web\/#website\",\"url\":\"https:\/\/www.eoimalaga.com\/web\/\",\"name\":\"P\u00e1gina Oficial de la EOI de M\u00e1laga ::Los idiomas ponen el mundo a tus pies::\",\"description\":\"EOI M\u00e1laga\",\"potentialAction\":[{\"@type\":\"SearchAction\",\"target\":{\"@type\":\"EntryPoint\",\"urlTemplate\":\"https:\/\/www.eoimalaga.com\/web\/?s={search_term_string}\"},\"query-input\":{\"@type\":\"PropertyValueSpecification\",\"valueRequired\":true,\"valueName\":\"search_term_string\"}}],\"inLanguage\":\"es\"}]}<\/script>\n<!-- \/ Yoast SEO plugin. -->","yoast_head_json":{"title":"C2_VIVIR - P\u00e1gina Oficial de la EOI de M\u00e1laga ::Los idiomas ponen el mundo a tus pies::","robots":{"index":"index","follow":"follow","max-snippet":"max-snippet:-1","max-image-preview":"max-image-preview:large","max-video-preview":"max-video-preview:-1"},"canonical":"https:\/\/www.eoimalaga.com\/web\/c2_vivir\/","og_locale":"es_ES","og_type":"article","og_title":"C2_VIVIR - P\u00e1gina Oficial de la EOI de M\u00e1laga ::Los idiomas ponen el mundo a tus pies::","og_description":"[vc_row][vc_column][vc_single_image image=\u00bb14091&#8243; img_size=\u00bbfull\u00bb alignment=\u00bbcenter\u00bb][\/vc_column][\/vc_row][vc_row][vc_column][vc_column_text] C2 [\/vc_column_text][vc_column_text] Curso 2022\/2023 [\/vc_column_text][vc_column_text] Informe sobre la ciudad de M\u00e1laga Desde el 15 al 30 de abril de 2023 el alumnado de nivel C2 de ingl\u00e9s (IN8OALX1500A) repas\u00f3 los distintos tipos de informes posibles y trataron en clase la tem\u00e1tica sobre los diversos tipos de turismo y las ventajas y [&hellip;]","og_url":"https:\/\/www.eoimalaga.com\/web\/c2_vivir\/","og_site_name":"P\u00e1gina Oficial de la EOI de M\u00e1laga ::Los idiomas ponen el mundo a tus pies::","article_modified_time":"2023-05-18T15:52:28+00:00","twitter_card":"summary_large_image","twitter_misc":{"Tiempo de lectura":"1 minuto"},"schema":{"@context":"https:\/\/schema.org","@graph":[{"@type":"WebPage","@id":"https:\/\/www.eoimalaga.com\/web\/c2_vivir\/","url":"https:\/\/www.eoimalaga.com\/web\/c2_vivir\/","name":"C2_VIVIR - P\u00e1gina Oficial de la EOI de M\u00e1laga ::Los idiomas ponen el mundo a tus pies::","isPartOf":{"@id":"https:\/\/www.eoimalaga.com\/web\/#website"},"datePublished":"2023-05-18T15:40:00+00:00","dateModified":"2023-05-18T15:52:28+00:00","breadcrumb":{"@id":"https:\/\/www.eoimalaga.com\/web\/c2_vivir\/#breadcrumb"},"inLanguage":"es","potentialAction":[{"@type":"ReadAction","target":["https:\/\/www.eoimalaga.com\/web\/c2_vivir\/"]}]},{"@type":"BreadcrumbList","@id":"https:\/\/www.eoimalaga.com\/web\/c2_vivir\/#breadcrumb","itemListElement":[{"@type":"ListItem","position":1,"name":"Home","item":"https:\/\/www.eoimalaga.com\/web\/"},{"@type":"ListItem","position":2,"name":"C2_VIVIR"}]},{"@type":"WebSite","@id":"https:\/\/www.eoimalaga.com\/web\/#website","url":"https:\/\/www.eoimalaga.com\/web\/","name":"P\u00e1gina Oficial de la EOI de M\u00e1laga ::Los idiomas ponen el mundo a tus pies::","description":"EOI M\u00e1laga","potentialAction":[{"@type":"SearchAction","target":{"@type":"EntryPoint","urlTemplate":"https:\/\/www.eoimalaga.com\/web\/?s={search_term_string}"},"query-input":{"@type":"PropertyValueSpecification","valueRequired":true,"valueName":"search_term_string"}}],"inLanguage":"es"}]}},"_links":{"self":[{"href":"https:\/\/www.eoimalaga.com\/web\/wp-json\/wp\/v2\/pages\/16999","targetHints":{"allow":["GET"]}}],"collection":[{"href":"https:\/\/www.eoimalaga.com\/web\/wp-json\/wp\/v2\/pages"}],"about":[{"href":"https:\/\/www.eoimalaga.com\/web\/wp-json\/wp\/v2\/types\/page"}],"author":[{"embeddable":true,"href":"https:\/\/www.eoimalaga.com\/web\/wp-json\/wp\/v2\/users\/15"}],"replies":[{"embeddable":true,"href":"https:\/\/www.eoimalaga.com\/web\/wp-json\/wp\/v2\/comments?post=16999"}],"version-history":[{"count":4,"href":"https:\/\/www.eoimalaga.com\/web\/wp-json\/wp\/v2\/pages\/16999\/revisions"}],"predecessor-version":[{"id":17004,"href":"https:\/\/www.eoimalaga.com\/web\/wp-json\/wp\/v2\/pages\/16999\/revisions\/17004"}],"wp:attachment":[{"href":"https:\/\/www.eoimalaga.com\/web\/wp-json\/wp\/v2\/media?parent=16999"}],"wp:term":[{"taxonomy":"category","embeddable":true,"href":"https:\/\/www.eoimalaga.com\/web\/wp-json\/wp\/v2\/categories?post=16999"},{"taxonomy":"post_tag","embeddable":true,"href":"https:\/\/www.eoimalaga.com\/web\/wp-json\/wp\/v2\/tags?post=16999"}],"curies":[{"name":"wp","href":"https:\/\/api.w.org\/{rel}","templated":true}]}}