{"id":14480,"date":"2022-03-21T20:36:30","date_gmt":"2022-03-21T18:36:30","guid":{"rendered":"https:\/\/www.eoimalaga.com\/web\/?page_id=14480"},"modified":"2022-04-19T11:29:47","modified_gmt":"2022-04-19T09:29:47","slug":"jueves21","status":"publish","type":"page","link":"https:\/\/www.eoimalaga.com\/web\/jueves21\/","title":{"rendered":"jueves21"},"content":{"rendered":"<div class=\"wpb-content-wrapper\"><p>[vc_row][vc_column][vc_single_image image=\u00bb14391&#8243; img_size=\u00bblarge\u00bb add_caption=\u00bbyes\u00bb alignment=\u00bbcenter\u00bb][\/vc_column][\/vc_row][vc_row][vc_column][vc_column_text]<\/p>\n<h1 style=\"text-align: center;\">JUEVES, D\u00cdA 21 ABRIL<\/h1>\n<h4 style=\"text-align: center;\">Actividades organizadas por departamento<\/h4>\n<p>[\/vc_column_text][vc_column_text]<\/p>\n<p style=\"text-align: center;\"><strong>Descarga el programa completo del d\u00eda <a href=\"https:\/\/www.eoimalaga.com\/web\/wp-content\/uploads\/2022\/04\/jueves_v3.jpg\" target=\"_blank\" rel=\"noopener noreferrer\">aqu\u00ed<\/a>.<\/strong><\/p>\n<p>[\/vc_column_text][\/vc_column][\/vc_row][vc_row gap=\u00bb5&#8243;][vc_column width=\u00bb1\/3&#8243;][vc_hoverbox image=\u00bb14395&#8243; primary_title=\u00bb\u00bb hover_title=\u00bbConferencia\u00bb]<b><i>In der Fremde. Lesung.<\/i><\/b><\/p>\n<p>con Leonhard Thoma.<\/p>\n<p><strong>HORA<\/strong>: <span style=\"font-weight: 400;\">9.30 &#8211; 10.30<\/span><\/p>\n<p><strong>LUGAR<\/strong>: A19[\/vc_hoverbox][\/vc_column][vc_column width=\u00bb1\/3&#8243;][vc_hoverbox image=\u00bb14395&#8243; primary_title=\u00bb\u00bb hover_title=\u00bbCharla-coloquio\u00bb]<strong>Los idiomas y el arte como terapia<\/strong><\/p>\n<p>con Jose \u00c1ngel Chac\u00f3n\u00a0 y Juan Jos\u00e9 S\u00e1nchez<\/p>\n<p>(Actividad en espa\u00f1ol)<\/p>\n<p><strong>HORA<\/strong>: 11.00 &#8211; 13.00<\/p>\n<p><strong>LUGAR<\/strong>: Sal\u00f3n de actos[\/vc_hoverbox][\/vc_column][vc_column width=\u00bb1\/3&#8243;][vc_hoverbox image=\u00bb14399&#8243; primary_title=\u00bb\u00bb hover_title=\u00bbM\u00fasica y gastronom\u00eda\u00bb]<strong>Concurso de canciones y jornada gastron\u00f3mica<\/strong><\/p>\n<p><strong>HORA:<\/strong> 17.00 &#8211; 20.00<\/p>\n<p><strong>LUGAR<\/strong>: Jard\u00edn[\/vc_hoverbox][\/vc_column][\/vc_row][vc_row][vc_column][vc_empty_space height=\u00bb17px\u00bb][\/vc_column][\/vc_row][vc_row gap=\u00bb5&#8243;][vc_column width=\u00bb1\/3&#8243;][vc_hoverbox image=\u00bb14406&#8243; primary_title=\u00bb\u00bb hover_title=\u00bbTaller infantil\u00bb]<b><i>Matrioshka: mi mu\u00f1eca rusa.<\/i><\/b><span style=\"font-weight: 400;\"> con Svetlana Dalaloyan y Yulia Soloviova, <\/span><\/p>\n<p><span style=\"font-weight: 400;\">(Actividad en espa\u00f1ol)<\/span><\/p>\n<p><strong>HORA<\/strong>: 17.30 &#8211; 20.00<\/p>\n<p><strong>LUGAR:<\/strong> A15[\/vc_hoverbox][\/vc_column][vc_column width=\u00bb1\/3&#8243;][vc_hoverbox image=\u00bb14397&#8243; primary_title=\u00bb\u00bb hover_title=\u00bbTaller\u00bb]<strong>Manualidades chinas JIANZHI<\/strong><\/p>\n<p>Se recomienda traer c\u00fater y portaplato plano de corcho<\/p>\n<p>(Actividad en espa\u00f1ol)<\/p>\n<p><strong>HORA:<\/strong> 18.30 &#8211; 20.30<\/p>\n<p><strong>LUGAR:<\/strong> Laboratorio 2[\/vc_hoverbox][\/vc_column][vc_column width=\u00bb1\/3&#8243;][vc_hoverbox image=\u00bb14734&#8243; primary_title=\u00bb\u00bb hover_title=\u00bbPresentaci\u00f3n libro\u00bb]<em><strong>90 a\u00f1os vividos en primera persona 1931-2021<\/strong><\/em>,\u00a0 de Crist\u00f3bal Herrero, antiguo profesor de alem\u00e1n de la EOI M\u00e1laga.<\/p>\n<p><span style=\"font-weight: 400;\">(Actividad en espa\u00f1ol)<\/span><\/p>\n<p><strong>HORA<\/strong>: 19.30 &#8211; 20.30<\/p>\n<p><strong>LUGAR:<\/strong> Sal\u00f3n de actos[\/vc_hoverbox][\/vc_column][\/vc_row][vc_row][vc_column][vc_empty_space height=\u00bb17px\u00bb][\/vc_column][\/vc_row][vc_row gap=\u00bb5&#8243;][vc_column width=\u00bb1\/3&#8243;][vc_hoverbox image=\u00bb14395&#8243; primary_title=\u00bb\u00bb hover_title=\u00bbCharla-coloquio\u00bb]<b><i>In der Fremde. Lesung.<\/i><\/b><\/p>\n<p>Con Leonhard Thoma<\/p>\n<p><strong>HORA<\/strong>: 19.30 &#8211; 20.30<\/p>\n<p><strong>LUGAR:<\/strong> A15[\/vc_hoverbox][\/vc_column][vc_column width=\u00bb1\/3&#8243;][\/vc_column][vc_column width=\u00bb1\/3&#8243;][\/vc_column][\/vc_row]<\/p>\n<\/div>","protected":false},"excerpt":{"rendered":"<p>[vc_row][vc_column][vc_single_image image=\u00bb14391&#8243; img_size=\u00bblarge\u00bb add_caption=\u00bbyes\u00bb alignment=\u00bbcenter\u00bb][\/vc_column][\/vc_row][vc_row][vc_column][vc_column_text] JUEVES, D\u00cdA 21 ABRIL Actividades organizadas por departamento [\/vc_column_text][vc_column_text] Descarga el programa completo del d\u00eda aqu\u00ed. [\/vc_column_text][\/vc_column][\/vc_row][vc_row gap=\u00bb5&#8243;][vc_column width=\u00bb1\/3&#8243;][vc_hoverbox image=\u00bb14395&#8243; primary_title=\u00bb\u00bb hover_title=\u00bbConferencia\u00bb]In der Fremde. Lesung. con Leonhard Thoma. HORA: 9.30 &#8211; 10.30 LUGAR: A19[\/vc_hoverbox][\/vc_column][vc_column width=\u00bb1\/3&#8243;][vc_hoverbox image=\u00bb14395&#8243; primary_title=\u00bb\u00bb hover_title=\u00bbCharla-coloquio\u00bb]Los idiomas y el arte como terapia con Jose \u00c1ngel Chac\u00f3n\u00a0 y Juan [&hellip;]<\/p>\n","protected":false},"author":12,"featured_media":0,"parent":0,"menu_order":0,"comment_status":"closed","ping_status":"closed","template":"","meta":{"inline_featured_image":false,"footnotes":""},"categories":[91],"tags":[],"class_list":["post-14480","page","type-page","status-publish","hentry","category-50aniversario"],"yoast_head":"<!-- This site is optimized with the Yoast SEO plugin v26.5 - https:\/\/yoast.com\/wordpress\/plugins\/seo\/ -->\n<title>jueves21 - P\u00e1gina Oficial de la EOI de M\u00e1laga ::Los idiomas ponen el mundo a tus pies::<\/title>\n<meta name=\"robots\" content=\"index, follow, max-snippet:-1, max-image-preview:large, max-video-preview:-1\" \/>\n<link rel=\"canonical\" href=\"https:\/\/www.eoimalaga.com\/web\/jueves21\/\" \/>\n<meta property=\"og:locale\" content=\"es_ES\" \/>\n<meta property=\"og:type\" content=\"article\" \/>\n<meta property=\"og:title\" content=\"jueves21 - P\u00e1gina Oficial de la EOI de M\u00e1laga ::Los idiomas ponen el mundo a tus pies::\" \/>\n<meta property=\"og:description\" content=\"[vc_row][vc_column][vc_single_image image=\u00bb14391&#8243; img_size=\u00bblarge\u00bb add_caption=\u00bbyes\u00bb alignment=\u00bbcenter\u00bb][\/vc_column][\/vc_row][vc_row][vc_column][vc_column_text] JUEVES, D\u00cdA 21 ABRIL Actividades organizadas por departamento [\/vc_column_text][vc_column_text] Descarga el programa completo del d\u00eda aqu\u00ed. [\/vc_column_text][\/vc_column][\/vc_row][vc_row gap=\u00bb5&#8243;][vc_column width=\u00bb1\/3&#8243;][vc_hoverbox image=\u00bb14395&#8243; primary_title=\u00bb\u00bb hover_title=\u00bbConferencia\u00bb]In der Fremde. Lesung. con Leonhard Thoma. HORA: 9.30 &#8211; 10.30 LUGAR: A19[\/vc_hoverbox][\/vc_column][vc_column width=\u00bb1\/3&#8243;][vc_hoverbox image=\u00bb14395&#8243; primary_title=\u00bb\u00bb hover_title=\u00bbCharla-coloquio\u00bb]Los idiomas y el arte como terapia con Jose \u00c1ngel Chac\u00f3n\u00a0 y Juan [&hellip;]\" \/>\n<meta property=\"og:url\" content=\"https:\/\/www.eoimalaga.com\/web\/jueves21\/\" \/>\n<meta property=\"og:site_name\" content=\"P\u00e1gina Oficial de la EOI de M\u00e1laga ::Los idiomas ponen el mundo a tus pies::\" \/>\n<meta property=\"article:modified_time\" content=\"2022-04-19T09:29:47+00:00\" \/>\n<meta name=\"twitter:card\" content=\"summary_large_image\" \/>\n<meta name=\"twitter:label1\" content=\"Tiempo de lectura\" \/>\n\t<meta name=\"twitter:data1\" content=\"2 minutos\" \/>\n<script type=\"application\/ld+json\" class=\"yoast-schema-graph\">{\"@context\":\"https:\/\/schema.org\",\"@graph\":[{\"@type\":\"WebPage\",\"@id\":\"https:\/\/www.eoimalaga.com\/web\/jueves21\/\",\"url\":\"https:\/\/www.eoimalaga.com\/web\/jueves21\/\",\"name\":\"jueves21 - P\u00e1gina Oficial de la EOI de M\u00e1laga ::Los idiomas ponen el mundo a tus pies::\",\"isPartOf\":{\"@id\":\"https:\/\/www.eoimalaga.com\/web\/#website\"},\"datePublished\":\"2022-03-21T18:36:30+00:00\",\"dateModified\":\"2022-04-19T09:29:47+00:00\",\"breadcrumb\":{\"@id\":\"https:\/\/www.eoimalaga.com\/web\/jueves21\/#breadcrumb\"},\"inLanguage\":\"es\",\"potentialAction\":[{\"@type\":\"ReadAction\",\"target\":[\"https:\/\/www.eoimalaga.com\/web\/jueves21\/\"]}]},{\"@type\":\"BreadcrumbList\",\"@id\":\"https:\/\/www.eoimalaga.com\/web\/jueves21\/#breadcrumb\",\"itemListElement\":[{\"@type\":\"ListItem\",\"position\":1,\"name\":\"Home\",\"item\":\"https:\/\/www.eoimalaga.com\/web\/\"},{\"@type\":\"ListItem\",\"position\":2,\"name\":\"jueves21\"}]},{\"@type\":\"WebSite\",\"@id\":\"https:\/\/www.eoimalaga.com\/web\/#website\",\"url\":\"https:\/\/www.eoimalaga.com\/web\/\",\"name\":\"P\u00e1gina Oficial de la EOI de M\u00e1laga ::Los idiomas ponen el mundo a tus pies::\",\"description\":\"EOI M\u00e1laga\",\"potentialAction\":[{\"@type\":\"SearchAction\",\"target\":{\"@type\":\"EntryPoint\",\"urlTemplate\":\"https:\/\/www.eoimalaga.com\/web\/?s={search_term_string}\"},\"query-input\":{\"@type\":\"PropertyValueSpecification\",\"valueRequired\":true,\"valueName\":\"search_term_string\"}}],\"inLanguage\":\"es\"}]}<\/script>\n<!-- \/ Yoast SEO plugin. -->","yoast_head_json":{"title":"jueves21 - P\u00e1gina Oficial de la EOI de M\u00e1laga ::Los idiomas ponen el mundo a tus pies::","robots":{"index":"index","follow":"follow","max-snippet":"max-snippet:-1","max-image-preview":"max-image-preview:large","max-video-preview":"max-video-preview:-1"},"canonical":"https:\/\/www.eoimalaga.com\/web\/jueves21\/","og_locale":"es_ES","og_type":"article","og_title":"jueves21 - P\u00e1gina Oficial de la EOI de M\u00e1laga ::Los idiomas ponen el mundo a tus pies::","og_description":"[vc_row][vc_column][vc_single_image image=\u00bb14391&#8243; img_size=\u00bblarge\u00bb add_caption=\u00bbyes\u00bb alignment=\u00bbcenter\u00bb][\/vc_column][\/vc_row][vc_row][vc_column][vc_column_text] JUEVES, D\u00cdA 21 ABRIL Actividades organizadas por departamento [\/vc_column_text][vc_column_text] Descarga el programa completo del d\u00eda aqu\u00ed. [\/vc_column_text][\/vc_column][\/vc_row][vc_row gap=\u00bb5&#8243;][vc_column width=\u00bb1\/3&#8243;][vc_hoverbox image=\u00bb14395&#8243; primary_title=\u00bb\u00bb hover_title=\u00bbConferencia\u00bb]In der Fremde. Lesung. con Leonhard Thoma. HORA: 9.30 &#8211; 10.30 LUGAR: A19[\/vc_hoverbox][\/vc_column][vc_column width=\u00bb1\/3&#8243;][vc_hoverbox image=\u00bb14395&#8243; primary_title=\u00bb\u00bb hover_title=\u00bbCharla-coloquio\u00bb]Los idiomas y el arte como terapia con Jose \u00c1ngel Chac\u00f3n\u00a0 y Juan [&hellip;]","og_url":"https:\/\/www.eoimalaga.com\/web\/jueves21\/","og_site_name":"P\u00e1gina Oficial de la EOI de M\u00e1laga ::Los idiomas ponen el mundo a tus pies::","article_modified_time":"2022-04-19T09:29:47+00:00","twitter_card":"summary_large_image","twitter_misc":{"Tiempo de lectura":"2 minutos"},"schema":{"@context":"https:\/\/schema.org","@graph":[{"@type":"WebPage","@id":"https:\/\/www.eoimalaga.com\/web\/jueves21\/","url":"https:\/\/www.eoimalaga.com\/web\/jueves21\/","name":"jueves21 - P\u00e1gina Oficial de la EOI de M\u00e1laga ::Los idiomas ponen el mundo a tus pies::","isPartOf":{"@id":"https:\/\/www.eoimalaga.com\/web\/#website"},"datePublished":"2022-03-21T18:36:30+00:00","dateModified":"2022-04-19T09:29:47+00:00","breadcrumb":{"@id":"https:\/\/www.eoimalaga.com\/web\/jueves21\/#breadcrumb"},"inLanguage":"es","potentialAction":[{"@type":"ReadAction","target":["https:\/\/www.eoimalaga.com\/web\/jueves21\/"]}]},{"@type":"BreadcrumbList","@id":"https:\/\/www.eoimalaga.com\/web\/jueves21\/#breadcrumb","itemListElement":[{"@type":"ListItem","position":1,"name":"Home","item":"https:\/\/www.eoimalaga.com\/web\/"},{"@type":"ListItem","position":2,"name":"jueves21"}]},{"@type":"WebSite","@id":"https:\/\/www.eoimalaga.com\/web\/#website","url":"https:\/\/www.eoimalaga.com\/web\/","name":"P\u00e1gina Oficial de la EOI de M\u00e1laga ::Los idiomas ponen el mundo a tus pies::","description":"EOI M\u00e1laga","potentialAction":[{"@type":"SearchAction","target":{"@type":"EntryPoint","urlTemplate":"https:\/\/www.eoimalaga.com\/web\/?s={search_term_string}"},"query-input":{"@type":"PropertyValueSpecification","valueRequired":true,"valueName":"search_term_string"}}],"inLanguage":"es"}]}},"_links":{"self":[{"href":"https:\/\/www.eoimalaga.com\/web\/wp-json\/wp\/v2\/pages\/14480","targetHints":{"allow":["GET"]}}],"collection":[{"href":"https:\/\/www.eoimalaga.com\/web\/wp-json\/wp\/v2\/pages"}],"about":[{"href":"https:\/\/www.eoimalaga.com\/web\/wp-json\/wp\/v2\/types\/page"}],"author":[{"embeddable":true,"href":"https:\/\/www.eoimalaga.com\/web\/wp-json\/wp\/v2\/users\/12"}],"replies":[{"embeddable":true,"href":"https:\/\/www.eoimalaga.com\/web\/wp-json\/wp\/v2\/comments?post=14480"}],"version-history":[{"count":16,"href":"https:\/\/www.eoimalaga.com\/web\/wp-json\/wp\/v2\/pages\/14480\/revisions"}],"predecessor-version":[{"id":14989,"href":"https:\/\/www.eoimalaga.com\/web\/wp-json\/wp\/v2\/pages\/14480\/revisions\/14989"}],"wp:attachment":[{"href":"https:\/\/www.eoimalaga.com\/web\/wp-json\/wp\/v2\/media?parent=14480"}],"wp:term":[{"taxonomy":"category","embeddable":true,"href":"https:\/\/www.eoimalaga.com\/web\/wp-json\/wp\/v2\/categories?post=14480"},{"taxonomy":"post_tag","embeddable":true,"href":"https:\/\/www.eoimalaga.com\/web\/wp-json\/wp\/v2\/tags?post=14480"}],"curies":[{"name":"wp","href":"https:\/\/api.w.org\/{rel}","templated":true}]}}