{"id":14443,"date":"2022-03-21T20:33:42","date_gmt":"2022-03-21T18:33:42","guid":{"rendered":"https:\/\/www.eoimalaga.com\/web\/?page_id=14443"},"modified":"2022-04-19T11:36:13","modified_gmt":"2022-04-19T09:36:13","slug":"martes19","status":"publish","type":"page","link":"https:\/\/www.eoimalaga.com\/web\/martes19\/","title":{"rendered":"Martes19"},"content":{"rendered":"<div class=\"wpb-content-wrapper\"><p>[vc_row][vc_column][vc_single_image image=\u00bb14391&#8243; img_size=\u00bblarge\u00bb add_caption=\u00bbyes\u00bb alignment=\u00bbcenter\u00bb][\/vc_column][\/vc_row][vc_row][vc_column][vc_column_text]<\/p>\n<h1 style=\"text-align: center;\">MARTES, D\u00cdA 19 ABRIL<\/h1>\n<h4 style=\"text-align: center;\">Actividades organizadas por departamentos<\/h4>\n<p>[\/vc_column_text][vc_column_text]<\/p>\n<p style=\"text-align: center;\"><strong>Descarga el programa completo del d\u00eda <a href=\"https:\/\/www.eoimalaga.com\/web\/wp-content\/uploads\/2022\/04\/martes_v3-scaled.jpg\" target=\"_blank\" rel=\"noopener noreferrer\">aqu\u00ed<\/a>.<\/strong><\/p>\n<p>[\/vc_column_text][\/vc_column][\/vc_row][vc_row gap=\u00bb5&#8243;][vc_column width=\u00bb1\/3&#8243;][vc_hoverbox image=\u00bb14395&#8243; primary_title=\u00bb\u00bb hover_title=\u00bbConcierto\u00bb]<strong>Totum Revolutum<\/strong>, nuestro alumnado toca,<\/p>\n<p>Concierto de piano, chelo, clarinete y violines. Composiciones de m\u00fasicas del mundo.<\/p>\n<p><strong>HORA<\/strong>: <span style=\"font-weight: 400;\">10.00 &#8211; 11.30<\/span><\/p>\n<p><strong>LUGAR<\/strong>: Sal\u00f3n de Actos[\/vc_hoverbox][\/vc_column][vc_column width=\u00bb1\/3&#8243;][vc_hoverbox image=\u00bb14395&#8243; primary_title=\u00bb\u00bb hover_title=\u00bbColoquio\u00bb]<b>Coloquio con el C\u00f3nsul de Alemania en M\u00e1laga, Arnulf Braun<\/b><\/p>\n<p>(actividad en alem\u00e1n)<\/p>\n<p><strong>HORA<\/strong>: 12.00-13.00<\/p>\n<p><strong>LUGAR<\/strong>: Sal\u00f3n de actos[\/vc_hoverbox][\/vc_column][vc_column width=\u00bb1\/3&#8243;][vc_hoverbox image=\u00bb14395&#8243; primary_title=\u00bb\u00bb hover_title=\u00bbCine\u00bb]<b>Hans Dampf <\/b>(VOSE)<\/p>\n<p>(actividad en alem\u00e1n)<\/p>\n<p><strong>HORA<\/strong>: 17.00-19.00<\/p>\n<p><strong>LUGAR<\/strong>: Sal\u00f3n de actos[\/vc_hoverbox][\/vc_column][\/vc_row][vc_row][vc_column][vc_empty_space height=\u00bb17px\u00bb][\/vc_column][\/vc_row][vc_row gap=\u00bb5&#8243;][vc_column width=\u00bb1\/3&#8243;][vc_hoverbox image=\u00bb14734&#8243; primary_title=\u00bb\u00bb hover_title=\u00bbTaller\u00bb]<b><i>Poes\u00eda experimental \u00abMundo\u00bb<\/i><\/b><\/p>\n<p><span style=\"font-weight: 400;\">a cargo de Amelia Campos.<\/span><\/p>\n<p><strong>HORA<\/strong>: 17.00 &#8211; 19.00<\/p>\n<p><strong>LUGAR:<\/strong> A05[\/vc_hoverbox][\/vc_column][vc_column width=\u00bb1\/3&#8243;][vc_hoverbox image=\u00bb14399&#8243; primary_title=\u00bb\u00bb hover_title=\u00bbEncuentro\u00bb]<strong>La litt\u00e9rature fran\u00e7aise et son approche par Didier Decoin<\/strong><\/p>\n<p>Con el c\u00e9lebre escritor Didier Decoin,<br \/>\n(Actividad en franc\u00e9s)<\/p>\n<p><strong>HORA:<\/strong> 18.00 &#8211; 19.30<\/p>\n<p><strong>LUGAR:<\/strong> Videoconferencia (<a href=\"http:\/\/meet.google.com\/mzz-uppt-zaw\" target=\"_blank\" rel=\"noopener noreferrer\">enlace a la misma<\/a>)[\/vc_hoverbox][\/vc_column][vc_column width=\u00bb1\/3&#8243;][vc_hoverbox image=\u00bb14399&#8243; primary_title=\u00bb\u00bb hover_title=\u00bbClub de lectura\u00bb]<strong>La plus secr\u00e8te m\u00e9moire des hommes. Mohammed Mbougar Sarr.<\/strong><\/p>\n<p>Con Laura Gal\u00e1n y Gilbert Haffner<\/p>\n<p>(Actividad en franc\u00e9s)<\/p>\n<p><strong>HORA:<\/strong> 19.30 &#8211; 21.30<\/p>\n<p><strong>LUGAR:<\/strong> A23[\/vc_hoverbox][\/vc_column][\/vc_row][vc_row][vc_column][vc_empty_space height=\u00bb17px\u00bb][\/vc_column][\/vc_row][vc_row gap=\u00bb5&#8243;][vc_column width=\u00bb1\/3&#8243;][vc_hoverbox image=\u00bb14406&#8243; primary_title=\u00bb\u00bb hover_title=\u00bbConferencia y concierto\u00bb]<strong>Cultura de Ucrania<\/strong>, (Nelya Vitvitska) y concierto, con Natalia\u00a0Chechura, voz y bandura. (en espa\u00f1ol)<\/p>\n<p><strong>HORA<\/strong>: 18.00-20.00<\/p>\n<p><strong>LUGAR<\/strong>: Laboratorio 1[\/vc_hoverbox][\/vc_column][vc_column width=\u00bb1\/3&#8243;][vc_hoverbox image=\u00bb14405&#8243; primary_title=\u00bb\u00bb hover_title=\u00bbConcierto\u00bb]<b>Concierto de m\u00fasica brasile\u00f1a y taller de baile afrobrasile\u00f1o, samba <\/b>con <span style=\"font-weight: 400;\">Fernanda Tassia y Quim Ramos<\/span><\/p>\n<p><strong>HORA:<\/strong> 19.00-20.30<\/p>\n<p><strong>LUGAR:<\/strong> Jard\u00edn EOI[\/vc_hoverbox][\/vc_column][vc_column width=\u00bb1\/3&#8243;][vc_hoverbox image=\u00bb14400&#8243; primary_title=\u00bb\u00bb hover_title=\u00bbCine\u00bb]<strong>Proyecci\u00f3n del largometraje Strella. <\/strong>(VOSE)<\/p>\n<p><span style=\"font-weight: 400;\">Presentaci\u00f3n \u00c1lvaro Garc\u00eda Mar\u00edn, Universidad de M\u00e1laga. Actividad en espa\u00f1ol<\/span><\/p>\n<p><strong>HORA:<\/strong> 19.00-21.00<\/p>\n<p><strong>LUGAR:<\/strong> A34[\/vc_hoverbox][\/vc_column][\/vc_row][vc_row][vc_column][vc_empty_space height=\u00bb17px\u00bb][\/vc_column][\/vc_row][vc_row][vc_column width=\u00bb1\/3&#8243;][vc_hoverbox image=\u00bb14402&#8243; primary_title=\u00bb\u00bb hover_title=\u00bbCharla\u00bb]<b><i>I 100 gesti della lingua italiana<\/i><\/b><span style=\"font-weight: 400;\">, Simone Negrin (actor)<\/span><\/p>\n<p><strong>HORA:<\/strong> 19.30-21.30<\/p>\n<p><strong>LUGAR:<\/strong> Sal\u00f3n de actos[\/vc_hoverbox][\/vc_column][vc_column width=\u00bb1\/3&#8243;][\/vc_column][vc_column width=\u00bb1\/3&#8243;][\/vc_column][\/vc_row]<\/p>\n<\/div>","protected":false},"excerpt":{"rendered":"<p>[vc_row][vc_column][vc_single_image image=\u00bb14391&#8243; img_size=\u00bblarge\u00bb add_caption=\u00bbyes\u00bb alignment=\u00bbcenter\u00bb][\/vc_column][\/vc_row][vc_row][vc_column][vc_column_text] MARTES, D\u00cdA 19 ABRIL Actividades organizadas por departamentos [\/vc_column_text][vc_column_text] Descarga el programa completo del d\u00eda aqu\u00ed. [\/vc_column_text][\/vc_column][\/vc_row][vc_row gap=\u00bb5&#8243;][vc_column width=\u00bb1\/3&#8243;][vc_hoverbox image=\u00bb14395&#8243; primary_title=\u00bb\u00bb hover_title=\u00bbConcierto\u00bb]Totum Revolutum, nuestro alumnado toca, Concierto de piano, chelo, clarinete y violines. Composiciones de m\u00fasicas del mundo. HORA: 10.00 &#8211; 11.30 LUGAR: Sal\u00f3n de Actos[\/vc_hoverbox][\/vc_column][vc_column width=\u00bb1\/3&#8243;][vc_hoverbox image=\u00bb14395&#8243; primary_title=\u00bb\u00bb hover_title=\u00bbColoquio\u00bb]Coloquio [&hellip;]<\/p>\n","protected":false},"author":12,"featured_media":0,"parent":0,"menu_order":0,"comment_status":"closed","ping_status":"closed","template":"","meta":{"inline_featured_image":false,"footnotes":""},"categories":[91],"tags":[],"class_list":["post-14443","page","type-page","status-publish","hentry","category-50aniversario"],"yoast_head":"<!-- This site is optimized with the Yoast SEO plugin v26.5 - https:\/\/yoast.com\/wordpress\/plugins\/seo\/ -->\n<title>Martes19 - P\u00e1gina Oficial de la EOI de M\u00e1laga ::Los idiomas ponen el mundo a tus pies::<\/title>\n<meta name=\"robots\" content=\"index, follow, max-snippet:-1, max-image-preview:large, max-video-preview:-1\" \/>\n<link rel=\"canonical\" href=\"https:\/\/www.eoimalaga.com\/web\/martes19\/\" \/>\n<meta property=\"og:locale\" content=\"es_ES\" \/>\n<meta property=\"og:type\" content=\"article\" \/>\n<meta property=\"og:title\" content=\"Martes19 - P\u00e1gina Oficial de la EOI de M\u00e1laga ::Los idiomas ponen el mundo a tus pies::\" \/>\n<meta property=\"og:description\" content=\"[vc_row][vc_column][vc_single_image image=\u00bb14391&#8243; img_size=\u00bblarge\u00bb add_caption=\u00bbyes\u00bb alignment=\u00bbcenter\u00bb][\/vc_column][\/vc_row][vc_row][vc_column][vc_column_text] MARTES, D\u00cdA 19 ABRIL Actividades organizadas por departamentos [\/vc_column_text][vc_column_text] Descarga el programa completo del d\u00eda aqu\u00ed. [\/vc_column_text][\/vc_column][\/vc_row][vc_row gap=\u00bb5&#8243;][vc_column width=\u00bb1\/3&#8243;][vc_hoverbox image=\u00bb14395&#8243; primary_title=\u00bb\u00bb hover_title=\u00bbConcierto\u00bb]Totum Revolutum, nuestro alumnado toca, Concierto de piano, chelo, clarinete y violines. Composiciones de m\u00fasicas del mundo. HORA: 10.00 &#8211; 11.30 LUGAR: Sal\u00f3n de Actos[\/vc_hoverbox][\/vc_column][vc_column width=\u00bb1\/3&#8243;][vc_hoverbox image=\u00bb14395&#8243; primary_title=\u00bb\u00bb hover_title=\u00bbColoquio\u00bb]Coloquio [&hellip;]\" \/>\n<meta property=\"og:url\" content=\"https:\/\/www.eoimalaga.com\/web\/martes19\/\" \/>\n<meta property=\"og:site_name\" content=\"P\u00e1gina Oficial de la EOI de M\u00e1laga ::Los idiomas ponen el mundo a tus pies::\" \/>\n<meta property=\"article:modified_time\" content=\"2022-04-19T09:36:13+00:00\" \/>\n<meta name=\"twitter:card\" content=\"summary_large_image\" \/>\n<meta name=\"twitter:label1\" content=\"Tiempo de lectura\" \/>\n\t<meta name=\"twitter:data1\" content=\"2 minutos\" \/>\n<script type=\"application\/ld+json\" class=\"yoast-schema-graph\">{\"@context\":\"https:\/\/schema.org\",\"@graph\":[{\"@type\":\"WebPage\",\"@id\":\"https:\/\/www.eoimalaga.com\/web\/martes19\/\",\"url\":\"https:\/\/www.eoimalaga.com\/web\/martes19\/\",\"name\":\"Martes19 - P\u00e1gina Oficial de la EOI de M\u00e1laga ::Los idiomas ponen el mundo a tus pies::\",\"isPartOf\":{\"@id\":\"https:\/\/www.eoimalaga.com\/web\/#website\"},\"datePublished\":\"2022-03-21T18:33:42+00:00\",\"dateModified\":\"2022-04-19T09:36:13+00:00\",\"breadcrumb\":{\"@id\":\"https:\/\/www.eoimalaga.com\/web\/martes19\/#breadcrumb\"},\"inLanguage\":\"es\",\"potentialAction\":[{\"@type\":\"ReadAction\",\"target\":[\"https:\/\/www.eoimalaga.com\/web\/martes19\/\"]}]},{\"@type\":\"BreadcrumbList\",\"@id\":\"https:\/\/www.eoimalaga.com\/web\/martes19\/#breadcrumb\",\"itemListElement\":[{\"@type\":\"ListItem\",\"position\":1,\"name\":\"Home\",\"item\":\"https:\/\/www.eoimalaga.com\/web\/\"},{\"@type\":\"ListItem\",\"position\":2,\"name\":\"Martes19\"}]},{\"@type\":\"WebSite\",\"@id\":\"https:\/\/www.eoimalaga.com\/web\/#website\",\"url\":\"https:\/\/www.eoimalaga.com\/web\/\",\"name\":\"P\u00e1gina Oficial de la EOI de M\u00e1laga ::Los idiomas ponen el mundo a tus pies::\",\"description\":\"EOI M\u00e1laga\",\"potentialAction\":[{\"@type\":\"SearchAction\",\"target\":{\"@type\":\"EntryPoint\",\"urlTemplate\":\"https:\/\/www.eoimalaga.com\/web\/?s={search_term_string}\"},\"query-input\":{\"@type\":\"PropertyValueSpecification\",\"valueRequired\":true,\"valueName\":\"search_term_string\"}}],\"inLanguage\":\"es\"}]}<\/script>\n<!-- \/ Yoast SEO plugin. -->","yoast_head_json":{"title":"Martes19 - P\u00e1gina Oficial de la EOI de M\u00e1laga ::Los idiomas ponen el mundo a tus pies::","robots":{"index":"index","follow":"follow","max-snippet":"max-snippet:-1","max-image-preview":"max-image-preview:large","max-video-preview":"max-video-preview:-1"},"canonical":"https:\/\/www.eoimalaga.com\/web\/martes19\/","og_locale":"es_ES","og_type":"article","og_title":"Martes19 - P\u00e1gina Oficial de la EOI de M\u00e1laga ::Los idiomas ponen el mundo a tus pies::","og_description":"[vc_row][vc_column][vc_single_image image=\u00bb14391&#8243; img_size=\u00bblarge\u00bb add_caption=\u00bbyes\u00bb alignment=\u00bbcenter\u00bb][\/vc_column][\/vc_row][vc_row][vc_column][vc_column_text] MARTES, D\u00cdA 19 ABRIL Actividades organizadas por departamentos [\/vc_column_text][vc_column_text] Descarga el programa completo del d\u00eda aqu\u00ed. [\/vc_column_text][\/vc_column][\/vc_row][vc_row gap=\u00bb5&#8243;][vc_column width=\u00bb1\/3&#8243;][vc_hoverbox image=\u00bb14395&#8243; primary_title=\u00bb\u00bb hover_title=\u00bbConcierto\u00bb]Totum Revolutum, nuestro alumnado toca, Concierto de piano, chelo, clarinete y violines. Composiciones de m\u00fasicas del mundo. HORA: 10.00 &#8211; 11.30 LUGAR: Sal\u00f3n de Actos[\/vc_hoverbox][\/vc_column][vc_column width=\u00bb1\/3&#8243;][vc_hoverbox image=\u00bb14395&#8243; primary_title=\u00bb\u00bb hover_title=\u00bbColoquio\u00bb]Coloquio [&hellip;]","og_url":"https:\/\/www.eoimalaga.com\/web\/martes19\/","og_site_name":"P\u00e1gina Oficial de la EOI de M\u00e1laga ::Los idiomas ponen el mundo a tus pies::","article_modified_time":"2022-04-19T09:36:13+00:00","twitter_card":"summary_large_image","twitter_misc":{"Tiempo de lectura":"2 minutos"},"schema":{"@context":"https:\/\/schema.org","@graph":[{"@type":"WebPage","@id":"https:\/\/www.eoimalaga.com\/web\/martes19\/","url":"https:\/\/www.eoimalaga.com\/web\/martes19\/","name":"Martes19 - P\u00e1gina Oficial de la EOI de M\u00e1laga ::Los idiomas ponen el mundo a tus pies::","isPartOf":{"@id":"https:\/\/www.eoimalaga.com\/web\/#website"},"datePublished":"2022-03-21T18:33:42+00:00","dateModified":"2022-04-19T09:36:13+00:00","breadcrumb":{"@id":"https:\/\/www.eoimalaga.com\/web\/martes19\/#breadcrumb"},"inLanguage":"es","potentialAction":[{"@type":"ReadAction","target":["https:\/\/www.eoimalaga.com\/web\/martes19\/"]}]},{"@type":"BreadcrumbList","@id":"https:\/\/www.eoimalaga.com\/web\/martes19\/#breadcrumb","itemListElement":[{"@type":"ListItem","position":1,"name":"Home","item":"https:\/\/www.eoimalaga.com\/web\/"},{"@type":"ListItem","position":2,"name":"Martes19"}]},{"@type":"WebSite","@id":"https:\/\/www.eoimalaga.com\/web\/#website","url":"https:\/\/www.eoimalaga.com\/web\/","name":"P\u00e1gina Oficial de la EOI de M\u00e1laga ::Los idiomas ponen el mundo a tus pies::","description":"EOI M\u00e1laga","potentialAction":[{"@type":"SearchAction","target":{"@type":"EntryPoint","urlTemplate":"https:\/\/www.eoimalaga.com\/web\/?s={search_term_string}"},"query-input":{"@type":"PropertyValueSpecification","valueRequired":true,"valueName":"search_term_string"}}],"inLanguage":"es"}]}},"_links":{"self":[{"href":"https:\/\/www.eoimalaga.com\/web\/wp-json\/wp\/v2\/pages\/14443","targetHints":{"allow":["GET"]}}],"collection":[{"href":"https:\/\/www.eoimalaga.com\/web\/wp-json\/wp\/v2\/pages"}],"about":[{"href":"https:\/\/www.eoimalaga.com\/web\/wp-json\/wp\/v2\/types\/page"}],"author":[{"embeddable":true,"href":"https:\/\/www.eoimalaga.com\/web\/wp-json\/wp\/v2\/users\/12"}],"replies":[{"embeddable":true,"href":"https:\/\/www.eoimalaga.com\/web\/wp-json\/wp\/v2\/comments?post=14443"}],"version-history":[{"count":39,"href":"https:\/\/www.eoimalaga.com\/web\/wp-json\/wp\/v2\/pages\/14443\/revisions"}],"predecessor-version":[{"id":14995,"href":"https:\/\/www.eoimalaga.com\/web\/wp-json\/wp\/v2\/pages\/14443\/revisions\/14995"}],"wp:attachment":[{"href":"https:\/\/www.eoimalaga.com\/web\/wp-json\/wp\/v2\/media?parent=14443"}],"wp:term":[{"taxonomy":"category","embeddable":true,"href":"https:\/\/www.eoimalaga.com\/web\/wp-json\/wp\/v2\/categories?post=14443"},{"taxonomy":"post_tag","embeddable":true,"href":"https:\/\/www.eoimalaga.com\/web\/wp-json\/wp\/v2\/tags?post=14443"}],"curies":[{"name":"wp","href":"https:\/\/api.w.org\/{rel}","templated":true}]}}