{"id":14081,"date":"2022-01-25T14:24:10","date_gmt":"2022-01-25T12:24:10","guid":{"rendered":"https:\/\/www.eoimalaga.com\/web\/?page_id=14081"},"modified":"2023-05-18T17:41:05","modified_gmt":"2023-05-18T15:41:05","slug":"curso-actual","status":"publish","type":"page","link":"https:\/\/www.eoimalaga.com\/web\/curso-actual\/","title":{"rendered":"CURSO ACTUAL"},"content":{"rendered":"<div class=\"wpb-content-wrapper\"><p>[vc_row][vc_column][vc_single_image image=\u00bb14091&#8243; img_size=\u00bbfull\u00bb alignment=\u00bbcenter\u00bb][\/vc_column][\/vc_row][vc_row][vc_column][vc_column_text]<\/p>\n<h1 style=\"text-align: center;\"><span style=\"font-size: 36pt;\">CURSOS 21\/23<\/span><\/h1>\n<p>[\/vc_column_text][\/vc_column][\/vc_row][vc_row full_width=\u00bbstretch_row\u00bb css=\u00bb.vc_custom_1643112902626{margin-bottom: 0px !important;padding-bottom: 40px !important;background-color: #ffffff !important;}\u00bb][vc_column][vc_row_inner equal_height=\u00bbyes\u00bb content_placement=\u00bbmiddle\u00bb gap=\u00bb10&#8243;][vc_column_inner width=\u00bb1\/4&#8243; css=\u00bb.vc_custom_1648469593134{background-color: #134984 !important;}\u00bb][vc_column_text]<\/p>\n<h1><\/h1>\n<h1 style=\"text-align: center;\"><span style=\"color: #ffffff;\"><a style=\"color: #ffffff;\" href=\"https:\/\/www.eoimalaga.com\/web\/a1_vivir\/\" target=\"_blank\" rel=\"noopener noreferrer\">A1<\/a><\/span><\/h1>\n<p>[\/vc_column_text][\/vc_column_inner][vc_column_inner width=\u00bb1\/4&#8243; css=\u00bb.vc_custom_1648469624261{background-color: #134984 !important;}\u00bb][vc_column_text css=\u00bb.vc_custom_1648469676104{background-color: 134984 !important;}\u00bb]<\/p>\n<h1><\/h1>\n<h1 style=\"text-align: center;\"><span style=\"background-color: #134984; color: #ffffff;\"><a style=\"background-color: #134984; color: #ffffff;\" href=\"https:\/\/www.eoimalaga.com\/web\/a2_vivir\/\" target=\"_blank\" rel=\"noopener noreferrer\">A2<\/a><\/span><\/h1>\n<p>[\/vc_column_text][\/vc_column_inner][vc_column_inner width=\u00bb1\/4&#8243; css=\u00bb.vc_custom_1648469697005{background-color: #134984 !important;}\u00bb][vc_column_text]<\/p>\n<h1><\/h1>\n<h1 style=\"text-align: center;\"><span style=\"color: #ffffff;\"><a style=\"color: #ffffff;\" href=\"https:\/\/www.eoimalaga.com\/web\/b1_vivir\/\" target=\"_blank\" rel=\"noopener noreferrer\">B1<\/a><\/span><\/h1>\n<p>[\/vc_column_text][\/vc_column_inner][vc_column_inner width=\u00bb1\/4&#8243; css=\u00bb.vc_custom_1648469715301{background-color: #134984 !important;}\u00bb][vc_column_text]<\/p>\n<h1><\/h1>\n<h1 style=\"text-align: center;\"><span style=\"color: #ffffff;\"><a style=\"color: #ffffff;\" href=\"https:\/\/www.eoimalaga.com\/web\/b2-1_vivir\/\" target=\"_blank\" rel=\"noopener noreferrer\">B2.1<\/a><\/span><\/h1>\n<p>[\/vc_column_text][\/vc_column_inner][\/vc_row_inner][\/vc_column][\/vc_row][vc_row][vc_column][vc_row_inner equal_height=\u00bbyes\u00bb content_placement=\u00bbmiddle\u00bb gap=\u00bb10&#8243;][vc_column_inner width=\u00bb1\/4&#8243; css=\u00bb.vc_custom_1648469725181{background-color: #134984 !important;}\u00bb][vc_column_text]<\/p>\n<h1><\/h1>\n<h1 style=\"text-align: center;\"><span style=\"color: #ffffff;\"><a style=\"color: #ffffff;\" href=\"https:\/\/www.eoimalaga.com\/web\/b2_vivir\/\" target=\"_blank\" rel=\"noopener noreferrer\">B2<\/a><\/span><\/h1>\n<p>[\/vc_column_text][\/vc_column_inner][vc_column_inner width=\u00bb1\/4&#8243; css=\u00bb.vc_custom_1648469738261{background-color: #134984 !important;}\u00bb][vc_column_text css=\u00bb.vc_custom_1648469821246{background-color: #134984 !important;}\u00bb]<\/p>\n<h1><\/h1>\n<h1 style=\"text-align: center;\"><span style=\"color: #ffffff;\"><a style=\"color: #ffffff;\" href=\"https:\/\/www.eoimalaga.com\/web\/c1-1_vivir\/\" target=\"_blank\" rel=\"noopener noreferrer\">C1.1<\/a><\/span><\/h1>\n<p>[\/vc_column_text][\/vc_column_inner][vc_column_inner width=\u00bb1\/4&#8243; css=\u00bb.vc_custom_1683278881730{background-color: #134984 !important;}\u00bb][vc_column_text css=\u00bb.vc_custom_1684424463622{background-color: #134984 !important;}\u00bb]<\/p>\n<h1><\/h1>\n<h1 style=\"text-align: center;\"><a href=\"https:\/\/www.eoimalaga.com\/web\/c2_vivir\/\" target=\"_blank\" rel=\"noopener noreferrer\"><span style=\"color: #ffffff;\">C2<\/span><\/a><\/h1>\n<p>[\/vc_column_text][\/vc_column_inner][\/vc_row_inner][\/vc_column][\/vc_row]<\/p>\n<\/div>","protected":false},"excerpt":{"rendered":"<p>[vc_row][vc_column][vc_single_image image=\u00bb14091&#8243; img_size=\u00bbfull\u00bb alignment=\u00bbcenter\u00bb][\/vc_column][\/vc_row][vc_row][vc_column][vc_column_text] CURSOS 21\/23 [\/vc_column_text][\/vc_column][\/vc_row][vc_row full_width=\u00bbstretch_row\u00bb css=\u00bb.vc_custom_1643112902626{margin-bottom: 0px !important;padding-bottom: 40px !important;background-color: #ffffff !important;}\u00bb][vc_column][vc_row_inner equal_height=\u00bbyes\u00bb content_placement=\u00bbmiddle\u00bb gap=\u00bb10&#8243;][vc_column_inner width=\u00bb1\/4&#8243; css=\u00bb.vc_custom_1648469593134{background-color: #134984 !important;}\u00bb][vc_column_text] A1 [\/vc_column_text][\/vc_column_inner][vc_column_inner width=\u00bb1\/4&#8243; css=\u00bb.vc_custom_1648469624261{background-color: #134984 !important;}\u00bb][vc_column_text css=\u00bb.vc_custom_1648469676104{background-color: 134984 !important;}\u00bb] A2 [\/vc_column_text][\/vc_column_inner][vc_column_inner width=\u00bb1\/4&#8243; css=\u00bb.vc_custom_1648469697005{background-color: #134984 !important;}\u00bb][vc_column_text] B1 [\/vc_column_text][\/vc_column_inner][vc_column_inner width=\u00bb1\/4&#8243; css=\u00bb.vc_custom_1648469715301{background-color: #134984 !important;}\u00bb][vc_column_text] B2.1 [\/vc_column_text][\/vc_column_inner][\/vc_row_inner][\/vc_column][\/vc_row][vc_row][vc_column][vc_row_inner equal_height=\u00bbyes\u00bb content_placement=\u00bbmiddle\u00bb gap=\u00bb10&#8243;][vc_column_inner width=\u00bb1\/4&#8243; css=\u00bb.vc_custom_1648469725181{background-color: #134984 !important;}\u00bb][vc_column_text] B2 [\/vc_column_text][\/vc_column_inner][vc_column_inner width=\u00bb1\/4&#8243; [&hellip;]<\/p>\n","protected":false},"author":15,"featured_media":0,"parent":0,"menu_order":0,"comment_status":"closed","ping_status":"closed","template":"","meta":{"inline_featured_image":false,"footnotes":""},"categories":[90],"tags":[],"class_list":["post-14081","page","type-page","status-publish","hentry","category-patrimonio"],"yoast_head":"<!-- This site is optimized with the Yoast SEO plugin v26.5 - https:\/\/yoast.com\/wordpress\/plugins\/seo\/ -->\n<title>CURSO ACTUAL - P\u00e1gina Oficial de la EOI de M\u00e1laga ::Los idiomas ponen el mundo a tus pies::<\/title>\n<meta name=\"robots\" content=\"index, follow, max-snippet:-1, max-image-preview:large, max-video-preview:-1\" \/>\n<link rel=\"canonical\" href=\"https:\/\/www.eoimalaga.com\/web\/curso-actual\/\" \/>\n<meta property=\"og:locale\" content=\"es_ES\" \/>\n<meta property=\"og:type\" content=\"article\" \/>\n<meta property=\"og:title\" content=\"CURSO ACTUAL - P\u00e1gina Oficial de la EOI de M\u00e1laga ::Los idiomas ponen el mundo a tus pies::\" \/>\n<meta property=\"og:description\" content=\"[vc_row][vc_column][vc_single_image image=\u00bb14091&#8243; img_size=\u00bbfull\u00bb alignment=\u00bbcenter\u00bb][\/vc_column][\/vc_row][vc_row][vc_column][vc_column_text] CURSOS 21\/23 [\/vc_column_text][\/vc_column][\/vc_row][vc_row full_width=\u00bbstretch_row\u00bb css=\u00bb.vc_custom_1643112902626{margin-bottom: 0px !important;padding-bottom: 40px !important;background-color: #ffffff !important;}\u00bb][vc_column][vc_row_inner equal_height=\u00bbyes\u00bb content_placement=\u00bbmiddle\u00bb gap=\u00bb10&#8243;][vc_column_inner width=\u00bb1\/4&#8243; css=\u00bb.vc_custom_1648469593134{background-color: #134984 !important;}\u00bb][vc_column_text] A1 [\/vc_column_text][\/vc_column_inner][vc_column_inner width=\u00bb1\/4&#8243; css=\u00bb.vc_custom_1648469624261{background-color: #134984 !important;}\u00bb][vc_column_text css=\u00bb.vc_custom_1648469676104{background-color: 134984 !important;}\u00bb] A2 [\/vc_column_text][\/vc_column_inner][vc_column_inner width=\u00bb1\/4&#8243; css=\u00bb.vc_custom_1648469697005{background-color: #134984 !important;}\u00bb][vc_column_text] B1 [\/vc_column_text][\/vc_column_inner][vc_column_inner width=\u00bb1\/4&#8243; css=\u00bb.vc_custom_1648469715301{background-color: #134984 !important;}\u00bb][vc_column_text] B2.1 [\/vc_column_text][\/vc_column_inner][\/vc_row_inner][\/vc_column][\/vc_row][vc_row][vc_column][vc_row_inner equal_height=\u00bbyes\u00bb content_placement=\u00bbmiddle\u00bb gap=\u00bb10&#8243;][vc_column_inner width=\u00bb1\/4&#8243; css=\u00bb.vc_custom_1648469725181{background-color: #134984 !important;}\u00bb][vc_column_text] B2 [\/vc_column_text][\/vc_column_inner][vc_column_inner width=\u00bb1\/4&#8243; [&hellip;]\" \/>\n<meta property=\"og:url\" content=\"https:\/\/www.eoimalaga.com\/web\/curso-actual\/\" \/>\n<meta property=\"og:site_name\" content=\"P\u00e1gina Oficial de la EOI de M\u00e1laga ::Los idiomas ponen el mundo a tus pies::\" \/>\n<meta property=\"article:modified_time\" content=\"2023-05-18T15:41:05+00:00\" \/>\n<meta name=\"twitter:card\" content=\"summary_large_image\" \/>\n<meta name=\"twitter:label1\" content=\"Tiempo de lectura\" \/>\n\t<meta name=\"twitter:data1\" content=\"1 minuto\" \/>\n<script type=\"application\/ld+json\" class=\"yoast-schema-graph\">{\"@context\":\"https:\/\/schema.org\",\"@graph\":[{\"@type\":\"WebPage\",\"@id\":\"https:\/\/www.eoimalaga.com\/web\/curso-actual\/\",\"url\":\"https:\/\/www.eoimalaga.com\/web\/curso-actual\/\",\"name\":\"CURSO ACTUAL - P\u00e1gina Oficial de la EOI de M\u00e1laga ::Los idiomas ponen el mundo a tus pies::\",\"isPartOf\":{\"@id\":\"https:\/\/www.eoimalaga.com\/web\/#website\"},\"datePublished\":\"2022-01-25T12:24:10+00:00\",\"dateModified\":\"2023-05-18T15:41:05+00:00\",\"breadcrumb\":{\"@id\":\"https:\/\/www.eoimalaga.com\/web\/curso-actual\/#breadcrumb\"},\"inLanguage\":\"es\",\"potentialAction\":[{\"@type\":\"ReadAction\",\"target\":[\"https:\/\/www.eoimalaga.com\/web\/curso-actual\/\"]}]},{\"@type\":\"BreadcrumbList\",\"@id\":\"https:\/\/www.eoimalaga.com\/web\/curso-actual\/#breadcrumb\",\"itemListElement\":[{\"@type\":\"ListItem\",\"position\":1,\"name\":\"Home\",\"item\":\"https:\/\/www.eoimalaga.com\/web\/\"},{\"@type\":\"ListItem\",\"position\":2,\"name\":\"CURSO ACTUAL\"}]},{\"@type\":\"WebSite\",\"@id\":\"https:\/\/www.eoimalaga.com\/web\/#website\",\"url\":\"https:\/\/www.eoimalaga.com\/web\/\",\"name\":\"P\u00e1gina Oficial de la EOI de M\u00e1laga ::Los idiomas ponen el mundo a tus pies::\",\"description\":\"EOI M\u00e1laga\",\"potentialAction\":[{\"@type\":\"SearchAction\",\"target\":{\"@type\":\"EntryPoint\",\"urlTemplate\":\"https:\/\/www.eoimalaga.com\/web\/?s={search_term_string}\"},\"query-input\":{\"@type\":\"PropertyValueSpecification\",\"valueRequired\":true,\"valueName\":\"search_term_string\"}}],\"inLanguage\":\"es\"}]}<\/script>\n<!-- \/ Yoast SEO plugin. -->","yoast_head_json":{"title":"CURSO ACTUAL - P\u00e1gina Oficial de la EOI de M\u00e1laga ::Los idiomas ponen el mundo a tus pies::","robots":{"index":"index","follow":"follow","max-snippet":"max-snippet:-1","max-image-preview":"max-image-preview:large","max-video-preview":"max-video-preview:-1"},"canonical":"https:\/\/www.eoimalaga.com\/web\/curso-actual\/","og_locale":"es_ES","og_type":"article","og_title":"CURSO ACTUAL - P\u00e1gina Oficial de la EOI de M\u00e1laga ::Los idiomas ponen el mundo a tus pies::","og_description":"[vc_row][vc_column][vc_single_image image=\u00bb14091&#8243; img_size=\u00bbfull\u00bb alignment=\u00bbcenter\u00bb][\/vc_column][\/vc_row][vc_row][vc_column][vc_column_text] CURSOS 21\/23 [\/vc_column_text][\/vc_column][\/vc_row][vc_row full_width=\u00bbstretch_row\u00bb css=\u00bb.vc_custom_1643112902626{margin-bottom: 0px !important;padding-bottom: 40px !important;background-color: #ffffff !important;}\u00bb][vc_column][vc_row_inner equal_height=\u00bbyes\u00bb content_placement=\u00bbmiddle\u00bb gap=\u00bb10&#8243;][vc_column_inner width=\u00bb1\/4&#8243; css=\u00bb.vc_custom_1648469593134{background-color: #134984 !important;}\u00bb][vc_column_text] A1 [\/vc_column_text][\/vc_column_inner][vc_column_inner width=\u00bb1\/4&#8243; css=\u00bb.vc_custom_1648469624261{background-color: #134984 !important;}\u00bb][vc_column_text css=\u00bb.vc_custom_1648469676104{background-color: 134984 !important;}\u00bb] A2 [\/vc_column_text][\/vc_column_inner][vc_column_inner width=\u00bb1\/4&#8243; css=\u00bb.vc_custom_1648469697005{background-color: #134984 !important;}\u00bb][vc_column_text] B1 [\/vc_column_text][\/vc_column_inner][vc_column_inner width=\u00bb1\/4&#8243; css=\u00bb.vc_custom_1648469715301{background-color: #134984 !important;}\u00bb][vc_column_text] B2.1 [\/vc_column_text][\/vc_column_inner][\/vc_row_inner][\/vc_column][\/vc_row][vc_row][vc_column][vc_row_inner equal_height=\u00bbyes\u00bb content_placement=\u00bbmiddle\u00bb gap=\u00bb10&#8243;][vc_column_inner width=\u00bb1\/4&#8243; css=\u00bb.vc_custom_1648469725181{background-color: #134984 !important;}\u00bb][vc_column_text] B2 [\/vc_column_text][\/vc_column_inner][vc_column_inner width=\u00bb1\/4&#8243; [&hellip;]","og_url":"https:\/\/www.eoimalaga.com\/web\/curso-actual\/","og_site_name":"P\u00e1gina Oficial de la EOI de M\u00e1laga ::Los idiomas ponen el mundo a tus pies::","article_modified_time":"2023-05-18T15:41:05+00:00","twitter_card":"summary_large_image","twitter_misc":{"Tiempo de lectura":"1 minuto"},"schema":{"@context":"https:\/\/schema.org","@graph":[{"@type":"WebPage","@id":"https:\/\/www.eoimalaga.com\/web\/curso-actual\/","url":"https:\/\/www.eoimalaga.com\/web\/curso-actual\/","name":"CURSO ACTUAL - P\u00e1gina Oficial de la EOI de M\u00e1laga ::Los idiomas ponen el mundo a tus pies::","isPartOf":{"@id":"https:\/\/www.eoimalaga.com\/web\/#website"},"datePublished":"2022-01-25T12:24:10+00:00","dateModified":"2023-05-18T15:41:05+00:00","breadcrumb":{"@id":"https:\/\/www.eoimalaga.com\/web\/curso-actual\/#breadcrumb"},"inLanguage":"es","potentialAction":[{"@type":"ReadAction","target":["https:\/\/www.eoimalaga.com\/web\/curso-actual\/"]}]},{"@type":"BreadcrumbList","@id":"https:\/\/www.eoimalaga.com\/web\/curso-actual\/#breadcrumb","itemListElement":[{"@type":"ListItem","position":1,"name":"Home","item":"https:\/\/www.eoimalaga.com\/web\/"},{"@type":"ListItem","position":2,"name":"CURSO ACTUAL"}]},{"@type":"WebSite","@id":"https:\/\/www.eoimalaga.com\/web\/#website","url":"https:\/\/www.eoimalaga.com\/web\/","name":"P\u00e1gina Oficial de la EOI de M\u00e1laga ::Los idiomas ponen el mundo a tus pies::","description":"EOI M\u00e1laga","potentialAction":[{"@type":"SearchAction","target":{"@type":"EntryPoint","urlTemplate":"https:\/\/www.eoimalaga.com\/web\/?s={search_term_string}"},"query-input":{"@type":"PropertyValueSpecification","valueRequired":true,"valueName":"search_term_string"}}],"inLanguage":"es"}]}},"_links":{"self":[{"href":"https:\/\/www.eoimalaga.com\/web\/wp-json\/wp\/v2\/pages\/14081","targetHints":{"allow":["GET"]}}],"collection":[{"href":"https:\/\/www.eoimalaga.com\/web\/wp-json\/wp\/v2\/pages"}],"about":[{"href":"https:\/\/www.eoimalaga.com\/web\/wp-json\/wp\/v2\/types\/page"}],"author":[{"embeddable":true,"href":"https:\/\/www.eoimalaga.com\/web\/wp-json\/wp\/v2\/users\/15"}],"replies":[{"embeddable":true,"href":"https:\/\/www.eoimalaga.com\/web\/wp-json\/wp\/v2\/comments?post=14081"}],"version-history":[{"count":44,"href":"https:\/\/www.eoimalaga.com\/web\/wp-json\/wp\/v2\/pages\/14081\/revisions"}],"predecessor-version":[{"id":17002,"href":"https:\/\/www.eoimalaga.com\/web\/wp-json\/wp\/v2\/pages\/14081\/revisions\/17002"}],"wp:attachment":[{"href":"https:\/\/www.eoimalaga.com\/web\/wp-json\/wp\/v2\/media?parent=14081"}],"wp:term":[{"taxonomy":"category","embeddable":true,"href":"https:\/\/www.eoimalaga.com\/web\/wp-json\/wp\/v2\/categories?post=14081"},{"taxonomy":"post_tag","embeddable":true,"href":"https:\/\/www.eoimalaga.com\/web\/wp-json\/wp\/v2\/tags?post=14081"}],"curies":[{"name":"wp","href":"https:\/\/api.w.org\/{rel}","templated":true}]}}