{"id":10774,"date":"2022-03-21T14:18:24","date_gmt":"2022-03-21T12:18:24","guid":{"rendered":"https:\/\/www.eoimalaga.com\/web\/?page_id=10774"},"modified":"2022-04-19T11:30:20","modified_gmt":"2022-04-19T09:30:20","slug":"programa-50-aniversario","status":"publish","type":"page","link":"https:\/\/www.eoimalaga.com\/web\/programa-50-aniversario\/","title":{"rendered":"lunes18"},"content":{"rendered":"<div class=\"wpb-content-wrapper\"><p>[vc_row][vc_column][vc_single_image image=\u00bb14391&#8243; img_size=\u00bblarge\u00bb add_caption=\u00bbyes\u00bb alignment=\u00bbcenter\u00bb][\/vc_column][\/vc_row][vc_row][vc_column][vc_column_text]<\/p>\n<h1 style=\"text-align: center;\">LUNES, D\u00cdA 18 ABRIL<\/h1>\n<h4 style=\"text-align: center;\">Actividades organizadas por departamento<\/h4>\n<p>[\/vc_column_text][vc_column_text]<\/p>\n<p style=\"text-align: center;\"><strong>Descarga el programa completo del d\u00eda <a href=\"https:\/\/www.eoimalaga.com\/web\/wp-content\/uploads\/2022\/04\/lunes_v3.jpg\" target=\"_blank\" rel=\"noopener noreferrer\">aqu\u00ed<\/a>.<\/strong><\/p>\n<p>[\/vc_column_text][\/vc_column][\/vc_row][vc_row gap=\u00bb5&#8243;][vc_column width=\u00bb1\/3&#8243;][vc_hoverbox image=\u00bb14401&#8243; primary_title=\u00bb\u00bb hover_title=\u00bbConferencia\u00bb]<b><i>Women in English Literature <\/i><\/b><i><span style=\"font-weight: 400;\">(lives, gossip and anecdotes)<\/span><\/i><span style=\"font-weight: 400;\">, Diego Nieto Marc\u00f3.<\/span><\/p>\n<p><strong>HORA<\/strong>: <span style=\"font-weight: 400;\">11.30 &#8211; 13.00<\/span><\/p>\n<p><strong>LUGAR<\/strong>: Sal\u00f3n de Actos[\/vc_hoverbox][\/vc_column][vc_column width=\u00bb1\/3&#8243;][vc_hoverbox image=\u00bb14396&#8243; primary_title=\u00bb\u00bb hover_title=\u00bbExposici\u00f3n\u00bb]<em><strong>Una parte de tu historia<\/strong><\/em>, exposici\u00f3n de personalidades de Al-Andalus y concurso.<\/p>\n<p>con la Asociaci\u00f3n Marroqu\u00ed para la Integraci\u00f3n de los Inmigrantes<\/p>\n<p><strong>HORA<\/strong>: 16.30<\/p>\n<p><strong>LUGAR<\/strong>: Hall de la escuela[\/vc_hoverbox][\/vc_column][vc_column width=\u00bb1\/3&#8243;][vc_hoverbox image=\u00bb14406&#8243; primary_title=\u00bb\u00bb hover_title=\u00bbTaller\u00bb]<b>Taller de pintura decorativa <\/b><b><i>Gzhel<\/i><\/b><b>,<\/b><span style=\"font-weight: 400;\"> Yulia Smagina Y Svetlana Dalaloyan<\/span><\/p>\n<p><span style=\"font-weight: 400;\">Actividad en espa\u00f1ol<\/span><\/p>\n<p><strong>HORA:<\/strong> 17.30 &#8211; 20.00<\/p>\n<p><strong>LUGAR<\/strong>: Aula B02[\/vc_hoverbox][\/vc_column][\/vc_row][vc_row][vc_column][vc_empty_space height=\u00bb17px\u00bb][\/vc_column][\/vc_row][vc_row gap=\u00bb5&#8243;][vc_column width=\u00bb1\/3&#8243;][vc_hoverbox image=\u00bb14401&#8243; primary_title=\u00bb\u00bb hover_title=\u00bbMesa redonda\u00bb]<b><i>Open Round Table: learning English at EOI M\u00e1laga<\/i><\/b><i><span style=\"font-weight: 400;\">. Fifty years of experiences.<\/span><\/i><\/p>\n<p><span style=\"font-weight: 400;\">Con Josefa Garc\u00eda, Rosario Arias, Antonio Jos\u00e9 Bandera, Lola del Pino, Sonia Torres<\/span><span style=\"font-weight: 400;\">.<\/span><\/p>\n<p><strong>HORA<\/strong>: 17.30 &#8211; 19.00<\/p>\n<p><strong>LUGAR:<\/strong> B04[\/vc_hoverbox][\/vc_column][vc_column width=\u00bb1\/3&#8243;][vc_hoverbox image=\u00bb14404&#8243; primary_title=\u00bb\u00bb hover_title=\u00bbConcierto\u00bb]<b>Concierto musical piano y flauta de Bandas sonoras<\/b><span style=\"font-weight: 400;\">, a cargo de Sara Calvo y Jos\u00e9 Sntonio Tom\u00e9.<\/span><\/p>\n<p><strong>HORA:<\/strong> 20.00 &#8211; 21.00<\/p>\n<p><strong>LUGAR:<\/strong> Sal\u00f3n de Actos[\/vc_hoverbox][\/vc_column][vc_column width=\u00bb1\/3&#8243;][vc_hoverbox image=\u00bb14398&#8243; primary_title=\u00bb\u00bb hover_title=\u00bbVideocreaci\u00f3n\u00bb]<b>\u00bfQu\u00e9 te ha aportado estudiar en la EOI?<\/b><\/p>\n<p><span style=\"font-weight: 400;\">V\u00eddeo con testimonios del alumnado. Inauguraci\u00f3n. <\/span><\/p>\n<p><span style=\"font-weight: 400;\">A cargo de M\u00f3nica Prieto.<\/span><\/p>\n<p><strong>LUGAR:<\/strong> Pantallas del centro, p\u00e1gina web[\/vc_hoverbox][\/vc_column][\/vc_row]<\/p>\n<\/div>","protected":false},"excerpt":{"rendered":"<p>[vc_row][vc_column][vc_single_image image=\u00bb14391&#8243; img_size=\u00bblarge\u00bb add_caption=\u00bbyes\u00bb alignment=\u00bbcenter\u00bb][\/vc_column][\/vc_row][vc_row][vc_column][vc_column_text] LUNES, D\u00cdA 18 ABRIL Actividades organizadas por departamento [\/vc_column_text][vc_column_text] Descarga el programa completo del d\u00eda aqu\u00ed. [\/vc_column_text][\/vc_column][\/vc_row][vc_row gap=\u00bb5&#8243;][vc_column width=\u00bb1\/3&#8243;][vc_hoverbox image=\u00bb14401&#8243; primary_title=\u00bb\u00bb hover_title=\u00bbConferencia\u00bb]Women in English Literature (lives, gossip and anecdotes), Diego Nieto Marc\u00f3. HORA: 11.30 &#8211; 13.00 LUGAR: Sal\u00f3n de Actos[\/vc_hoverbox][\/vc_column][vc_column width=\u00bb1\/3&#8243;][vc_hoverbox image=\u00bb14396&#8243; primary_title=\u00bb\u00bb hover_title=\u00bbExposici\u00f3n\u00bb]Una parte de tu historia, exposici\u00f3n de [&hellip;]<\/p>\n","protected":false},"author":12,"featured_media":0,"parent":0,"menu_order":0,"comment_status":"closed","ping_status":"closed","template":"","meta":{"inline_featured_image":false,"footnotes":""},"categories":[91],"tags":[],"class_list":["post-10774","page","type-page","status-publish","hentry","category-50aniversario"],"yoast_head":"<!-- This site is optimized with the Yoast SEO plugin v26.5 - https:\/\/yoast.com\/wordpress\/plugins\/seo\/ -->\n<title>lunes18 - P\u00e1gina Oficial de la EOI de M\u00e1laga ::Los idiomas ponen el mundo a tus pies::<\/title>\n<meta name=\"robots\" content=\"index, follow, max-snippet:-1, max-image-preview:large, max-video-preview:-1\" \/>\n<link rel=\"canonical\" href=\"https:\/\/www.eoimalaga.com\/web\/programa-50-aniversario\/\" \/>\n<meta property=\"og:locale\" content=\"es_ES\" \/>\n<meta property=\"og:type\" content=\"article\" \/>\n<meta property=\"og:title\" content=\"lunes18 - P\u00e1gina Oficial de la EOI de M\u00e1laga ::Los idiomas ponen el mundo a tus pies::\" \/>\n<meta property=\"og:description\" content=\"[vc_row][vc_column][vc_single_image image=\u00bb14391&#8243; img_size=\u00bblarge\u00bb add_caption=\u00bbyes\u00bb alignment=\u00bbcenter\u00bb][\/vc_column][\/vc_row][vc_row][vc_column][vc_column_text] LUNES, D\u00cdA 18 ABRIL Actividades organizadas por departamento [\/vc_column_text][vc_column_text] Descarga el programa completo del d\u00eda aqu\u00ed. [\/vc_column_text][\/vc_column][\/vc_row][vc_row gap=\u00bb5&#8243;][vc_column width=\u00bb1\/3&#8243;][vc_hoverbox image=\u00bb14401&#8243; primary_title=\u00bb\u00bb hover_title=\u00bbConferencia\u00bb]Women in English Literature (lives, gossip and anecdotes), Diego Nieto Marc\u00f3. HORA: 11.30 &#8211; 13.00 LUGAR: Sal\u00f3n de Actos[\/vc_hoverbox][\/vc_column][vc_column width=\u00bb1\/3&#8243;][vc_hoverbox image=\u00bb14396&#8243; primary_title=\u00bb\u00bb hover_title=\u00bbExposici\u00f3n\u00bb]Una parte de tu historia, exposici\u00f3n de [&hellip;]\" \/>\n<meta property=\"og:url\" content=\"https:\/\/www.eoimalaga.com\/web\/programa-50-aniversario\/\" \/>\n<meta property=\"og:site_name\" content=\"P\u00e1gina Oficial de la EOI de M\u00e1laga ::Los idiomas ponen el mundo a tus pies::\" \/>\n<meta property=\"article:modified_time\" content=\"2022-04-19T09:30:20+00:00\" \/>\n<meta name=\"twitter:card\" content=\"summary_large_image\" \/>\n<meta name=\"twitter:label1\" content=\"Tiempo de lectura\" \/>\n\t<meta name=\"twitter:data1\" content=\"2 minutos\" \/>\n<script type=\"application\/ld+json\" class=\"yoast-schema-graph\">{\"@context\":\"https:\/\/schema.org\",\"@graph\":[{\"@type\":\"WebPage\",\"@id\":\"https:\/\/www.eoimalaga.com\/web\/programa-50-aniversario\/\",\"url\":\"https:\/\/www.eoimalaga.com\/web\/programa-50-aniversario\/\",\"name\":\"lunes18 - P\u00e1gina Oficial de la EOI de M\u00e1laga ::Los idiomas ponen el mundo a tus pies::\",\"isPartOf\":{\"@id\":\"https:\/\/www.eoimalaga.com\/web\/#website\"},\"datePublished\":\"2022-03-21T12:18:24+00:00\",\"dateModified\":\"2022-04-19T09:30:20+00:00\",\"breadcrumb\":{\"@id\":\"https:\/\/www.eoimalaga.com\/web\/programa-50-aniversario\/#breadcrumb\"},\"inLanguage\":\"es\",\"potentialAction\":[{\"@type\":\"ReadAction\",\"target\":[\"https:\/\/www.eoimalaga.com\/web\/programa-50-aniversario\/\"]}]},{\"@type\":\"BreadcrumbList\",\"@id\":\"https:\/\/www.eoimalaga.com\/web\/programa-50-aniversario\/#breadcrumb\",\"itemListElement\":[{\"@type\":\"ListItem\",\"position\":1,\"name\":\"Home\",\"item\":\"https:\/\/www.eoimalaga.com\/web\/\"},{\"@type\":\"ListItem\",\"position\":2,\"name\":\"lunes18\"}]},{\"@type\":\"WebSite\",\"@id\":\"https:\/\/www.eoimalaga.com\/web\/#website\",\"url\":\"https:\/\/www.eoimalaga.com\/web\/\",\"name\":\"P\u00e1gina Oficial de la EOI de M\u00e1laga ::Los idiomas ponen el mundo a tus pies::\",\"description\":\"EOI M\u00e1laga\",\"potentialAction\":[{\"@type\":\"SearchAction\",\"target\":{\"@type\":\"EntryPoint\",\"urlTemplate\":\"https:\/\/www.eoimalaga.com\/web\/?s={search_term_string}\"},\"query-input\":{\"@type\":\"PropertyValueSpecification\",\"valueRequired\":true,\"valueName\":\"search_term_string\"}}],\"inLanguage\":\"es\"}]}<\/script>\n<!-- \/ Yoast SEO plugin. -->","yoast_head_json":{"title":"lunes18 - P\u00e1gina Oficial de la EOI de M\u00e1laga ::Los idiomas ponen el mundo a tus pies::","robots":{"index":"index","follow":"follow","max-snippet":"max-snippet:-1","max-image-preview":"max-image-preview:large","max-video-preview":"max-video-preview:-1"},"canonical":"https:\/\/www.eoimalaga.com\/web\/programa-50-aniversario\/","og_locale":"es_ES","og_type":"article","og_title":"lunes18 - P\u00e1gina Oficial de la EOI de M\u00e1laga ::Los idiomas ponen el mundo a tus pies::","og_description":"[vc_row][vc_column][vc_single_image image=\u00bb14391&#8243; img_size=\u00bblarge\u00bb add_caption=\u00bbyes\u00bb alignment=\u00bbcenter\u00bb][\/vc_column][\/vc_row][vc_row][vc_column][vc_column_text] LUNES, D\u00cdA 18 ABRIL Actividades organizadas por departamento [\/vc_column_text][vc_column_text] Descarga el programa completo del d\u00eda aqu\u00ed. [\/vc_column_text][\/vc_column][\/vc_row][vc_row gap=\u00bb5&#8243;][vc_column width=\u00bb1\/3&#8243;][vc_hoverbox image=\u00bb14401&#8243; primary_title=\u00bb\u00bb hover_title=\u00bbConferencia\u00bb]Women in English Literature (lives, gossip and anecdotes), Diego Nieto Marc\u00f3. HORA: 11.30 &#8211; 13.00 LUGAR: Sal\u00f3n de Actos[\/vc_hoverbox][\/vc_column][vc_column width=\u00bb1\/3&#8243;][vc_hoverbox image=\u00bb14396&#8243; primary_title=\u00bb\u00bb hover_title=\u00bbExposici\u00f3n\u00bb]Una parte de tu historia, exposici\u00f3n de [&hellip;]","og_url":"https:\/\/www.eoimalaga.com\/web\/programa-50-aniversario\/","og_site_name":"P\u00e1gina Oficial de la EOI de M\u00e1laga ::Los idiomas ponen el mundo a tus pies::","article_modified_time":"2022-04-19T09:30:20+00:00","twitter_card":"summary_large_image","twitter_misc":{"Tiempo de lectura":"2 minutos"},"schema":{"@context":"https:\/\/schema.org","@graph":[{"@type":"WebPage","@id":"https:\/\/www.eoimalaga.com\/web\/programa-50-aniversario\/","url":"https:\/\/www.eoimalaga.com\/web\/programa-50-aniversario\/","name":"lunes18 - P\u00e1gina Oficial de la EOI de M\u00e1laga ::Los idiomas ponen el mundo a tus pies::","isPartOf":{"@id":"https:\/\/www.eoimalaga.com\/web\/#website"},"datePublished":"2022-03-21T12:18:24+00:00","dateModified":"2022-04-19T09:30:20+00:00","breadcrumb":{"@id":"https:\/\/www.eoimalaga.com\/web\/programa-50-aniversario\/#breadcrumb"},"inLanguage":"es","potentialAction":[{"@type":"ReadAction","target":["https:\/\/www.eoimalaga.com\/web\/programa-50-aniversario\/"]}]},{"@type":"BreadcrumbList","@id":"https:\/\/www.eoimalaga.com\/web\/programa-50-aniversario\/#breadcrumb","itemListElement":[{"@type":"ListItem","position":1,"name":"Home","item":"https:\/\/www.eoimalaga.com\/web\/"},{"@type":"ListItem","position":2,"name":"lunes18"}]},{"@type":"WebSite","@id":"https:\/\/www.eoimalaga.com\/web\/#website","url":"https:\/\/www.eoimalaga.com\/web\/","name":"P\u00e1gina Oficial de la EOI de M\u00e1laga ::Los idiomas ponen el mundo a tus pies::","description":"EOI M\u00e1laga","potentialAction":[{"@type":"SearchAction","target":{"@type":"EntryPoint","urlTemplate":"https:\/\/www.eoimalaga.com\/web\/?s={search_term_string}"},"query-input":{"@type":"PropertyValueSpecification","valueRequired":true,"valueName":"search_term_string"}}],"inLanguage":"es"}]}},"_links":{"self":[{"href":"https:\/\/www.eoimalaga.com\/web\/wp-json\/wp\/v2\/pages\/10774","targetHints":{"allow":["GET"]}}],"collection":[{"href":"https:\/\/www.eoimalaga.com\/web\/wp-json\/wp\/v2\/pages"}],"about":[{"href":"https:\/\/www.eoimalaga.com\/web\/wp-json\/wp\/v2\/types\/page"}],"author":[{"embeddable":true,"href":"https:\/\/www.eoimalaga.com\/web\/wp-json\/wp\/v2\/users\/12"}],"replies":[{"embeddable":true,"href":"https:\/\/www.eoimalaga.com\/web\/wp-json\/wp\/v2\/comments?post=10774"}],"version-history":[{"count":42,"href":"https:\/\/www.eoimalaga.com\/web\/wp-json\/wp\/v2\/pages\/10774\/revisions"}],"predecessor-version":[{"id":14991,"href":"https:\/\/www.eoimalaga.com\/web\/wp-json\/wp\/v2\/pages\/10774\/revisions\/14991"}],"wp:attachment":[{"href":"https:\/\/www.eoimalaga.com\/web\/wp-json\/wp\/v2\/media?parent=10774"}],"wp:term":[{"taxonomy":"category","embeddable":true,"href":"https:\/\/www.eoimalaga.com\/web\/wp-json\/wp\/v2\/categories?post=10774"},{"taxonomy":"post_tag","embeddable":true,"href":"https:\/\/www.eoimalaga.com\/web\/wp-json\/wp\/v2\/tags?post=10774"}],"curies":[{"name":"wp","href":"https:\/\/api.w.org\/{rel}","templated":true}]}}