{"id":8158,"date":"2020-09-29T10:40:31","date_gmt":"2020-09-29T09:40:31","guid":{"rendered":"https:\/\/www.eoimalaga.com\/apps\/?page_id=8158"},"modified":"2023-09-21T12:56:15","modified_gmt":"2023-09-21T11:56:15","slug":"despripcion-cursos-monograf","status":"publish","type":"page","link":"https:\/\/www.eoimalaga.com\/apps\/despripcion-cursos-monograf\/","title":{"rendered":"Despripci\u00f3n cursos monogr\u00e1ficos"},"content":{"rendered":"<div class=\"wpb-content-wrapper\"><p>[vc_row][vc_column][vc_column_text]<\/p>\n<div class=\"Estilo17\" align=\"justify\">\n<p>Los cursos monogr\u00e1ficos:<\/p>\n<ul>\n<li>son anuales y de 4 horas y 30 minutos semanales.<\/li>\n<li>concluyen con certificado de aprovechamiento, sin ex\u00e1menes, ni notas<\/li>\n<li>son compatibles con la matr\u00edcula oficial o libre en cualquier idioma y modalidad<\/li>\n<li>son impartidos por profesorado de ingl\u00e9s y franc\u00e9s<\/li>\n<li>est\u00e1n destinados a diferentes sectores profesionales o de servicios, a la recuperaci\u00f3n o refuerzo de competencias comunicativas, o a la preparaci\u00f3n de pruebas de certificaci\u00f3n<\/li>\n<li>al finalizar el curso se expedir\u00e1 un certificado de aprovechamiento a aquellas personas cuya asistencia haya sido de al menos un 85% de la duraci\u00f3n total<\/li>\n<li>los cursos no son de promoci\u00f3n, por lo que no habr\u00e1 ni ex\u00e1menes de promoci\u00f3n, ni calificaciones con fines de promoci\u00f3n.<\/li>\n<\/ul>\n<\/div>\n<div class=\"Estilo17\" align=\"justify\">\n<p>&nbsp;<\/p>\n<\/div>\n<p>[\/vc_column_text][\/vc_column][\/vc_row]<\/p>\n<\/div>","protected":false},"excerpt":{"rendered":"<p>[vc_row][vc_column][vc_column_text] Los cursos monogr\u00e1ficos: son anuales y de 4 horas y 30 minutos semanales. concluyen con certificado de aprovechamiento, sin ex\u00e1menes, ni notas son compatibles con la matr\u00edcula oficial o libre en cualquier idioma y modalidad son impartidos por profesorado de ingl\u00e9s y franc\u00e9s est\u00e1n destinados a diferentes sectores profesionales o de servicios, a la [&hellip;]<\/p>\n","protected":false},"author":12,"featured_media":0,"parent":0,"menu_order":0,"comment_status":"closed","ping_status":"closed","template":"","meta":{"footnotes":""},"class_list":["post-8158","page","type-page","status-publish","hentry"],"_links":{"self":[{"href":"https:\/\/www.eoimalaga.com\/apps\/wp-json\/wp\/v2\/pages\/8158","targetHints":{"allow":["GET"]}}],"collection":[{"href":"https:\/\/www.eoimalaga.com\/apps\/wp-json\/wp\/v2\/pages"}],"about":[{"href":"https:\/\/www.eoimalaga.com\/apps\/wp-json\/wp\/v2\/types\/page"}],"author":[{"embeddable":true,"href":"https:\/\/www.eoimalaga.com\/apps\/wp-json\/wp\/v2\/users\/12"}],"replies":[{"embeddable":true,"href":"https:\/\/www.eoimalaga.com\/apps\/wp-json\/wp\/v2\/comments?post=8158"}],"version-history":[{"count":12,"href":"https:\/\/www.eoimalaga.com\/apps\/wp-json\/wp\/v2\/pages\/8158\/revisions"}],"predecessor-version":[{"id":9643,"href":"https:\/\/www.eoimalaga.com\/apps\/wp-json\/wp\/v2\/pages\/8158\/revisions\/9643"}],"wp:attachment":[{"href":"https:\/\/www.eoimalaga.com\/apps\/wp-json\/wp\/v2\/media?parent=8158"}],"curies":[{"name":"wp","href":"https:\/\/api.w.org\/{rel}","templated":true}]}}