{"id":7350,"date":"2019-07-16T10:15:55","date_gmt":"2019-07-16T09:15:55","guid":{"rendered":"http:\/\/www.eoimalaga.com\/apps\/?page_id=7350"},"modified":"2025-07-24T09:03:59","modified_gmt":"2025-07-24T08:03:59","slug":"mod_semi","status":"publish","type":"page","link":"https:\/\/www.eoimalaga.com\/apps\/mod_semi\/","title":{"rendered":"Despripci\u00f3n modalidad semipresencial"},"content":{"rendered":"<div class=\"Estilo17\" align=\"justify\">\n<h3><strong>Modalidad semipresencial\u00a0<\/strong><\/h3>\n<p><span style=\"font-size: 16px;\">Esta modalidad de ense\u00f1anza est\u00e1 especialmente dirigida al alumnado adulto que por razones de trabajo o personales tiene problemas para asistir a clase con la regularidad que la ense\u00f1anza presencial exige.<\/span><\/p>\n<p><span style=\"font-size: 16px;\">Se requiere ser mayor de dieciocho a\u00f1os o cumplirlos en el a\u00f1o natural en que comience el curso acad\u00e9mico.\u00a0 Excepcionalmente podr\u00e1n acceder mayores de diecis\u00e9is a\u00f1os que se encuentren en algunas de las situaciones contempladas en normativa. Consulte <a href=\"https:\/\/www.eoimalaga.com\/web\/ensenanza-semipresencial\/\" target=\"_blank\" rel=\"noopener\">aqu\u00ed.<\/a><\/span><\/p>\n<p><span style=\"font-size: 16px;\">Los contenidos y objetivos son los mismos que conforman el resto de ense\u00f1anzas y tienen plena equivalencia con los cursos presenciales. La modalidad semipresencial consta de dos partes que la diferencian de la presencial:<\/span><\/p>\n<ol>\n<li><span style=\"font-size: 16px;\">Una parte presencial que se realiza en la EOI M\u00e1laga. La asistencia a clase es obligatoria y las calificaciones obtenidas en la asistencia presencial forman parte proporcional de la calificaci\u00f3n final que se obtenga.<\/span><\/li>\n<li><span style=\"font-size: 16px;\">Una parte telem\u00e1tica que se realizar\u00e1 a trav\u00e9s de Internet y que constituye la mayor parte del rendimiento para superar las destrezas. Para esta parte es imprescindible disponer de una cuenta de correo electr\u00f3nico.<\/span><\/li>\n<\/ol>\n<p><span style=\"font-size: 16px;\">Se dispondr\u00e1 de una plataforma a la que el alumnado acceder\u00e1 con las claves de usuario y contrase\u00f1a, para ver los mensajes recibidos, realizar las tareas que el profesorado propone y, en su caso, participar en los foros tem\u00e1ticos. Todo ello se realizar\u00e1 con la ayuda de los contenidos alojados en la plataforma y las orientaciones del profesorado.<\/span><\/p>\n<\/div>\n","protected":false},"excerpt":{"rendered":"<p>Modalidad semipresencial\u00a0 Esta modalidad de ense\u00f1anza est\u00e1 especialmente dirigida al alumnado adulto que por razones de trabajo o personales tiene problemas para asistir a clase con la regularidad que la ense\u00f1anza presencial exige. Se requiere ser mayor de dieciocho a\u00f1os o cumplirlos en el a\u00f1o natural en que comience el curso acad\u00e9mico.\u00a0 Excepcionalmente podr\u00e1n acceder [&hellip;]<\/p>\n","protected":false},"author":11,"featured_media":0,"parent":0,"menu_order":0,"comment_status":"closed","ping_status":"closed","template":"","meta":{"footnotes":""},"class_list":["post-7350","page","type-page","status-publish","hentry"],"_links":{"self":[{"href":"https:\/\/www.eoimalaga.com\/apps\/wp-json\/wp\/v2\/pages\/7350","targetHints":{"allow":["GET"]}}],"collection":[{"href":"https:\/\/www.eoimalaga.com\/apps\/wp-json\/wp\/v2\/pages"}],"about":[{"href":"https:\/\/www.eoimalaga.com\/apps\/wp-json\/wp\/v2\/types\/page"}],"author":[{"embeddable":true,"href":"https:\/\/www.eoimalaga.com\/apps\/wp-json\/wp\/v2\/users\/11"}],"replies":[{"embeddable":true,"href":"https:\/\/www.eoimalaga.com\/apps\/wp-json\/wp\/v2\/comments?post=7350"}],"version-history":[{"count":4,"href":"https:\/\/www.eoimalaga.com\/apps\/wp-json\/wp\/v2\/pages\/7350\/revisions"}],"predecessor-version":[{"id":10325,"href":"https:\/\/www.eoimalaga.com\/apps\/wp-json\/wp\/v2\/pages\/7350\/revisions\/10325"}],"wp:attachment":[{"href":"https:\/\/www.eoimalaga.com\/apps\/wp-json\/wp\/v2\/media?parent=7350"}],"curies":[{"name":"wp","href":"https:\/\/api.w.org\/{rel}","templated":true}]}}