{"id":6921,"date":"2018-11-26T12:31:13","date_gmt":"2018-11-26T11:31:13","guid":{"rendered":"http:\/\/www.eoimalaga.com\/apps\/?page_id=6921"},"modified":"2026-04-29T12:35:58","modified_gmt":"2026-04-29T11:35:58","slug":"requiacad_semi_ing","status":"publish","type":"page","link":"https:\/\/www.eoimalaga.com\/apps\/central\/requiacad\/requiacad_semi\/requiacad_semi_ing\/","title":{"rendered":"requiacad_semi_ing"},"content":{"rendered":"<div class=\"wpb-content-wrapper\"><p>[vc_row][vc_column width=\u00bb1\/4&#8243;][vc_column_text]<a href=\"https:\/\/www.eoimalaga.com\/apps\/wp-content\/uploads\/2022\/04\/LOGO_NARANJA.png\"><img loading=\"lazy\" decoding=\"async\" class=\"aligncenter wp-image-8922\" src=\"https:\/\/www.eoimalaga.com\/apps\/wp-content\/uploads\/2022\/04\/LOGO_NARANJA.png\" alt=\"\" width=\"120\" height=\"122\" \/><\/a><\/p>\n<p style=\"text-align: center;\"><span style=\"color: #ec774b;\"><strong><span style=\"font-size: 18pt;\">SEMIPRESENCIAL<\/span><\/strong><\/span><\/p>\n<p style=\"text-align: center;\"><span style=\"color: #ec774b;\"><strong><span style=\"font-size: 18pt;\">INGL\u00c9S<\/span><\/strong><\/span><\/p>\n<p>[\/vc_column_text][\/vc_column][vc_column width=\u00bb3\/4&#8243;][vc_column_text]<\/p>\n<p style=\"text-align: center;\"><span style=\"color: #ec774b;\"><strong><span style=\"font-size: 24pt;\">Requisitos acad\u00e9micos <\/span><\/strong><\/span><\/p>\n<p style=\"text-align: center;\"><span style=\"color: #ec774b;\"><strong><span style=\"font-size: 18pt;\">Acceso a niveles superiores a B\u00e1sico A1<\/span><\/strong><\/span><\/p>\n<p>[\/vc_column_text][vc_column_text]<\/p>\n<ul>\n<li class=\"Estilo57\"><span style=\"color: #000000;\">Aseg\u00farese de que est\u00e1 en posesi\u00f3n de la cualificaci\u00f3n exigida para acceder al nivel de que se trate.<\/span><\/li>\n<li class=\"Estilo57\"><span style=\"color: #000000;\">No se admite ninguna otra cualificaci\u00f3n aparte de la especificada en este programa.<\/span><\/li>\n<li class=\"Estilo45\"><span style=\"color: #000000;\"><span class=\"Estilo58\">No realice solicitud de plaza si no cumple los requisitos exigidos<\/span> <span class=\"Estilo49\">en el momento de la matr\u00edcula<\/span>.<\/span><\/li>\n<li class=\"Estilo55\"><span style=\"color: #000000;\">Si se obtuviera la plaza y no se justificasen los requisitos, la matr\u00edcula quedar\u00eda invalidada.<\/span><\/li>\n<\/ul>\n<p>[\/vc_column_text][\/vc_column][\/vc_row][vc_row][vc_column][vc_tta_tabs style=\u00bboutline\u00bb color=\u00bbsandy-brown\u00bb spacing=\u00bb\u00bb active_section=\u00bb1&#8243;][vc_tta_section title=\u00bbInfo. general\u00bb tab_id=\u00bb1543231524668-acc57578-b13d\u00bb][vc_column_text]<span style=\"color: #000000;\"><strong>INFORMACI\u00d3N GENERAL:<\/strong><\/span><\/p>\n<p><strong>Para acceder a niveles superiores a A1 hay dos opciones:<\/strong><\/p>\n<ul>\n<li><strong>Opci\u00f3n 1: <\/strong>realizar una Prueba Inicial de Clasificaci\u00f3n (P.I.C).<\/li>\n<li><strong>Opci\u00f3n 2:<\/strong> acreditar el nivel inmediatamente inferior al que se solicita mediante documento oficial.<\/li>\n<\/ul>\n<p style=\"text-align: center;\"><strong><u>IMPORTANTE<\/u><\/strong><\/p>\n<p>El objetivo de la <strong>P.I.C.<\/strong> es asegurar que el <strong>nivel de ingl\u00e9s<\/strong> del solicitante est\u00e1 <strong>actualizado<\/strong>. Por lo tanto, es <strong>MUY ACONSEJABLE realizarla<\/strong>, aunque se est\u00e9 en posesi\u00f3n de un certificado del nivel inmediatamente inferior al que se solicita.<\/p>\n<p>Para conocer los contenidos de cada nivel, consulte las pesta\u00f1as correspondientes en la parte superior de esta p\u00e1gina.[\/vc_column_text][\/vc_tta_section][vc_tta_section title=\u00bbB\u00e1sico 2 (A2)\u00bb tab_id=\u00bb1543228444359-88ff9d4e-17a7&#8243;][vc_column_text css=\u00bb\u00bb]<span style=\"color: #000000;\"><strong>NIVEL B\u00c1SICO 2:<\/strong><\/span><\/p>\n<p>Si soy capaz de <strong><u>HABLAR Y PREGUNTAR<\/u><\/strong> de <strong><u>forma adecuada y fluida<\/u><\/strong> sobre los siguientes temas de mi vida personal (entre otros)\u2026<\/p>\n<ul>\n<li>Habilidades propias y de otras personas de mi entorno (qu\u00e9 se me da bien hacer).<\/li>\n<li>La casa. Caracter\u00edsticas, habitaciones y mobiliario.<\/li>\n<li>Preferencias de comida.<\/li>\n<li>Actividades de ocio y lugares de inter\u00e9s.<\/li>\n<li>Fechas de acontecimientos<\/li>\n<li>Hechos y circunstancias personales del pasado.<\/li>\n<li>La rutina de la vida diaria.<\/li>\n<li>Un amigo o miembro de la familia.<\/li>\n<li>Experiencias personales.<\/li>\n<li>Tiempo libre.<\/li>\n<li>Intenciones y planes de futuro.<\/li>\n<\/ul>\n<p><strong>\u2026 entonces tengo el nivel adecuado para solicitar ACCESO a A2, <\/strong>siempre que lo pueda acreditar a trav\u00e9s de la Prueba Inicial de Clasificaci\u00f3n o mediante la documentaci\u00f3n necesaria.<\/p>\n<p><strong>\u00a0<\/strong><strong>Si no estoy seguro\/a, <\/strong>(tenga o no la documentaci\u00f3n que acredite mi nivel de A1)<strong> me conviene realizar la <a href=\"https:\/\/docs.google.com\/forms\/d\/e\/1FAIpQLSdqk_Lrr7-brIpjJ7gIZf2tMkVaV1yWV0C03Pyk1m6DvW0kIg\/viewform\" target=\"_blank\" rel=\"noopener noreferrer\"><u>Prueba Inicial de Clasificaci\u00f3n (P.I.C.)<\/u><\/a>.\u00a0<\/strong><\/p>\n<p><strong>Sin Prueba Inicial de Clasificaci\u00f3n, tambi\u00e9n puedo acceder a este nivel si estoy en posesi\u00f3n de <\/strong><\/p>\n<ul>\n<li>A1 de Escuela Oficial de Idiomas<\/li>\n<li>1\u00ba de Bachillerato, con ingl\u00e9s como 1er idioma aprobado<\/li>\n<li>2\u00ba de Bachillerato, con ingl\u00e9s como 1er idioma aprobado<\/li>\n<li>Key English Test (KET) \/A2 Key (University of Cambridge)<\/li>\n<li>ISE 0 (Trinity College London)<\/li>\n<li>Aptis A2 (British Council)<\/li>\n<\/ul>\n<p>[\/vc_column_text][\/vc_tta_section][vc_tta_section title=\u00bbIntermedio B1&#8243; tab_id=\u00bb1543228444451-2d3ddec7-ee94&#8243;][vc_column_text css=\u00bb\u00bb]<span style=\"color: #000000;\"><strong>NIVEL INTERMEDIO B1:<\/strong><\/span><\/p>\n<p>Si soy capaz de <strong><u>HABLAR Y PREGUNTAR<\/u><\/strong> de <strong><u>forma adecuada y fluida<\/u><\/strong> sobre los siguientes temas de mi vida personal (entre otros)\u2026<\/p>\n<ul>\n<li>Sobre m\u00ed mismo y compararme con otros.<\/li>\n<li>Estilo personal. Ropa, compras y actitud ante la moda.<\/li>\n<li>Actitud personal con respecto a vida saludable y dieta, animales de compa\u00f1\u00eda y tareas dom\u00e9sticas.<\/li>\n<li>Estudios o trabajo propios. Colegio, asignaturas, profesores; horarios y tareas laborales.<\/li>\n<li>La familia y las relaciones con sus miembros.<\/li>\n<li>Tareas y obligaciones de la vida diaria.<\/li>\n<li>Actividades de tiempo libre.<\/li>\n<li>Contar experiencias de vacaciones con detalle.<\/li>\n<li>M\u00fasica favorita, pel\u00edculas, deporte y otras aficiones.<\/li>\n<li>Describir lugares y compararlos.<\/li>\n<\/ul>\n<p><strong>\u2026 entonces tengo el nivel adecuado para solicitar ACCESO a B1, <\/strong>siempre que lo pueda acreditar a trav\u00e9s de la Prueba Inicial de Clasificaci\u00f3n o mediante la documentaci\u00f3n necesaria.<\/p>\n<p><strong>\u00a0<\/strong><strong>Si no estoy seguro\/a, <\/strong>(tenga o no la documentaci\u00f3n que acredite mi nivel de A2)<strong> me conviene realizar la <a href=\"https:\/\/docs.google.com\/forms\/d\/e\/1FAIpQLSdqk_Lrr7-brIpjJ7gIZf2tMkVaV1yWV0C03Pyk1m6DvW0kIg\/viewform\" target=\"_blank\" rel=\"noopener noreferrer\"><u>Prueba Inicial de Clasificaci\u00f3n (P.I.C.)<\/u><\/a>.\u00a0<\/strong><\/p>\n<p><strong>Sin Prueba Inicial de Clasificaci\u00f3n, tambi\u00e9n puedo acceder a este nivel si estoy en posesi\u00f3n de <\/strong><\/p>\n<ul>\n<li>A2 de Escuela Oficial de Idiomas<\/li>\n<li>2\u00ba de Bachillerato, con ingl\u00e9s como 1er idioma aprobado<\/li>\n<li>Key English Test (KET) \/A2 Key (University of Cambridge)<\/li>\n<li>Preliminary English Test (PET)\/B1 Preliminary (University of Cambridge)<\/li>\n<li>ISE 0 (Trinity College London)<\/li>\n<li>ISE I (Trinity College London)<\/li>\n<li>Aptis B1 (British Council)<\/li>\n<\/ul>\n<p>[\/vc_column_text][\/vc_tta_section][vc_tta_section title=\u00bbIntermedio B2-1&#8243; tab_id=\u00bb1543230316124-494782e2-38c9&#8243;][vc_column_text css=\u00bb\u00bb]<span style=\"color: #000000;\"><strong>NIVEL INTERMEDIO B2-1<\/strong>:<\/span><\/p>\n<p>Si soy capaz de <strong><u>HABLAR, PREGUNTAR Y OPINAR<\/u><\/strong> de <strong><u>forma adecuada y fluida<\/u><\/strong> sobre los siguientes temas de mi vida cotidiana (entre otros)\u2026<\/p>\n<ul>\n<li>Describir a un amigo o miembro de la familia. Personalidad, comportamiento y sentimientos.<\/li>\n<li>Actitud personal respecto al dinero.<\/li>\n<li>Medios de transporte y comunicaci\u00f3n en el lugar de residencia.<\/li>\n<li>Experiencias relacionadas con el deporte, preferencias sobre cine, m\u00fasica y otras aficiones de inter\u00e9s personal.<\/li>\n<li>Experiencias sobre la educaci\u00f3n recibida, estudios realizados, formaci\u00f3n laboral y \/o trabajos desarrollados.<\/li>\n<li>Relaciones personales en el \u00e1mbito laboral, profesional o acad\u00e9mico.<\/li>\n<li>Mi vida diaria y el lugar donde vivo.<\/li>\n<li>Comida y h\u00e1bitos alimenticios.<\/li>\n<li>Planes inmediatos y proyectos a medio y largo plazo.<\/li>\n<\/ul>\n<p><strong>\u2026 entonces tengo el nivel adecuado para solicitar ACCESO a B2.1, <\/strong>siempre que lo pueda acreditar a trav\u00e9s de la Prueba Inicial de Clasificaci\u00f3n o mediante la documentaci\u00f3n necesaria.<\/p>\n<p><strong>\u00a0<\/strong><strong>Si no estoy seguro\/a, <\/strong>(tenga o no la documentaci\u00f3n que acredite mi nivel de B1)<strong> me conviene realizar la <a href=\"https:\/\/docs.google.com\/forms\/d\/e\/1FAIpQLSdqk_Lrr7-brIpjJ7gIZf2tMkVaV1yWV0C03Pyk1m6DvW0kIg\/viewform\" target=\"_blank\" rel=\"noopener noreferrer\"><u>Prueba Inicial de Clasificaci\u00f3n (P.I.C.)<\/u><\/a>.\u00a0<\/strong><\/p>\n<p><strong>\u00a0<\/strong><strong>Sin Prueba Inicial de Clasificaci\u00f3n, tambi\u00e9n puedo acceder a este nivel si estoy en posesi\u00f3n de <\/strong><\/p>\n<ul>\n<li>B1 de Escuela Oficial de Idiomas<\/li>\n<li>Preliminary English Test (PET)\/B1 Preliminary (University of Cambridge)<\/li>\n<li>ISE I (Trinity College London)<\/li>\n<li>ISE II (Trinity College London)<\/li>\n<\/ul>\n<p>[\/vc_column_text][\/vc_tta_section][vc_tta_section title=\u00bbIntermedio B2-2&#8243; tab_id=\u00bb1543230313724-d4273843-035a\u00bb][vc_column_text css=\u00bb\u00bb]<span style=\"color: #000000;\"><strong>NIVEL INTERMEDIO B2-2:<\/strong><\/span><\/p>\n<p>Si soy capaz de <strong><u>HABLAR, PREGUNTAR, OPINAR Y DEBATIR<\/u><\/strong> de <strong><u>forma extensa, adecuada y fluida<\/u><\/strong> sobre los siguientes temas propios y generales (entre otros)\u2026<\/p>\n<ul>\n<li>Publicidad, comercio y consumo en la sociedad actual.<\/li>\n<li>Noticias actuales y medios de acceso a la informaci\u00f3n.<\/li>\n<li>La persona que soy. Car\u00e1cter, personalidad y aptitudes sociales.<\/li>\n<li>Ventajas y problemas del lugar donde vivo.<\/li>\n<li>Hablar de problemas generales de salud y enfermedades comunes en la actualidad.<\/li>\n<li>Costumbres y gustos sobre temas como la m\u00fasica, el cine y otras aficiones.<\/li>\n<li>Condiciones atmosf\u00e9ricas particulares de un lugar, clima y experiencias relacionadas con ello.<\/li>\n<li>Cuestiones sociales como delincuencia, violencia, prisi\u00f3n, reinserci\u00f3n, etc.<\/li>\n<\/ul>\n<p><strong>\u2026 entonces tengo el nivel adecuado para solicitar ACCESO A B2.2, <\/strong>siempre que lo pueda acreditar a trav\u00e9s de la Prueba Inicial de Clasificaci\u00f3n o mediante la documentaci\u00f3n necesaria.<\/p>\n<p><strong>\u00a0<\/strong><strong>Si no estoy seguro\/a, <\/strong>(tenga o no la documentaci\u00f3n que acredite mi nivel de B2.1)<strong> me conviene realizar la <a href=\"https:\/\/docs.google.com\/forms\/d\/e\/1FAIpQLSdqk_Lrr7-brIpjJ7gIZf2tMkVaV1yWV0C03Pyk1m6DvW0kIg\/viewform\" target=\"_blank\" rel=\"noopener noreferrer\"><u>Prueba Inicial de Clasificaci\u00f3n (P.I.C.)<\/u><\/a>.\u00a0<\/strong><\/p>\n<p><strong>Sin Prueba Inicial de Clasificaci\u00f3n, tambi\u00e9n puedo acceder a este nivel si estoy en posesi\u00f3n de <\/strong><\/p>\n<ul>\n<li>Intermedio B2.1 de Escuela Oficial de Idiomas (antes Avanzado B2.1)<\/li>\n<li>First Certificate in English (FCE)\/B2 First (University of Cambridge)<\/li>\n<li>ISE II (Trinity College London)<\/li>\n<li>Grado de Estudios Ingleses<\/li>\n<li>Grado de Traducci\u00f3n e Interpretaci\u00f3n, con ingl\u00e9s como 1er idioma<\/li>\n<\/ul>\n<p>[\/vc_column_text][\/vc_tta_section][vc_tta_section title=\u00bbAvanzado C1-1&#8243; tab_id=\u00bb1543231528370-5fb320fa-1bdb\u00bb][vc_column_text css=\u00bb\u00bb]<span style=\"color: #000000;\"><strong>NIVEL AVANZADO C1-1:<\/strong><\/span><\/p>\n<p><strong>Puedo acceder a este nivel si estoy en posesi\u00f3n de <\/strong><\/p>\n<ul>\n<li>Intermedio B2 de Escuela Oficial de Idiomas (antes Avanzado B2)<\/li>\n<li>First Certificate in English (FCE)\/B2 First (University of Cambridge)<\/li>\n<li>ISE II (Trinity College London)<\/li>\n<li>ISE III (Trinity College London)<\/li>\n<li>Grado de Estudios Ingleses<\/li>\n<li>Grado de Traducci\u00f3n e Interpretaci\u00f3n, con ingl\u00e9s como 1er idioma<\/li>\n<\/ul>\n<p><strong>\u00a0<\/strong><strong>Si no estoy seguro\/a, <\/strong>(tenga o no la documentaci\u00f3n que acredite mi nivel de C1.1)<strong> me conviene realizar la <a href=\"https:\/\/docs.google.com\/forms\/d\/e\/1FAIpQLSdqk_Lrr7-brIpjJ7gIZf2tMkVaV1yWV0C03Pyk1m6DvW0kIg\/viewform\" target=\"_blank\" rel=\"noopener noreferrer\"><u>Prueba Inicial de Clasificaci\u00f3n (P.I.C.)<\/u><\/a>.\u00a0<\/strong>[\/vc_column_text][\/vc_tta_section][vc_tta_section title=\u00bbAvanzado C1-2&#8243; tab_id=\u00bb1543231587724-4a5c93af-0055&#8243;][vc_column_text css=\u00bb\u00bb]<span style=\"color: #000000;\"><strong>NIVEL AVANZADO C1-2:<\/strong><\/span><\/p>\n<p><strong>Puedo acceder a este nivel si estoy en posesi\u00f3n de <\/strong><\/p>\n<ul>\n<li>Avanzado C1.1 de Escuela Oficial de Idiomas<\/li>\n<li>Certificate in Advanced English (CAE)\/C1 Advanced (University of Cambridge)<\/li>\n<li>ISE III (Trinity College London)<\/li>\n<\/ul>\n<p><strong>\u00a0<\/strong><strong>Si no estoy seguro\/a, <\/strong>(tenga o no la documentaci\u00f3n que acredite mi nivel de C1-2)<strong> me conviene realizar la <a href=\"https:\/\/docs.google.com\/forms\/d\/e\/1FAIpQLSdqk_Lrr7-brIpjJ7gIZf2tMkVaV1yWV0C03Pyk1m6DvW0kIg\/viewform\" target=\"_blank\" rel=\"noopener noreferrer\"><u>Prueba Inicial de Clasificaci\u00f3n (P.I.C.)<\/u><\/a>.\u00a0<\/strong>[\/vc_column_text][\/vc_tta_section][vc_tta_section title=\u00bbC2&#8243; tab_id=\u00bb1556611850811-5599822d-5477&#8243;][vc_column_text css=\u00bb\u00bb]<span style=\"color: #339966;\"><strong>NIVEL AVANZADO C2:<\/strong><\/span><\/p>\n<p>&nbsp;<\/p>\n<p><strong>Puedo acceder a este nivel si estoy en posesi\u00f3n de<\/strong><\/p>\n<ul>\n<li>C1.2 de Escuela Oficial de Idiomas<\/li>\n<li>Certificate in Advanced English (CAE)\/C1 Advanced (University of Cambridge)<\/li>\n<li>Certificate in Proficiency English (CPE)\/ C2 Proficiency (University of Cambridge)<\/li>\n<li>ISE III (Trinity College London)<\/li>\n<li>ISE IV (Trinity College London)<\/li>\n<\/ul>\n<p>O realizar la Prueba Inicial de Clasificaci\u00f3n (PIC).<\/p>\n<p><strong><a href=\"https:\/\/docs.google.com\/forms\/d\/e\/1FAIpQLSdqk_Lrr7-brIpjJ7gIZf2tMkVaV1yWV0C03Pyk1m6DvW0kIg\/viewform\" target=\"_blank\" rel=\"noopener noreferrer\"><u>Prueba Inicial de Clasificaci\u00f3n (P.I.C.)<\/u><\/a>.\u00a0<\/strong>[\/vc_column_text][\/vc_tta_section][\/vc_tta_tabs][\/vc_column][\/vc_row][vc_row][vc_column][vc_column_text][\/vc_column_text][\/vc_column][\/vc_row][vc_row][vc_column][vc_column_text]<\/p>\n<p>[\/vc_column_text][\/vc_column][\/vc_row]<\/p>\n<\/div>","protected":false},"excerpt":{"rendered":"<p>[vc_row][vc_column width=\u00bb1\/4&#8243;][vc_column_text] SEMIPRESENCIAL INGL\u00c9S [\/vc_column_text][\/vc_column][vc_column width=\u00bb3\/4&#8243;][vc_column_text] Requisitos acad\u00e9micos Acceso a niveles superiores a B\u00e1sico A1 [\/vc_column_text][vc_column_text] Aseg\u00farese de que est\u00e1 en posesi\u00f3n de la cualificaci\u00f3n exigida para acceder al nivel de que se trate. No se admite ninguna otra cualificaci\u00f3n aparte de la especificada en este programa. No realice solicitud de plaza si no cumple [&hellip;]<\/p>\n","protected":false},"author":11,"featured_media":0,"parent":6905,"menu_order":0,"comment_status":"closed","ping_status":"closed","template":"","meta":{"footnotes":""},"class_list":["post-6921","page","type-page","status-publish","hentry"],"_links":{"self":[{"href":"https:\/\/www.eoimalaga.com\/apps\/wp-json\/wp\/v2\/pages\/6921","targetHints":{"allow":["GET"]}}],"collection":[{"href":"https:\/\/www.eoimalaga.com\/apps\/wp-json\/wp\/v2\/pages"}],"about":[{"href":"https:\/\/www.eoimalaga.com\/apps\/wp-json\/wp\/v2\/types\/page"}],"author":[{"embeddable":true,"href":"https:\/\/www.eoimalaga.com\/apps\/wp-json\/wp\/v2\/users\/11"}],"replies":[{"embeddable":true,"href":"https:\/\/www.eoimalaga.com\/apps\/wp-json\/wp\/v2\/comments?post=6921"}],"version-history":[{"count":26,"href":"https:\/\/www.eoimalaga.com\/apps\/wp-json\/wp\/v2\/pages\/6921\/revisions"}],"predecessor-version":[{"id":10577,"href":"https:\/\/www.eoimalaga.com\/apps\/wp-json\/wp\/v2\/pages\/6921\/revisions\/10577"}],"up":[{"embeddable":true,"href":"https:\/\/www.eoimalaga.com\/apps\/wp-json\/wp\/v2\/pages\/6905"}],"wp:attachment":[{"href":"https:\/\/www.eoimalaga.com\/apps\/wp-json\/wp\/v2\/media?parent=6921"}],"curies":[{"name":"wp","href":"https:\/\/api.w.org\/{rel}","templated":true}]}}