{"id":6916,"date":"2018-11-26T11:58:33","date_gmt":"2018-11-26T10:58:33","guid":{"rendered":"http:\/\/www.eoimalaga.com\/apps\/?page_id=6916"},"modified":"2022-05-16T12:52:00","modified_gmt":"2022-05-16T11:52:00","slug":"requiacad_semi_fra","status":"publish","type":"page","link":"https:\/\/www.eoimalaga.com\/apps\/central\/requiacad\/requiacad_semi\/requiacad_semi_fra\/","title":{"rendered":"requiacad_semi_fra"},"content":{"rendered":"<div class=\"wpb-content-wrapper\"><p>[vc_row content_placement=\u00bbmiddle\u00bb][vc_column width=\u00bb1\/4&#8243;][vc_column_text]<a href=\"https:\/\/www.eoimalaga.com\/apps\/wp-content\/uploads\/2022\/04\/LOGO_NARANJA.png\"><img loading=\"lazy\" decoding=\"async\" class=\"aligncenter wp-image-8922\" src=\"https:\/\/www.eoimalaga.com\/apps\/wp-content\/uploads\/2022\/04\/LOGO_NARANJA.png\" alt=\"\" width=\"120\" height=\"122\" \/><\/a><\/p>\n<p style=\"text-align: center;\"><span style=\"color: #ec774b;\"><strong><span style=\"font-size: 18pt;\">SEMIPRESENCIAL<\/span><\/strong><\/span><\/p>\n<p style=\"text-align: center;\"><span style=\"color: #ec774b;\"><strong><span style=\"font-size: 18pt;\">FRANC\u00c9S<\/span><\/strong><\/span><\/p>\n<p>[\/vc_column_text][\/vc_column][vc_column width=\u00bb3\/4&#8243;][vc_column_text]<\/p>\n<p style=\"text-align: center;\"><span style=\"color: #ec774b;\"><strong><span style=\"font-size: 24pt;\">Requisitos acad\u00e9micos <\/span><\/strong><\/span><\/p>\n<p style=\"text-align: center;\"><span style=\"color: #ec774b;\"><strong><span style=\"font-size: 18pt;\">Acceso a niveles superiores a B\u00e1sico 1<\/span><\/strong><\/span><\/p>\n<p>[\/vc_column_text][vc_column_text]<\/p>\n<ul>\n<li class=\"Estilo57\"><span style=\"color: #000000;\">Aseg\u00farese de que est\u00e1 en posesi\u00f3n de la cualificaci\u00f3n exigida para acceder al nivel de que se trate.<\/span><\/li>\n<li class=\"Estilo57\"><span style=\"color: #000000;\">No se admite ninguna otra cualificaci\u00f3n aparte de la especificada en este programa.<\/span><\/li>\n<li class=\"Estilo45\"><span style=\"color: #000000;\"><span class=\"Estilo58\">No realice solicitud de plaza si no cumple los requisitos exigidos<\/span> <span class=\"Estilo49\">en el momento de la matr\u00edcula<\/span>.<\/span><\/li>\n<li class=\"Estilo55\"><span style=\"color: #000000;\">Si se obtuviera la plaza y no se justificasen los requisitos, la matr\u00edcula quedar\u00eda invalidada.<\/span><\/li>\n<\/ul>\n<p>[\/vc_column_text][\/vc_column][\/vc_row][vc_row][vc_column][vc_tta_tabs style=\u00bboutline\u00bb color=\u00bbsandy-brown\u00bb active_section=\u00bb1&#8243;][vc_tta_section title=\u00bbB\u00e1sico A2&#8243; tab_id=\u00bb1543228444359-88ff9d4e-17a7&#8243;][vc_column_text]<span style=\"color: #000000;\"><strong>NIVEL B\u00c1SICO A2:<\/strong><\/span><\/p>\n<p>Para solicitar este nivel, el solicitante tendr\u00e1 que acreditar:<\/p>\n<ul>\n<li>el Nivel B\u00e1sico A1 de cualquier EOI espa\u00f1ola, entregando el correspondiente certificado en el momento de la preinscripci\u00f3n, y si no se dispone de \u00e9l, en el momento de la matriculaci\u00f3n,<\/li>\n<li>o bien si ha superado el franc\u00e9s como primer idioma en 1\u00ba o 2\u00ba de Bachillerato o equivalentes (Real Decreto 986\/1991),<\/li>\n<li>o bien, como m\u00ednimo, una de las correspondientes titulaciones recogidas en el Anexo III de la orden de convalidaciones del 31 de enero de 2011: DELF A1,<\/li>\n<li>o bien, podr\u00e1 realizar la P.I.C. correspondiente (Prueba Inicial de Clasificaci\u00f3n).<\/li>\n<\/ul>\n<p>Para ello la EOI M\u00e1laga recuerda que el solicitante <strong>ha de tener en cuenta lo siguiente: <\/strong><\/p>\n<ul>\n<li>Sobrestimar sus conocimientos ir\u00e1 en perjuicio propio ya que en ning\u00fan caso podr\u00e1 retroceder a Nivel B\u00e1sico A1 ni avanzar de curso.<\/li>\n<li>El resultado de la prueba s\u00f3lo tendr\u00e1 efecto si el solicitante es admitido.<\/li>\n<li>La P.I.C. no tiene validez acad\u00e9mica, s\u00f3lo sirve de orientaci\u00f3n para ubicar al alumnado en un curso determinado.<\/li>\n<li>Para un mejor conocimiento de los contenidos del Nivel B\u00e1sico es imprescindible consultar la programaci\u00f3n de cada nivel publicada en la p\u00e1gina web de cada Dpto. de la EOI M\u00e1laga.<\/li>\n<\/ul>\n<p class=\"Estilo46\"><span style=\"color: #000000;\"><strong>Descripci\u00f3n y evaluaci\u00f3n de la P.I.C.<\/strong><\/span><\/p>\n<ul>\n<li class=\"Estilo46\">La P.I.C. de la EOI M\u00e1laga es una\u00a0<strong>prueba autocorregible\u00a0<\/strong>, por tanto, el alumno es responsable de proceder adecuadamente en su realizaci\u00f3n. Su objetivo es evaluar la competencia general del idioma<\/li>\n<li class=\"Estilo46\">A continuaci\u00f3n de la prueba, el solicitante debe indicar el\u00a0<strong>n\u00famero de respuestas correctas\u00a0<\/strong>que ha obtenido en la hoja de respuestas.<\/li>\n<li class=\"Estilo44\"><span class=\"Estilo46\">En la documentaci\u00f3n que se entregue para realizar la solicitud de plaza, no es necesario entregar la P.I.C. efectuada pero\u00a0<strong>es obligatorio entregar la hoja de respuestas cumplimentada y firmada.<\/strong><\/span><\/li>\n<\/ul>\n<p><strong><a href=\"https:\/\/docs.google.com\/forms\/d\/e\/1FAIpQLSc7nGMc1GsuvUEnLweUK8wMIQhg2j2_-DGZUAuT24oACm51wA\/viewform\" target=\"_blank\" rel=\"noopener noreferrer\">Acceder al men\u00fa de PICs<\/a><\/strong>[\/vc_column_text][\/vc_tta_section][vc_tta_section title=\u00bbIntermedio B1&#8243; tab_id=\u00bb1543228444451-2d3ddec7-ee94&#8243;][vc_column_text]<span style=\"color: #000000;\"><strong>NIVEL INTERMEDIO B1:<\/strong><\/span><\/p>\n<p>Para solicitar este nivel, el solicitante tendr\u00e1 que acreditar:<\/p>\n<ul>\n<li>Nivel B\u00e1sico A2 de cualquier EOI espa\u00f1ola, entregando el correspondiente certificado en el momento de la preinscripci\u00f3n, y si no se dispone de \u00e9l, en el momento de la matriculaci\u00f3n,<\/li>\n<li>o bien si ha superado el franc\u00e9s como primer idioma en 2\u00ba de Bachillerato o equivalente (Real Decreto 986\/1991)<\/li>\n<li>o bien, como m\u00ednimo, una de las correspondientes titulaciones recogidas en el Anexo III de la orden de convalidaciones del 31 de enero de 2011: CEFP1 o DELF A2.<\/li>\n<\/ul>\n<p>O bien, podr\u00e1 realizar la P.I.C. correspondiente (Prueba Inicial de Clasificaci\u00f3n):<\/p>\n<p>La EOI M\u00e1laga recuerda que el solicitante <strong>ha de tener en cuenta lo siguiente: <\/strong><\/p>\n<ul>\n<li>Sobrestimar sus conocimientos ir\u00e1 en perjuicio propio ya que en ning\u00fan caso podr\u00e1 retroceder ni avanzar de curso.<\/li>\n<li>El resultado de la prueba s\u00f3lo tendr\u00e1 efecto si el solicitante es admitido.<\/li>\n<li>La P.I.C. no tiene validez acad\u00e9mica, s\u00f3lo sirve de orientaci\u00f3n para ubicar al alumnado en un curso determinado.<\/li>\n<li>Para un mejor conocimiento de los contenidos del nivel correspondiente es imprescindible consultar la programaci\u00f3n de cada nivel publicada en la p\u00e1gina web de cada Dpto. de la EOI M\u00e1laga.<\/li>\n<\/ul>\n<p class=\"Estilo46\"><span style=\"color: #000000;\"><strong>Descripci\u00f3n y evaluaci\u00f3n de la P.I.C.<\/strong><\/span><\/p>\n<ul>\n<li class=\"Estilo46\">La P.I.C. de la EOI M\u00e1laga es una\u00a0<strong>prueba autocorregible\u00a0<\/strong>, por tanto, el alumno es responsable de proceder adecuadamente en su realizaci\u00f3n. Su objetivo es evaluar la competencia general del idioma<\/li>\n<li class=\"Estilo46\">A continuaci\u00f3n de la prueba, el solicitante debe indicar el\u00a0<strong>n\u00famero de respuestas correctas\u00a0<\/strong>que ha obtenido en la hoja de respuestas.<\/li>\n<li class=\"Estilo44\"><span class=\"Estilo46\">En la documentaci\u00f3n que se entregue para realizar la solicitud de plaza, no es necesario entregar la P.I.C. efectuada pero\u00a0<strong>es obligatorio entregar la hoja de respuestas cumplimentada y firmada.<\/strong><\/span><\/li>\n<\/ul>\n<p><strong><a href=\"https:\/\/docs.google.com\/forms\/d\/e\/1FAIpQLSe5p9AqyHfZS6okbn2OKY8IOiTLDDWWHIeHbGsRcAZ25pE09g\/viewform\" target=\"_blank\" rel=\"noopener noreferrer\">Acceder al men\u00fa de PICs<\/a><\/strong>[\/vc_column_text][\/vc_tta_section][vc_tta_section title=\u00bbIntermedio B2-1&#8243; tab_id=\u00bb1543230316124-494782e2-38c9&#8243;][vc_column_text]<span style=\"color: #000000;\"><strong>NIVEL\u00a0<\/strong><strong>INTERMEDIO B2-1<\/strong>:<\/span><\/p>\n<p>Para solicitar este curso, el solicitante tendr\u00e1 que acreditar:<\/p>\n<ul>\n<li>Nivel Intermedio B1 de cualquier EOI espa\u00f1ola, entregando el correspondiente certificado en el momento de la preinscripci\u00f3n, y si no se dispone de \u00e9l, en el momento de la matriculaci\u00f3n,<\/li>\n<li>o bien el CEFP 2 o el DELF B1, certificaci\u00f3n recogida en el Anexo III de la orden de convalidaciones del 31 de enero de 2011,<\/li>\n<li>o bien directamente realizando la P.I.C. (Prueba Inicial de Clasificaci\u00f3n) correspondiente.<\/li>\n<\/ul>\n<p>Para ello la EOI M\u00e1laga recuerda que el solicitante <strong>ha de tener en cuenta lo siguiente: <\/strong><\/p>\n<ul>\n<li>Sobrestimar sus conocimientos ir\u00e1 en perjuicio propio ya que en ning\u00fan caso podr\u00e1 retroceder ni avanzar de curso.<\/li>\n<li>El resultado de la prueba s\u00f3lo tendr\u00e1 efecto si el solicitante es admitido.<\/li>\n<li>La P.I.C. no tiene validez acad\u00e9mica, s\u00f3lo sirve de orientaci\u00f3n para ubicar al alumnado en un curso determinado.<\/li>\n<li>Para un mejor conocimiento de los contenidos del nivel correspondiente es imprescindible consultar la programaci\u00f3n de cada nivel publicada en la p\u00e1gina web de cada Dpto. de la EOI M\u00e1laga.<\/li>\n<\/ul>\n<p><span style=\"color: #000000;\"><strong>Descripci\u00f3n y evaluaci\u00f3n de la P.I.C. <\/strong><\/span><\/p>\n<ul>\n<li class=\"Estilo46\">La P.I.C. de la EOI M\u00e1laga es una\u00a0<strong>prueba autocorregible\u00a0<\/strong>, por tanto, el alumno es responsable de proceder adecuadamente en su realizaci\u00f3n. Su objetivo es evaluar la competencia general del idioma<\/li>\n<li class=\"Estilo46\">A continuaci\u00f3n de la prueba, el solicitante debe indicar el\u00a0<strong>n\u00famero de respuestas correctas\u00a0<\/strong>que ha obtenido en la hoja de respuestas.<\/li>\n<li class=\"Estilo44\"><span class=\"Estilo46\">En la documentaci\u00f3n que se entregue para realizar la solicitud de plaza, no es necesario entregar la P.I.C. efectuada pero\u00a0<strong>es obligatorio entregar la hoja de respuestas cumplimentada y firmada.<\/strong><\/span><\/li>\n<\/ul>\n<p><strong><a href=\"https:\/\/docs.google.com\/forms\/d\/e\/1FAIpQLSe0bKXqEq6P8LYAliPVXrz9gizITAsRk2GCHa73gzVRUMNwMQ\/viewform\" target=\"_blank\" rel=\"noopener noreferrer\">Acceder al men\u00fa de PICs<\/a><\/strong>[\/vc_column_text][\/vc_tta_section][vc_tta_section title=\u00bbIntermedio B2-2&#8243; tab_id=\u00bb1543230313724-d4273843-035a\u00bb][vc_column_text]<span style=\"color: #000000;\"><strong>NIVEL INTERMEDIO B2-2:<\/strong><\/span><\/p>\n<p>Para solicitar este curso, el solicitante tendr\u00e1 que acreditar:<\/p>\n<ul>\n<li>Nivel Intermedio B2-1 de cualquier EOI espa\u00f1ola (antes Avanzado B2.1), entregando el correspondiente certificado en el momento de la preinscripci\u00f3n, y si no se dispone de \u00e9l, en el momento de la matriculaci\u00f3n,<\/li>\n<li>o bien directamente realizando la P.I.C. (Prueba Inicial de Clasificaci\u00f3n) correspondiente.<\/li>\n<\/ul>\n<p>Para ello la EOI M\u00e1laga recuerda que el solicitante <strong>ha de tener en cuenta lo siguiente: <\/strong><\/p>\n<ul>\n<li>Sobrestimar sus conocimientos ir\u00e1 en perjuicio propio ya que en ning\u00fan caso podr\u00e1 retroceder ni avanzar de curso.<\/li>\n<li>El resultado de la prueba s\u00f3lo tendr\u00e1 efecto si el solicitante es admitido.<\/li>\n<li>La P.I.C. no tiene validez acad\u00e9mica, s\u00f3lo sirve de orientaci\u00f3n para ubicar al alumnado en un curso determinado.<\/li>\n<li>Para un mejor conocimiento de los contenidos del nivel correspondiente es imprescindible consultar la programaci\u00f3n de cada nivel publicada en la p\u00e1gina web de cada Dpto. de la EOI M\u00e1laga.<\/li>\n<\/ul>\n<p><span style=\"color: #000000;\"><strong>Descripci\u00f3n y evaluaci\u00f3n de la P.I.C. <\/strong><\/span><\/p>\n<ul>\n<li class=\"Estilo46\">La P.I.C. de la EOI M\u00e1laga es una\u00a0<strong>prueba autocorregible\u00a0<\/strong>, por tanto, el alumno es responsable de proceder adecuadamente en su realizaci\u00f3n. Su objetivo es evaluar la competencia general del idioma<\/li>\n<li class=\"Estilo46\">A continuaci\u00f3n de la prueba, el solicitante debe indicar el\u00a0<strong>n\u00famero de respuestas correctas\u00a0<\/strong>que ha obtenido en la hoja de respuestas.<\/li>\n<li class=\"Estilo44\"><span class=\"Estilo46\">En la documentaci\u00f3n que se entregue para realizar la solicitud de plaza, no es necesario entregar la P.I.C. efectuada pero\u00a0<strong>es obligatorio entregar la hoja de respuestas cumplimentada y firmada.<\/strong><\/span><\/li>\n<\/ul>\n<p><strong><a href=\"https:\/\/docs.google.com\/forms\/d\/e\/1FAIpQLSe0bKXqEq6P8LYAliPVXrz9gizITAsRk2GCHa73gzVRUMNwMQ\/viewform\" target=\"_blank\" rel=\"noopener noreferrer\">Acceder al men\u00fa de PICs<\/a><\/strong>[\/vc_column_text][\/vc_tta_section][\/vc_tta_tabs][\/vc_column][\/vc_row]<\/p>\n<\/div>","protected":false},"excerpt":{"rendered":"<p>[vc_row content_placement=\u00bbmiddle\u00bb][vc_column width=\u00bb1\/4&#8243;][vc_column_text] SEMIPRESENCIAL FRANC\u00c9S [\/vc_column_text][\/vc_column][vc_column width=\u00bb3\/4&#8243;][vc_column_text] Requisitos acad\u00e9micos Acceso a niveles superiores a B\u00e1sico 1 [\/vc_column_text][vc_column_text] Aseg\u00farese de que est\u00e1 en posesi\u00f3n de la cualificaci\u00f3n exigida para acceder al nivel de que se trate. No se admite ninguna otra cualificaci\u00f3n aparte de la especificada en este programa. No realice solicitud de plaza si no [&hellip;]<\/p>\n","protected":false},"author":11,"featured_media":0,"parent":6905,"menu_order":0,"comment_status":"closed","ping_status":"closed","template":"","meta":{"footnotes":""},"class_list":["post-6916","page","type-page","status-publish","hentry"],"_links":{"self":[{"href":"https:\/\/www.eoimalaga.com\/apps\/wp-json\/wp\/v2\/pages\/6916","targetHints":{"allow":["GET"]}}],"collection":[{"href":"https:\/\/www.eoimalaga.com\/apps\/wp-json\/wp\/v2\/pages"}],"about":[{"href":"https:\/\/www.eoimalaga.com\/apps\/wp-json\/wp\/v2\/types\/page"}],"author":[{"embeddable":true,"href":"https:\/\/www.eoimalaga.com\/apps\/wp-json\/wp\/v2\/users\/11"}],"replies":[{"embeddable":true,"href":"https:\/\/www.eoimalaga.com\/apps\/wp-json\/wp\/v2\/comments?post=6916"}],"version-history":[{"count":16,"href":"https:\/\/www.eoimalaga.com\/apps\/wp-json\/wp\/v2\/pages\/6916\/revisions"}],"predecessor-version":[{"id":9208,"href":"https:\/\/www.eoimalaga.com\/apps\/wp-json\/wp\/v2\/pages\/6916\/revisions\/9208"}],"up":[{"embeddable":true,"href":"https:\/\/www.eoimalaga.com\/apps\/wp-json\/wp\/v2\/pages\/6905"}],"wp:attachment":[{"href":"https:\/\/www.eoimalaga.com\/apps\/wp-json\/wp\/v2\/media?parent=6916"}],"curies":[{"name":"wp","href":"https:\/\/api.w.org\/{rel}","templated":true}]}}