{"id":6907,"date":"2018-11-26T11:42:30","date_gmt":"2018-11-26T10:42:30","guid":{"rendered":"http:\/\/www.eoimalaga.com\/apps\/?page_id=6907"},"modified":"2024-05-02T11:11:21","modified_gmt":"2024-05-02T10:11:21","slug":"requiacad_semi_ale","status":"publish","type":"page","link":"https:\/\/www.eoimalaga.com\/apps\/central\/requiacad\/requiacad_semi_ale\/","title":{"rendered":"requiacad_semi_ale"},"content":{"rendered":"<div class=\"wpb-content-wrapper\"><p>[vc_row content_placement=\u00bbmiddle\u00bb][vc_column width=\u00bb1\/4&#8243;][vc_column_text]<a href=\"https:\/\/www.eoimalaga.com\/apps\/wp-content\/uploads\/2022\/04\/LOGO_NARANJA.png\"><img loading=\"lazy\" decoding=\"async\" class=\"aligncenter wp-image-8922\" src=\"https:\/\/www.eoimalaga.com\/apps\/wp-content\/uploads\/2022\/04\/LOGO_NARANJA.png\" alt=\"\" width=\"120\" height=\"122\" \/><\/a><\/p>\n<p style=\"text-align: center;\"><span style=\"font-size: 18pt; color: #ec774b;\"><strong>SEMPRESENCIAL<\/strong><\/span><\/p>\n<p style=\"text-align: center;\"><span style=\"font-size: 18pt; color: #ec774b;\"><strong>ALEM\u00c1N<\/strong><\/span><\/p>\n<p>[\/vc_column_text][\/vc_column][vc_column width=\u00bb3\/4&#8243;][vc_column_text]<\/p>\n<p style=\"text-align: center;\"><span style=\"color: #ec774b;\"><strong><span style=\"font-size: 24pt;\">Requisitos acad\u00e9micos <\/span><\/strong><\/span><\/p>\n<p style=\"text-align: center;\"><span style=\"color: #ec774b;\"><strong><span style=\"font-size: 18pt;\">Acceso a niveles superiores a B\u00e1sico 1<\/span><\/strong><\/span><\/p>\n<p>[\/vc_column_text][vc_column_text]<\/p>\n<ul>\n<li class=\"Estilo57\"><span style=\"color: #000000;\">Aseg\u00farese de que est\u00e1 en posesi\u00f3n de la cualificaci\u00f3n exigida para acceder al nivel de que se trate.<\/span><\/li>\n<li class=\"Estilo57\"><span style=\"color: #000000;\">No se admite ninguna otra cualificaci\u00f3n aparte de la especificada en este programa.<\/span><\/li>\n<li class=\"Estilo45\"><span style=\"color: #000000;\"><span class=\"Estilo58\">No realice solicitud de plaza si no cumple los requisitos exigidos<\/span> <span class=\"Estilo49\">en el momento de la matr\u00edcula<\/span>.<\/span><\/li>\n<li class=\"Estilo55\"><span style=\"color: #000000;\">Si se obtuviera la plaza y no se justificasen los requisitos, la matr\u00edcula quedar\u00eda invalidada.<\/span><\/li>\n<\/ul>\n<p>[\/vc_column_text][\/vc_column][\/vc_row][vc_row][vc_column][vc_tta_tabs style=\u00bboutline\u00bb color=\u00bbsandy-brown\u00bb active_section=\u00bb1&#8243;][vc_tta_section title=\u00bbB\u00e1sico 2 (A2)\u00bb tab_id=\u00bb1543228444359-88ff9d4e-17a7&#8243;][vc_column_text]<span style=\"color: #000000;\"><strong>NIVEL B\u00c1SICO 2:<\/strong><\/span><\/p>\n<p>Si el solicitante considera que su nivel es superior a A1 y no lo tiene acreditado por alguna EOI espa\u00f1ola, puede <strong>solicitar 2\u00ba de Nivel B\u00e1sico <\/strong>(A2):<\/p>\n<ul>\n<li>si acredita en el momento de la solicitud de plaza o como muy tarde cuando formalice la matriculaci\u00f3n <span style=\"color: #000000;\">el <em>Start Deutsch 1<\/em> del Goethe Institut, certificaci\u00f3n recogida en el Anexo III de la orden de convalidaciones del 31 de enero de 2011,<\/span><\/li>\n<li><span style=\"color: #000000;\">o bien directamente realizando una P.I.C. (Prueba Inicial de Clasificaci\u00f3n).<\/span><\/li>\n<\/ul>\n<p>Para ello la EOI de M\u00e1laga recuerda que el solicitante <strong>ha de tener en cuenta lo siguiente: <\/strong><\/p>\n<ul>\n<li>Sobrestimar sus conocimientos ir\u00e1 en perjuicio propio ya que en ning\u00fan caso podr\u00e1 retroceder a 1\u00ba de Nivel B\u00e1sico (A1) ni avanzar de curso.<\/li>\n<li>El resultado de la prueba s\u00f3lo tendr\u00e1 efecto si el solicitante es admitido.<\/li>\n<li>La P.I.C. no tiene validez acad\u00e9mica, s\u00f3lo sirve de orientaci\u00f3n para ubicar al alumnado en un curso determinado.<\/li>\n<li>Para un mejor conocimiento de los contenidos del Nivel B\u00e1sico es imprescindible consultar la programaci\u00f3n de cada nivel publicada en la p\u00e1gina web de cada Dpto. de la EOI M\u00e1laga.<\/li>\n<\/ul>\n<p><span style=\"color: #000000;\"><strong>Descripci\u00f3n y evaluaci\u00f3n de la P.I.C.<\/strong><\/span><\/p>\n<ul>\n<li class=\"Estilo46\">La P.I.C. de la EOI M\u00e1laga es una\u00a0<strong>prueba autocorregible\u00a0<\/strong>, por tanto, el alumno es responsable de proceder adecuadamente en su realizaci\u00f3n. Su objetivo es evaluar la competencia general del idioma<\/li>\n<li class=\"Estilo46\">A continuaci\u00f3n de la prueba, el solicitante debe indicar el\u00a0<strong>n\u00famero de respuestas correctas\u00a0<\/strong>que ha obtenido en la hoja de respuestas.<\/li>\n<li class=\"Estilo44\"><span class=\"Estilo46\">En la documentaci\u00f3n que se entregue para realizar la solicitud de plaza, no es necesario entregar la P.I.C. efectuada pero\u00a0<strong>es obligatorio entregar la hoja de respuestas cumplimentada y firmada.<\/strong><\/span><\/li>\n<\/ul>\n<p><strong><a href=\"https:\/\/docs.google.com\/forms\/d\/e\/1FAIpQLScRbcEOaiOcGw3vM7Caf9KfZhutBLAXIZKxSVFiSCiKZpUG4Q\/viewform\" target=\"_blank\" rel=\"noopener noreferrer\">Acceder al men\u00fa de PICs<\/a><\/strong>[\/vc_column_text][\/vc_tta_section][vc_tta_section title=\u00bbIntermedio B1&#8243; tab_id=\u00bb1543228444451-2d3ddec7-ee94&#8243;][vc_column_text]<span style=\"color: #000000;\"><strong>NIVEL INTERMEDIO B1:<\/strong><\/span><\/p>\n<p>Para solicitar este nivel, el solicitante tendr\u00e1 que acreditar:<\/p>\n<ul>\n<li><strong>EOI<\/strong>: Nivel b\u00e1sico, Nivel A2<\/li>\n<li><strong>Goethe Institut<\/strong>: Goethe Zertifikat A2, Start Deutsch A2, Fit in Deutsch 2 (Fit 2)<\/li>\n<li><strong>ACLES<\/strong>: CertAcles A2<\/li>\n<li><strong>Business Language Testing Service (BULATS)<\/strong>: 20-39<\/li>\n<li><strong>Deutsches Sprachdiplom der Kulturministerkonferenz (KMK)<\/strong>: Deutsches Sprachdiplom A2 (DSD-A2)<\/li>\n<li><strong>\u00d6sterreiches Sprachdiplom Deutsch (\u00d6SD)<\/strong>: \u00d6SD Zertifikat A2, \u00d6SD KID A2<\/li>\n<li><strong>The European Languages Certificates (telc)<\/strong>: telc Deutsch A2, telc A2+Beruf, telc A2 Schule, Deutsch-Test f\u00fcr Zuwanderer A2-B1, Deutsch-Test f\u00fcr Zuwanderer A2-B1 Juegendintegrationskurs<\/li>\n<li><strong>UNICERT<\/strong>: Basis<\/li>\n<\/ul>\n<ul>\n<li><span style=\"color: #000000;\">o bien directamente realizando una P.I.C. (Prueba Inicial de Clasificaci\u00f3n).<\/span><\/li>\n<\/ul>\n<p>Para ello la EOI de M\u00e1laga recuerda que el solicitante <strong>ha de tener en cuenta lo siguiente: <\/strong><\/p>\n<ul>\n<li>Sobrestimar sus conocimientos ir\u00e1 en perjuicio propio ya que en ning\u00fan caso podr\u00e1 retroceder a Nivel B\u00e1sico ni avanzar de curso.<\/li>\n<li>El resultado de la prueba s\u00f3lo tendr\u00e1 efecto si el solicitante es admitido.<\/li>\n<li>La P.I.C. no tiene validez acad\u00e9mica, s\u00f3lo sirve de orientaci\u00f3n para ubicar al alumnado en un curso determinado.<\/li>\n<li>Para un mejor conocimiento de los contenidos del Nivel Intermedio es imprescindible consultar la programaci\u00f3n de cada nivel publicada en la p\u00e1gina web de cada Dpto. de la EOI M\u00e1laga<\/li>\n<\/ul>\n<p><span style=\"color: #000000;\"><strong>Descripci\u00f3n y evaluaci\u00f3n de la P.I.C. <\/strong><\/span><\/p>\n<ul>\n<li class=\"Estilo46\">La P.I.C. de la EOI M\u00e1laga es una\u00a0<strong>prueba autocorregible\u00a0<\/strong>, por tanto, el alumno es responsable de proceder adecuadamente en su realizaci\u00f3n. Su objetivo es evaluar la competencia general del idioma<\/li>\n<li class=\"Estilo46\">A continuaci\u00f3n de la prueba, el solicitante debe indicar el\u00a0<strong>n\u00famero de respuestas correctas\u00a0<\/strong>que ha obtenido en la hoja de respuestas.<\/li>\n<li class=\"Estilo44\"><span class=\"Estilo46\">En la documentaci\u00f3n que se entregue para realizar la solicitud de plaza, no es necesario entregar la P.I.C. efectuada pero\u00a0<strong>es obligatorio entregar la hoja de respuestas cumplimentada y firmada.<\/strong><\/span><\/li>\n<\/ul>\n<p><strong><a href=\"https:\/\/docs.google.com\/forms\/d\/e\/1FAIpQLScwJUal-zdsf9atuoQcOznRRCs7fgQAf5H81kogWx3ojQSYKQ\/viewform\" target=\"_blank\" rel=\"noopener noreferrer\">Acceder al men\u00fa de PICs<\/a><\/strong>[\/vc_column_text][\/vc_tta_section][\/vc_tta_tabs][\/vc_column][\/vc_row]<\/p>\n<\/div>","protected":false},"excerpt":{"rendered":"<p>[vc_row content_placement=\u00bbmiddle\u00bb][vc_column width=\u00bb1\/4&#8243;][vc_column_text] SEMPRESENCIAL ALEM\u00c1N [\/vc_column_text][\/vc_column][vc_column width=\u00bb3\/4&#8243;][vc_column_text] Requisitos acad\u00e9micos Acceso a niveles superiores a B\u00e1sico 1 [\/vc_column_text][vc_column_text] Aseg\u00farese de que est\u00e1 en posesi\u00f3n de la cualificaci\u00f3n exigida para acceder al nivel de que se trate. No se admite ninguna otra cualificaci\u00f3n aparte de la especificada en este programa. No realice solicitud de plaza si no [&hellip;]<\/p>\n","protected":false},"author":11,"featured_media":0,"parent":6458,"menu_order":0,"comment_status":"closed","ping_status":"closed","template":"","meta":{"footnotes":""},"class_list":["post-6907","page","type-page","status-publish","hentry"],"_links":{"self":[{"href":"https:\/\/www.eoimalaga.com\/apps\/wp-json\/wp\/v2\/pages\/6907","targetHints":{"allow":["GET"]}}],"collection":[{"href":"https:\/\/www.eoimalaga.com\/apps\/wp-json\/wp\/v2\/pages"}],"about":[{"href":"https:\/\/www.eoimalaga.com\/apps\/wp-json\/wp\/v2\/types\/page"}],"author":[{"embeddable":true,"href":"https:\/\/www.eoimalaga.com\/apps\/wp-json\/wp\/v2\/users\/11"}],"replies":[{"embeddable":true,"href":"https:\/\/www.eoimalaga.com\/apps\/wp-json\/wp\/v2\/comments?post=6907"}],"version-history":[{"count":19,"href":"https:\/\/www.eoimalaga.com\/apps\/wp-json\/wp\/v2\/pages\/6907\/revisions"}],"predecessor-version":[{"id":9850,"href":"https:\/\/www.eoimalaga.com\/apps\/wp-json\/wp\/v2\/pages\/6907\/revisions\/9850"}],"up":[{"embeddable":true,"href":"https:\/\/www.eoimalaga.com\/apps\/wp-json\/wp\/v2\/pages\/6458"}],"wp:attachment":[{"href":"https:\/\/www.eoimalaga.com\/apps\/wp-json\/wp\/v2\/media?parent=6907"}],"curies":[{"name":"wp","href":"https:\/\/api.w.org\/{rel}","templated":true}]}}