{"id":6905,"date":"2018-11-26T11:27:03","date_gmt":"2018-11-26T10:27:03","guid":{"rendered":"http:\/\/www.eoimalaga.com\/apps\/?page_id=6905"},"modified":"2022-04-29T20:00:04","modified_gmt":"2022-04-29T19:00:04","slug":"requiacad_semi","status":"publish","type":"page","link":"https:\/\/www.eoimalaga.com\/apps\/central\/requiacad\/requiacad_semi\/","title":{"rendered":"requiacad_semi"},"content":{"rendered":"<div class=\"wpb-content-wrapper\"><p>[vc_row][vc_column width=\u00bb1\/4&#8243;][vc_column_text]<a href=\"https:\/\/www.eoimalaga.com\/apps\/wp-content\/uploads\/2022\/04\/LOGO_NARANJA.png\"><img loading=\"lazy\" decoding=\"async\" class=\"aligncenter wp-image-8922\" src=\"https:\/\/www.eoimalaga.com\/apps\/wp-content\/uploads\/2022\/04\/LOGO_NARANJA.png\" alt=\"\" width=\"120\" height=\"122\" \/><\/a>[\/vc_column_text][vc_column_text css=\u00bb.vc_custom_1651258773095{background-color: #ec774b !important;}\u00bb]<\/p>\n<h2><\/h2>\n<h2 style=\"text-align: center;\"><span style=\"color: #ffffff;\">SEMIPRESENCIAL<\/span><\/h2>\n<p>[\/vc_column_text][\/vc_column][vc_column width=\u00bb3\/4&#8243;][vc_column_text]<\/p>\n<p style=\"text-align: center;\"><span style=\"color: #ec774b;\"><strong><span style=\"font-size: 24pt;\">Requisitos acad\u00e9micos <\/span><\/strong><\/span><\/p>\n<p style=\"text-align: center;\"><span style=\"color: #ec774b;\"><strong><span style=\"font-size: 18pt;\">Acceso a niveles superiores a B\u00e1sico 1<\/span><\/strong><\/span><\/p>\n<p>[\/vc_column_text][vc_column_text]<\/p>\n<ul>\n<li class=\"Estilo57\" style=\"text-align: justify;\"><span style=\"color: #000000;\">Para acceder a la informaci\u00f3n espec\u00edfica, pulse sobre el bot\u00f3n del idioma en el men\u00fa de abajo.<\/span><\/li>\n<li class=\"Estilo57\" style=\"text-align: justify;\"><span style=\"color: #000000;\">Aseg\u00farese de que est\u00e1 en posesi\u00f3n de la cualificaci\u00f3n exigida para acceder al nivel de que se trate.<\/span><\/li>\n<li class=\"Estilo57\" style=\"text-align: justify;\"><span style=\"color: #000000;\">No se admite ninguna otra cualificaci\u00f3n aparte de la especificada en este programa.<\/span><\/li>\n<li class=\"Estilo45\" style=\"text-align: justify;\"><span style=\"color: #000000;\"><span class=\"Estilo58\">No realice solicitud de plaza si no cumple los requisitos exigidos<\/span> <span class=\"Estilo49\">en el momento de la matr\u00edcula<\/span>.<\/span><\/li>\n<li class=\"Estilo55\" style=\"text-align: justify;\"><span style=\"color: #000000;\">Si se obtuviera la plaza y no se justificasen los requisitos, la matr\u00edcula quedar\u00eda invalidada.<\/span><\/li>\n<\/ul>\n<p>[\/vc_column_text][\/vc_column][\/vc_row][vc_column][\/vc_column][vc_column_text][\/vc_column_text][vc_row][vc_column width=\u00bb1\/3&#8243;][vc_btn title=\u00bbALEM\u00c1N\u00bb style=\u00bbflat\u00bb color=\u00bbwarning\u00bb size=\u00bblg\u00bb align=\u00bbcenter\u00bb button_block=\u00bbtrue\u00bb link=\u00bburl:https%3A%2F%2Fwww.eoimalaga.com%2Fapps%2Fcentral%2Frequiacad%2Frequiacad_semi_ale%2F|title:ALEM%C3%81N|target:%20_blank|\u00bb][\/vc_column][vc_column width=\u00bb1\/3&#8243;][vc_btn title=\u00bbFRANC\u00c9S\u00bb style=\u00bbflat\u00bb color=\u00bbwarning\u00bb size=\u00bblg\u00bb align=\u00bbcenter\u00bb button_block=\u00bbtrue\u00bb link=\u00bburl:https%3A%2F%2Fwww.eoimalaga.com%2Fapps%2Fcentral%2Frequiacad%2Frequiacad_semi%2Frequiacad_semi_fra%2F|title:FRANC%C3%89S|target:%20_blank|\u00bb][\/vc_column][vc_column width=\u00bb1\/3&#8243;][vc_btn title=\u00bbINGL\u00c9S\u00bb style=\u00bbflat\u00bb color=\u00bbwarning\u00bb size=\u00bblg\u00bb align=\u00bbcenter\u00bb button_block=\u00bbtrue\u00bb link=\u00bburl:https%3A%2F%2Fwww.eoimalaga.com%2Fapps%2Fcentral%2Frequiacad%2Frequiacad_semi%2Frequiacad_semi_ing%2F|title:INGL%C3%89S|target:%20_blank|\u00bb][\/vc_column][\/vc_row]<\/p>\n<\/div>","protected":false},"excerpt":{"rendered":"<p>[vc_row][vc_column width=\u00bb1\/4&#8243;][vc_column_text][\/vc_column_text][vc_column_text css=\u00bb.vc_custom_1651258773095{background-color: #ec774b !important;}\u00bb] SEMIPRESENCIAL [\/vc_column_text][\/vc_column][vc_column width=\u00bb3\/4&#8243;][vc_column_text] Requisitos acad\u00e9micos Acceso a niveles superiores a B\u00e1sico 1 [\/vc_column_text][vc_column_text] Para acceder a la informaci\u00f3n espec\u00edfica, pulse sobre el bot\u00f3n del idioma en el men\u00fa de abajo. Aseg\u00farese de que est\u00e1 en posesi\u00f3n de la cualificaci\u00f3n exigida para acceder al nivel de que se trate. No se [&hellip;]<\/p>\n","protected":false},"author":11,"featured_media":0,"parent":6458,"menu_order":0,"comment_status":"closed","ping_status":"closed","template":"","meta":{"footnotes":""},"class_list":["post-6905","page","type-page","status-publish","hentry"],"_links":{"self":[{"href":"https:\/\/www.eoimalaga.com\/apps\/wp-json\/wp\/v2\/pages\/6905","targetHints":{"allow":["GET"]}}],"collection":[{"href":"https:\/\/www.eoimalaga.com\/apps\/wp-json\/wp\/v2\/pages"}],"about":[{"href":"https:\/\/www.eoimalaga.com\/apps\/wp-json\/wp\/v2\/types\/page"}],"author":[{"embeddable":true,"href":"https:\/\/www.eoimalaga.com\/apps\/wp-json\/wp\/v2\/users\/11"}],"replies":[{"embeddable":true,"href":"https:\/\/www.eoimalaga.com\/apps\/wp-json\/wp\/v2\/comments?post=6905"}],"version-history":[{"count":19,"href":"https:\/\/www.eoimalaga.com\/apps\/wp-json\/wp\/v2\/pages\/6905\/revisions"}],"predecessor-version":[{"id":9063,"href":"https:\/\/www.eoimalaga.com\/apps\/wp-json\/wp\/v2\/pages\/6905\/revisions\/9063"}],"up":[{"embeddable":true,"href":"https:\/\/www.eoimalaga.com\/apps\/wp-json\/wp\/v2\/pages\/6458"}],"wp:attachment":[{"href":"https:\/\/www.eoimalaga.com\/apps\/wp-json\/wp\/v2\/media?parent=6905"}],"curies":[{"name":"wp","href":"https:\/\/api.w.org\/{rel}","templated":true}]}}