{"id":6563,"date":"2018-11-13T09:50:17","date_gmt":"2018-11-13T08:50:17","guid":{"rendered":"http:\/\/www.eoimalaga.com\/apps\/?page_id=6563"},"modified":"2024-05-24T10:41:07","modified_gmt":"2024-05-24T09:41:07","slug":"requiacad_ord_rus","status":"publish","type":"page","link":"https:\/\/www.eoimalaga.com\/apps\/central\/requiacad\/requiacad_ord\/requiacad_ord_rus\/","title":{"rendered":"requiacad_ord_rus"},"content":{"rendered":"<div class=\"wpb-content-wrapper\"><p>[vc_row content_placement=\u00bbmiddle\u00bb][vc_column width=\u00bb1\/4&#8243;][vc_column_text]<a href=\"https:\/\/www.eoimalaga.com\/apps\/wp-content\/uploads\/2018\/11\/LogoEOI_small.jpg\"><img loading=\"lazy\" decoding=\"async\" class=\"aligncenter size-full wp-image-6426\" src=\"https:\/\/www.eoimalaga.com\/apps\/wp-content\/uploads\/2018\/11\/LogoEOI_small.jpg\" alt=\"\" width=\"116\" height=\"115\" \/><\/a><\/p>\n<h2 style=\"text-align: center;\"><span style=\"color: #000000;\">PRESENCIAL<\/span><\/h2>\n<p>[\/vc_column_text][\/vc_column][vc_column width=\u00bb3\/4&#8243;][vc_column_text]<\/p>\n<p style=\"text-align: center;\"><span style=\"color: #2584c8;\"><strong><span style=\"font-size: 24pt;\">Requisitos acad\u00e9micos <\/span><\/strong><\/span><\/p>\n<p style=\"text-align: center;\"><span style=\"color: #2584c8;\"><strong><span style=\"font-size: 18pt;\">Acceso a cursos superiores a B\u00e1sico 1<\/span><\/strong><\/span><\/p>\n<p>[\/vc_column_text][vc_column_text css=\u00bb.vc_custom_1651327045051{background-color: #58b7d2 !important;}\u00bb]<\/p>\n<p style=\"text-align: center;\"><span style=\"color: #ffffff;\"><strong><span style=\"font-size: 18pt;\">RUSO<\/span><\/strong><\/span><\/p>\n<p>[\/vc_column_text][\/vc_column][\/vc_row][vc_row][vc_column][vc_tta_tabs style=\u00bboutline\u00bb color=\u00bbturquoise\u00bb active_section=\u00bb1&#8243;][vc_tta_section title=\u00bbB\u00e1sico 2&#8243; tab_id=\u00bb1542040433806-0f5a95f0-7a4e\u00bb][vc_column_text]<strong>Para solicitar 2\u00ba de Nivel B\u00e1sico (A2), el solicitante tendr\u00e1 que acreditar <\/strong>entregando el correspondiente certificado en el momento de la preinscripci\u00f3n, y si no se dispone de \u00e9l, en el momento de la matriculaci\u00f3n:<\/p>\n<ul>\n<li>el A1 (Nivel B\u00e1sico 1) de cualquier EOI espa\u00f1ola, entregando el correspondiente certificado en el momento de la preinscripci\u00f3n, y si no se dispone de \u00e9l, en el momento de la matriculaci\u00f3n,<\/li>\n<li>o bien el certificado TRKI ELEMENTARNY<\/li>\n<li>o bien, podr\u00e1 realizar la P.I.C. correspondiente (Prueba Inicial de Clasificaci\u00f3n).<\/li>\n<\/ul>\n<p>La EOI de M\u00e1laga recuerda que el solicitante <strong>ha de tener en cuenta lo siguiente: <\/strong><\/p>\n<ul>\n<li>Sobrestimar sus conocimientos ir\u00e1 en perjuicio propio ya que en ning\u00fan caso podr\u00e1 retroceder a 1\u00ba de Nivel B\u00e1sico (A1) ni avanzar de curso.<\/li>\n<li>El resultado de la prueba s\u00f3lo tendr\u00e1 efecto si el solicitante es admitido.<\/li>\n<li>La P.I.C. no tiene validez acad\u00e9mica, s\u00f3lo sirve de orientaci\u00f3n para ubicar al alumnado en un curso determinado.<\/li>\n<\/ul>\n<p>Para un mejor conocimiento de los contenidos del Nivel B\u00e1sico es imprescindible consultar la programaci\u00f3n de cada nivel publicada en la p\u00e1gina web de cada Dpto. de la EOI M\u00e1laga.<\/p>\n<p><strong>Descripci\u00f3n y evaluaci\u00f3n de la P.I.C. <\/strong><\/p>\n<ul>\n<li class=\"Estilo46\">La P.I.C. de la EOI M\u00e1laga es una\u00a0<strong>prueba autocorregible\u00a0<\/strong>, por tanto, el alumno es responsable de proceder adecuadamente en su realizaci\u00f3n. Su objetivo es evaluar la competencia general del idioma<\/li>\n<li class=\"Estilo46\">A continuaci\u00f3n de la prueba, el solicitante debe indicar el\u00a0<strong>n\u00famero de respuestas correctas\u00a0<\/strong>que ha obtenido en la hoja de respuestas.<\/li>\n<li class=\"Estilo44\"><span class=\"Estilo46\">En la documentaci\u00f3n que se entregue para realizar la solicitud de plaza, no es necesario entregar la P.I.C. efectuada pero\u00a0<strong>es obligatorio entregar la hoja de respuestas cumplimentada y firmada.<\/strong><\/span><\/li>\n<\/ul>\n<p>&nbsp;<\/p>\n<p><a href=\"https:\/\/docs.google.com\/forms\/d\/e\/1FAIpQLSeXAK7XtIW8KnLSkoLpIQTMyM9rRz4gwNYN2rJZcn2iVZQJcw\/viewform\" target=\"_blank\" rel=\"noopener noreferrer\"><strong><span class=\"Estilo46\">Acceso al men\u00fa de PICs<\/span><\/strong><\/a>[\/vc_column_text][\/vc_tta_section][vc_tta_section title=\u00bbIntermedio B1&#8243; tab_id=\u00bb1542040433806-0002452e-ef73&#8243;][vc_column_text]<strong>Para solicitar este nivel, el solicitante tendr\u00e1 que acreditar <\/strong>entregando el correspondiente certificado en el momento de la preinscripci\u00f3n, y si no se dispone de \u00e9l, en el momento de la matriculaci\u00f3n:<\/p>\n<ul>\n<li>el A2 (Nivel B\u00e1sico 2) de cualquier EOI espa\u00f1ola,<\/li>\n<li>o bien el certificado TRKI BAZOVY<\/li>\n<li>o bien, podr\u00e1 realizar la P.I.C. correspondiente (Prueba Inicial de Clasificaci\u00f3n).<\/li>\n<\/ul>\n<p>La EOI de M\u00e1laga recuerda que el solicitante <strong>ha de tener en cuenta lo siguiente: <\/strong><\/p>\n<ul>\n<li>Sobrestimar sus conocimientos ir\u00e1 en perjuicio propio ya que en ning\u00fan caso podr\u00e1 retroceder ni avanzar de curso.<\/li>\n<li>El resultado de la prueba s\u00f3lo tendr\u00e1 efecto si el solicitante es admitido.<\/li>\n<li>La P.I.C. no tiene validez acad\u00e9mica, s\u00f3lo sirve de orientaci\u00f3n para ubicar al alumnado en un curso determinado.<\/li>\n<li>Para un mejor conocimiento de los contenidos del nivel correspondiente es imprescindible consultar la programaci\u00f3n de cada nivel publicada en la p\u00e1gina web de cada Dpto. de la EOI M\u00e1laga.<\/li>\n<\/ul>\n<p><strong>Descripci\u00f3n y evaluaci\u00f3n de la P.I.C. <\/strong><\/p>\n<ul>\n<li class=\"Estilo46\">La P.I.C. de la EOI M\u00e1laga es una\u00a0<strong>prueba autocorregible\u00a0<\/strong>, por tanto, el alumno es responsable de proceder adecuadamente en su realizaci\u00f3n. Su objetivo es evaluar la competencia general del idioma<\/li>\n<li class=\"Estilo46\">A continuaci\u00f3n de la prueba, el solicitante debe indicar el\u00a0<strong>n\u00famero de respuestas correctas\u00a0<\/strong>que ha obtenido en la hoja de respuestas.<\/li>\n<li class=\"Estilo44\"><span class=\"Estilo46\">En la documentaci\u00f3n que se entregue para realizar la solicitud de plaza, no es necesario entregar la P.I.C. efectuada pero\u00a0<strong>es obligatorio entregar la hoja de respuestas cumplimentada y firmada.<\/strong><\/span><\/li>\n<\/ul>\n<p><strong><span class=\"Estilo46\"><a href=\"https:\/\/docs.google.com\/forms\/d\/e\/1FAIpQLScDOp5avBjxMZt3B-0erjKwSgq5pVhTcsIatUPcMZn39cfqbQ\/viewform\" target=\"_blank\" rel=\"noopener noreferrer\">Acceso al men\u00fa de PICs<\/a><\/span><\/strong>[\/vc_column_text][\/vc_tta_section][vc_tta_section title=\u00bbIntermedio B2-1&#8243; tab_id=\u00bb1542040456626-986f6010-bdb0&#8243;][vc_column_text]<strong>Para solicitar este nivel, el solicitante tendr\u00e1 que acreditar <\/strong>entregando el correspondiente certificado en el momento de la preinscripci\u00f3n, y si no se dispone de \u00e9l, en el momento de la matriculaci\u00f3n:<\/p>\n<ol>\n<li>el Nivel Intermedio B1 de cualquier EOI espa\u00f1ola,<\/li>\n<li>o bien el certificado TRKI-I (PERVY),<\/li>\n<li>o bien, podr\u00e1 realizar la P.I.C. correspondiente (Prueba Inicial de Clasificaci\u00f3n).<\/li>\n<\/ol>\n<p>La EOI de M\u00e1laga recuerda que el solicitante <strong>ha de tener en cuenta lo siguiente: <\/strong><\/p>\n<ul>\n<li>Sobrestimar sus conocimientos ir\u00e1 en perjuicio propio ya que en ning\u00fan caso podr\u00e1 retroceder ni avanzar de curso.<\/li>\n<li>El resultado de la prueba s\u00f3lo tendr\u00e1 efecto si el solicitante es admitido.<\/li>\n<li>La P.I.C. no tiene validez acad\u00e9mica, s\u00f3lo sirve de orientaci\u00f3n para ubicar al alumnado en un curso determinado.<\/li>\n<li>Para un mejor conocimiento de los contenidos del nivel correspondiente es imprescindible consultar la programaci\u00f3n de cada nivel publicada en la p\u00e1gina web de cada Dpto. de la EOI M\u00e1laga.<\/li>\n<\/ul>\n<p><strong>Descripci\u00f3n y evaluaci\u00f3n de la P.I.C. <\/strong><\/p>\n<ul>\n<li class=\"Estilo46\">La P.I.C. de la EOI M\u00e1laga es una\u00a0<strong>prueba autocorregible\u00a0<\/strong>, por tanto, el alumno es responsable de proceder adecuadamente en su realizaci\u00f3n. Su objetivo es evaluar la competencia general del idioma<\/li>\n<li class=\"Estilo46\">A continuaci\u00f3n de la prueba, el solicitante debe indicar el\u00a0<strong>n\u00famero de respuestas correctas\u00a0<\/strong>que ha obtenido en la hoja de respuestas.<\/li>\n<li class=\"Estilo44\"><span class=\"Estilo46\">En la documentaci\u00f3n que se entregue para realizar la solicitud de plaza, no es necesario entregar la P.I.C. efectuada pero\u00a0<strong>es obligatorio entregar la hoja de respuestas cumplimentada y firmada.<\/strong><\/span><\/li>\n<\/ul>\n<p><strong><span class=\"Estilo46\"><a href=\"https:\/\/docs.google.com\/forms\/d\/e\/1FAIpQLSfF48gOT5mEqqC1lCsYbTj0H9_ZoKy3EIUVPtcYGpAgajra6A\/viewform\" target=\"_blank\" rel=\"noopener noreferrer\">Acceso al men\u00fa de PICs<\/a><\/span><\/strong>[\/vc_column_text][\/vc_tta_section][vc_tta_section title=\u00bbIntermedio B2-2&#8243; tab_id=\u00bb1542040459635-cb2129ff-5ce9&#8243;][vc_column_text]<\/p>\n<p align=\"justify\"><strong>Para solicitar este nivel, el solicitante tendr\u00e1 que acreditar <\/strong>entregando el correspondiente certificado en el momento de la preinscripci\u00f3n, y si no se dispone de \u00e9l, en el momento de la matriculaci\u00f3n:<\/p>\n<ol>\n<li>acreditar haber superado el Nivel Intermedio B2.1\u00a0 en una EOI espa\u00f1ola (antes Avanzado B2.1)<\/li>\n<li>o bien el certificado TRKI-II (VTOROY)<\/li>\n<li>o bien, podr\u00e1 realizar la P.I.C. correspondiente (Prueba Inicial de Clasificaci\u00f3n).<\/li>\n<\/ol>\n<p>La EOI de M\u00e1laga recuerda que el solicitante <strong>ha de tener en cuenta lo siguiente: <\/strong><\/p>\n<ul>\n<li>Sobrestimar sus conocimientos ir\u00e1 en perjuicio propio ya que en ning\u00fan caso podr\u00e1 retroceder ni avanzar de curso.<\/li>\n<li>El resultado de la prueba s\u00f3lo tendr\u00e1 efecto si el solicitante es admitido.<\/li>\n<li>La P.I.C. no tiene validez acad\u00e9mica, s\u00f3lo sirve de orientaci\u00f3n para ubicar al alumnado en un curso determinado.<\/li>\n<li>Para un mejor conocimiento de los contenidos del nivel correspondiente es imprescindible consultar la programaci\u00f3n de cada nivel publicada en la p\u00e1gina web de cada Dpto. de la EOI M\u00e1laga.<\/li>\n<\/ul>\n<p><strong>Descripci\u00f3n y evaluaci\u00f3n de la P.I.C. <\/strong><\/p>\n<ul>\n<li class=\"Estilo46\">La P.I.C. de la EOI M\u00e1laga es una\u00a0<strong>prueba autocorregible\u00a0<\/strong>, por tanto, el alumno es responsable de proceder adecuadamente en su realizaci\u00f3n. Su objetivo es evaluar la competencia general del idioma<\/li>\n<li class=\"Estilo46\">A continuaci\u00f3n de la prueba, el solicitante debe indicar el\u00a0<strong>n\u00famero de respuestas correctas\u00a0<\/strong>que ha obtenido en la hoja de respuestas.<\/li>\n<li class=\"Estilo44\"><span class=\"Estilo46\">En la documentaci\u00f3n que se entregue para realizar la solicitud de plaza, no es necesario entregar la P.I.C. efectuada pero\u00a0<strong>es obligatorio entregar la hoja de respuestas cumplimentada y firmada.<\/strong><\/span><\/li>\n<\/ul>\n<p><strong><span class=\"Estilo46\"><a href=\"https:\/\/docs.google.com\/forms\/d\/e\/1FAIpQLSfBxuqZnvJL2BizDI7RomBSP39NHajCNsaM0pjxgT4QPRv8Fw\/viewform\" target=\"_blank\" rel=\"noopener noreferrer\">Acceso al men\u00fa de PICs<\/a><\/span><\/strong>[\/vc_column_text][\/vc_tta_section][vc_tta_section title=\u00bbAvanzado C1-1&#8243; tab_id=\u00bb1542040464650-3aba5ddd-ed5f\u00bb][vc_column_text]No se imparte.[\/vc_column_text][\/vc_tta_section][vc_tta_section title=\u00bbAvanzado C1-2&#8243; tab_id=\u00bb1542040466721-9225b3e9-23ed\u00bb][vc_column_text]No se imparte.[\/vc_column_text][\/vc_tta_section][vc_tta_section title=\u00bbAvanzado C2&#8243; tab_id=\u00bb1542040471706-9d870c42-9573&#8243;][vc_column_text]No se imparte.[\/vc_column_text][\/vc_tta_section][\/vc_tta_tabs][\/vc_column][\/vc_row]<\/p>\n<\/div>","protected":false},"excerpt":{"rendered":"<p>[vc_row content_placement=\u00bbmiddle\u00bb][vc_column width=\u00bb1\/4&#8243;][vc_column_text] PRESENCIAL [\/vc_column_text][\/vc_column][vc_column width=\u00bb3\/4&#8243;][vc_column_text] Requisitos acad\u00e9micos Acceso a cursos superiores a B\u00e1sico 1 [\/vc_column_text][vc_column_text css=\u00bb.vc_custom_1651327045051{background-color: #58b7d2 !important;}\u00bb] RUSO [\/vc_column_text][\/vc_column][\/vc_row][vc_row][vc_column][vc_tta_tabs style=\u00bboutline\u00bb color=\u00bbturquoise\u00bb active_section=\u00bb1&#8243;][vc_tta_section title=\u00bbB\u00e1sico 2&#8243; tab_id=\u00bb1542040433806-0f5a95f0-7a4e\u00bb][vc_column_text]Para solicitar 2\u00ba de Nivel B\u00e1sico (A2), el solicitante tendr\u00e1 que acreditar entregando el correspondiente certificado en el momento de la preinscripci\u00f3n, y si no se dispone de \u00e9l, [&hellip;]<\/p>\n","protected":false},"author":11,"featured_media":0,"parent":6464,"menu_order":0,"comment_status":"closed","ping_status":"closed","template":"","meta":{"footnotes":""},"class_list":["post-6563","page","type-page","status-publish","hentry"],"_links":{"self":[{"href":"https:\/\/www.eoimalaga.com\/apps\/wp-json\/wp\/v2\/pages\/6563","targetHints":{"allow":["GET"]}}],"collection":[{"href":"https:\/\/www.eoimalaga.com\/apps\/wp-json\/wp\/v2\/pages"}],"about":[{"href":"https:\/\/www.eoimalaga.com\/apps\/wp-json\/wp\/v2\/types\/page"}],"author":[{"embeddable":true,"href":"https:\/\/www.eoimalaga.com\/apps\/wp-json\/wp\/v2\/users\/11"}],"replies":[{"embeddable":true,"href":"https:\/\/www.eoimalaga.com\/apps\/wp-json\/wp\/v2\/comments?post=6563"}],"version-history":[{"count":23,"href":"https:\/\/www.eoimalaga.com\/apps\/wp-json\/wp\/v2\/pages\/6563\/revisions"}],"predecessor-version":[{"id":9883,"href":"https:\/\/www.eoimalaga.com\/apps\/wp-json\/wp\/v2\/pages\/6563\/revisions\/9883"}],"up":[{"embeddable":true,"href":"https:\/\/www.eoimalaga.com\/apps\/wp-json\/wp\/v2\/pages\/6464"}],"wp:attachment":[{"href":"https:\/\/www.eoimalaga.com\/apps\/wp-json\/wp\/v2\/media?parent=6563"}],"curies":[{"name":"wp","href":"https:\/\/api.w.org\/{rel}","templated":true}]}}