{"id":6559,"date":"2018-11-13T09:46:51","date_gmt":"2018-11-13T08:46:51","guid":{"rendered":"http:\/\/www.eoimalaga.com\/apps\/?page_id=6559"},"modified":"2022-05-19T17:07:39","modified_gmt":"2022-05-19T16:07:39","slug":"requiacad_ord_jap","status":"publish","type":"page","link":"https:\/\/www.eoimalaga.com\/apps\/central\/requiacad\/requiacad_ord\/requiacad_ord_jap\/","title":{"rendered":"requiacad_ord_jap"},"content":{"rendered":"<div class=\"wpb-content-wrapper\"><p>[vc_row content_placement=\u00bbmiddle\u00bb][vc_column width=\u00bb1\/4&#8243;][vc_column_text]<a href=\"https:\/\/www.eoimalaga.com\/apps\/wp-content\/uploads\/2018\/11\/LogoEOI_small.jpg\"><img loading=\"lazy\" decoding=\"async\" class=\"aligncenter size-full wp-image-6426\" src=\"https:\/\/www.eoimalaga.com\/apps\/wp-content\/uploads\/2018\/11\/LogoEOI_small.jpg\" alt=\"\" width=\"116\" height=\"115\" \/><\/a><\/p>\n<h2 style=\"text-align: center;\"><span style=\"color: #000000;\">PRESENCIAL<\/span><\/h2>\n<p>[\/vc_column_text][\/vc_column][vc_column width=\u00bb3\/4&#8243;][vc_column_text]<\/p>\n<p style=\"text-align: center;\"><span style=\"color: #2584c8;\"><strong><span style=\"font-size: 24pt;\">Requisitos acad\u00e9micos <\/span><\/strong><\/span><\/p>\n<p style=\"text-align: center;\"><span style=\"color: #2584c8;\"><strong><span style=\"font-size: 18pt;\">Acceso a niveles superiores a B\u00e1sico 1<\/span><\/strong><\/span><\/p>\n<p>[\/vc_column_text][vc_column_text css=\u00bb.vc_custom_1651326714321{background-color: #b39cd0 !important;}\u00bb]<\/p>\n<p style=\"text-align: center;\"><span style=\"color: #ffffff;\"><strong><span style=\"font-size: 18pt;\">JAPON\u00c9S<\/span><\/strong><\/span><\/p>\n<p>[\/vc_column_text][\/vc_column][\/vc_row][vc_row][vc_column][vc_tta_tabs style=\u00bboutline\u00bb color=\u00bbpurple\u00bb active_section=\u00bb1&#8243;][vc_tta_section title=\u00bbB\u00e1sico 2&#8243; tab_id=\u00bb1542040433806-0f5a95f0-7a4e\u00bb][vc_column_text]Si el solicitante considera que su nivel es superior a A1 y no lo tiene acreditado por alguna EOI Espa\u00f1ola, puede <strong>solicitar 2\u00ba de Nivel B\u00e1sico <\/strong>(A2) directamente realizando una P.I.C. (Prueba Inicial de Clasificaci\u00f3n).<\/p>\n<p>La EOI de M\u00e1laga recuerda que el solicitante <strong>ha de tener en cuenta lo siguiente: <\/strong><\/p>\n<ul>\n<li>Sobrestimar sus conocimientos ir\u00e1 en perjuicio propio ya que en ning\u00fan caso podr\u00e1 retroceder a 1\u00ba de Nivel B\u00e1sico (A1) ni avanzar de curso.<\/li>\n<li>El resultado de la prueba s\u00f3lo tendr\u00e1 efecto si el solicitante es admitido.<\/li>\n<li>La P.I.C. no tiene validez acad\u00e9mica, s\u00f3lo sirve de orientaci\u00f3n para ubicar al alumnado en un curso determinado.<\/li>\n<li>Para un mejor conocimiento de los contenidos del Nivel B\u00e1sico es imprescindible consultar la programaci\u00f3n de cada nivel publicada en la p\u00e1gina web de cada Dpto. de la EOI M\u00e1laga.<\/li>\n<\/ul>\n<p class=\"Estilo46\"><strong>Descripci\u00f3n y evaluaci\u00f3n de la P.I.C.<\/strong><\/p>\n<ul>\n<li class=\"Estilo46\">La P.I.C. de la EOI M\u00e1laga es una\u00a0<strong>prueba autocorregible\u00a0<\/strong>, por tanto, el alumno es responsable de proceder adecuadamente en su realizaci\u00f3n. Su objetivo es evaluar la competencia general del idioma<\/li>\n<li class=\"Estilo46\">A continuaci\u00f3n de la prueba, el solicitante debe indicar el\u00a0<strong>n\u00famero de respuestas correctas\u00a0<\/strong>que ha obtenido en la hoja de respuestas.<\/li>\n<li class=\"Estilo44\"><span class=\"Estilo46\">En la documentaci\u00f3n que se entregue para realizar la solicitud de plaza, no es necesario entregar la P.I.C. efectuada pero\u00a0<strong>es obligatorio entregar la hoja de respuestas cumplimentada y firmada.<\/strong><\/span><\/li>\n<\/ul>\n<p><strong><span class=\"Estilo46\"><a href=\"https:\/\/docs.google.com\/forms\/d\/e\/1FAIpQLSezM6sdV5ryCt_3UUkyjoora90BGc6eqA_xbTor-FL7KClNTw\/viewform\" target=\"_blank\" rel=\"noopener noreferrer\">Acceso al men\u00fa de PICs<\/a><\/span><\/strong>[\/vc_column_text][\/vc_tta_section][vc_tta_section title=\u00bbIntermedio B1&#8243; tab_id=\u00bb1542040433806-0002452e-ef73&#8243;][vc_column_text]<strong>Para solicitar este nivel, el solicitante tendr\u00e1 que:<\/strong><\/p>\n<ol>\n<li>acreditar el A2 (Nivel B\u00e1sico 2) de cualquier EOI espa\u00f1ola, entregando el correspondiente certificado en el momento de la preinscripci\u00f3n, y si no se dispone de \u00e9l, en el momento de la matriculaci\u00f3n,<\/li>\n<li>o bien, podr\u00e1 realizar la P.I.C. correspondiente (Prueba Inicial de Clasificaci\u00f3n).<\/li>\n<\/ol>\n<p>La EOI de M\u00e1laga recuerda que el solicitante <strong>ha de tener en cuenta lo siguiente: <\/strong><\/p>\n<ul>\n<li>Sobrestimar sus conocimientos ir\u00e1 en perjuicio propio ya que en ning\u00fan caso podr\u00e1 retroceder ni avanzar de curso.<\/li>\n<li>El resultado de la prueba s\u00f3lo tendr\u00e1 efecto si el solicitante es admitido.<\/li>\n<li>La P.I.C. no tiene validez acad\u00e9mica, s\u00f3lo sirve de orientaci\u00f3n para ubicar al alumnado en un curso determinado.<\/li>\n<li>Para un mejor conocimiento de los contenidos del nivel correspondiente es imprescindible consultar la programaci\u00f3n de cada nivel publicada en la p\u00e1gina web de cada Dpto. de la EOI M\u00e1laga.<\/li>\n<\/ul>\n<p class=\"Estilo46\"><strong>Descripci\u00f3n y evaluaci\u00f3n de la P.I.C.<\/strong><\/p>\n<ul>\n<li class=\"Estilo46\">La P.I.C. de la EOI M\u00e1laga es una\u00a0<strong>prueba autocorregible\u00a0<\/strong>, por tanto, el alumno es responsable de proceder adecuadamente en su realizaci\u00f3n. Su objetivo es evaluar la competencia general del idioma<\/li>\n<li class=\"Estilo46\">A continuaci\u00f3n de la prueba, el solicitante debe indicar el\u00a0<strong>n\u00famero de respuestas correctas\u00a0<\/strong>que ha obtenido en la hoja de respuestas.<\/li>\n<li class=\"Estilo44\"><span class=\"Estilo46\">En la documentaci\u00f3n que se entregue para realizar la solicitud de plaza, no es necesario entregar la P.I.C. efectuada pero\u00a0<strong>es obligatorio entregar la hoja de respuestas cumplimentada y firmada.<\/strong><\/span><\/li>\n<\/ul>\n<p><strong><span class=\"Estilo46\"><a href=\"https:\/\/docs.google.com\/forms\/d\/e\/1FAIpQLSe7yxqExPW4OAETyzC9m4o0Ps2-aF7-k9S-HtRKszJBXeDhog\/viewform\" target=\"_blank\" rel=\"noopener noreferrer\">Acceso al men\u00fa de PICs<\/a><\/span><\/strong>[\/vc_column_text][\/vc_tta_section][vc_tta_section title=\u00bbIntermedio B2-1&#8243; tab_id=\u00bb1542040456626-986f6010-bdb0&#8243;][vc_column_text]<strong>Para solicitar este nivel, el solicitante tendr\u00e1 que<\/strong><\/p>\n<ol>\n<li>acreditar el B1 (Nivel Intermedio) de cualquier EOI espa\u00f1ola, entregando el correspondiente certificado en el momento de la preinscripci\u00f3n, y si no se dispone de \u00e9l, en el momento de la matriculaci\u00f3n,<\/li>\n<li>o bien, podr\u00e1 realizar la P.I.C. correspondiente (Prueba Inicial de Clasificaci\u00f3n).<\/li>\n<\/ol>\n<p>La EOI de M\u00e1laga recuerda que el solicitante <strong>ha de tener en cuenta lo siguiente: <\/strong><\/p>\n<ul>\n<li style=\"text-align: left;\">Sobrestimar sus conocimientos ir\u00e1 en perjuicio propio ya que en ning\u00fan caso podr\u00e1 retroceder ni avanzar de curso.<\/li>\n<li style=\"text-align: left;\">El resultado de la prueba s\u00f3lo tendr\u00e1 efecto si el solicitante es admitido.<\/li>\n<li style=\"text-align: left;\">La P.I.C. no tiene validez acad\u00e9mica, s\u00f3lo sirve de orientaci\u00f3n para ubicar al alumnado en un curso determinado.<\/li>\n<li style=\"text-align: left;\">Para un mejor conocimiento de los contenidos del nivel correspondiente es imprescindible consultar la programaci\u00f3n de cada nivel publicada en la p\u00e1gina web de cada Dpto. de la EOI M\u00e1laga.<\/li>\n<\/ul>\n<p class=\"Estilo46\"><strong>Descripci\u00f3n y evaluaci\u00f3n de la P.I.C.<\/strong><\/p>\n<ul>\n<li class=\"Estilo46\">La P.I.C. de la EOI M\u00e1laga es una\u00a0<strong>prueba autocorregible\u00a0<\/strong>, por tanto, el alumno es responsable de proceder adecuadamente en su realizaci\u00f3n. Su objetivo es evaluar la competencia general del idioma<\/li>\n<li class=\"Estilo46\">A continuaci\u00f3n de la prueba, el solicitante debe indicar el\u00a0<strong>n\u00famero de respuestas correctas\u00a0<\/strong>que ha obtenido en la hoja de respuestas.<\/li>\n<li class=\"Estilo44\"><span class=\"Estilo46\">En la documentaci\u00f3n que se entregue para realizar la solicitud de plaza, no es necesario entregar la P.I.C. efectuada pero\u00a0<strong>es obligatorio entregar la hoja de respuestas cumplimentada y firmada.<\/strong><\/span><\/li>\n<li>Por favor contacte con el departamento (<a href=\"mailto:japones@eoimalaga.com\">japones@eoimalaga.com<\/a>) antes de la finalizaci\u00f3n del plazo de preinscripci\u00f3n para realizar una entrevista oral.<\/li>\n<\/ul>\n<p><strong><a href=\"https:\/\/docs.google.com\/forms\/d\/e\/1FAIpQLScTG-Aplc-b-QcHeL5YUTj278gxWjUgSWquSJKX9hrriIci4g\/viewform\" target=\"_blank\" rel=\"noopener noreferrer\">Acceso al men\u00fa de PICs<\/a><\/strong>[\/vc_column_text][\/vc_tta_section][vc_tta_section title=\u00bbIntermedio B2-2&#8243; tab_id=\u00bb1542040459635-cb2129ff-5ce9&#8243;][vc_column_text]<strong>Para solicitar este nivel, el solicitante tendr\u00e1 que:<\/strong><\/p>\n<ol>\n<li>acreditar haber superado el Nivel Intermedio B2.1 en una EOI espa\u00f1ola (antes Nivel Avanzado B2.1), entregando el correspondiente certificado en el momento de la preinscripci\u00f3n, y si no se dispone de \u00e9l, en el momento de la matriculaci\u00f3n,<\/li>\n<li>o bien, podr\u00e1 realizar la P.I.C. correspondiente (Prueba Inicial de Clasificaci\u00f3n).<\/li>\n<\/ol>\n<p>La EOI de M\u00e1laga recuerda que el solicitante <strong>ha de tener en cuenta lo siguiente: <\/strong><\/p>\n<ul>\n<li>Sobrestimar sus conocimientos ir\u00e1 en perjuicio propio ya que en ning\u00fan caso podr\u00e1 retroceder ni avanzar de curso.<\/li>\n<li>El resultado de la prueba s\u00f3lo tendr\u00e1 efecto si el solicitante es admitido.<\/li>\n<li>La P.I.C. no tiene validez acad\u00e9mica, s\u00f3lo sirve de orientaci\u00f3n para ubicar al alumnado en un curso determinado.<\/li>\n<li>Para un mejor conocimiento de los contenidos del nivel correspondiente es imprescindible consultar la programaci\u00f3n de cada nivel publicada en la p\u00e1gina web de cada Dpto. de la EOI M\u00e1laga.<\/li>\n<\/ul>\n<p><strong>Descripci\u00f3n y evaluaci\u00f3n de la P.I.C. <\/strong><\/p>\n<ul>\n<li class=\"Estilo46\">La P.I.C. de la EOI M\u00e1laga es una\u00a0<strong>prueba autocorregible\u00a0<\/strong>, por tanto, el alumno es responsable de proceder adecuadamente en su realizaci\u00f3n. Su objetivo es evaluar la competencia general del idioma<\/li>\n<li class=\"Estilo46\">A continuaci\u00f3n de la prueba, el solicitante debe indicar el\u00a0<strong>n\u00famero de respuestas correctas\u00a0<\/strong>que ha obtenido en la hoja de respuestas.<\/li>\n<li class=\"Estilo44\"><span class=\"Estilo46\">En la documentaci\u00f3n que se entregue para realizar la solicitud de plaza, no es necesario entregar la P.I.C. efectuada pero\u00a0<strong>es obligatorio entregar la hoja de respuestas cumplimentada y firmada.<\/strong><\/span><\/li>\n<li>Por favor contacte con el departamento (<a href=\"mailto:japones@eoimalaga.com\">japones@eoimalaga.com<\/a>) antes de la finalizaci\u00f3n del plazo de preinscripci\u00f3n para realizar una entrevista oral.<\/li>\n<\/ul>\n<p><strong><span class=\"Estilo46\"><a href=\"https:\/\/docs.google.com\/forms\/d\/e\/1FAIpQLSekmgo-guc5HIopafpWFksMyNwt0bGCmAjM30so3tXOq7kx_g\/viewform\" target=\"_blank\" rel=\"noopener noreferrer\">Acceso al men\u00fa de PICs<\/a><\/span><\/strong>[\/vc_column_text][\/vc_tta_section][vc_tta_section title=\u00bbAvanzado C1-1&#8243; tab_id=\u00bb1542040464650-3aba5ddd-ed5f\u00bb][vc_column_text]No se imparte.[\/vc_column_text][\/vc_tta_section][vc_tta_section title=\u00bbAvanzado C1-2&#8243; tab_id=\u00bb1542040466721-9225b3e9-23ed\u00bb][vc_column_text]No se imparte.[\/vc_column_text][\/vc_tta_section][vc_tta_section title=\u00bbAvanzado C2&#8243; tab_id=\u00bb1542040471706-9d870c42-9573&#8243;][vc_column_text]No se imparte.[\/vc_column_text][\/vc_tta_section][\/vc_tta_tabs][\/vc_column][\/vc_row]<\/p>\n<\/div>","protected":false},"excerpt":{"rendered":"<p>[vc_row content_placement=\u00bbmiddle\u00bb][vc_column width=\u00bb1\/4&#8243;][vc_column_text] PRESENCIAL [\/vc_column_text][\/vc_column][vc_column width=\u00bb3\/4&#8243;][vc_column_text] Requisitos acad\u00e9micos Acceso a niveles superiores a B\u00e1sico 1 [\/vc_column_text][vc_column_text css=\u00bb.vc_custom_1651326714321{background-color: #b39cd0 !important;}\u00bb] JAPON\u00c9S [\/vc_column_text][\/vc_column][\/vc_row][vc_row][vc_column][vc_tta_tabs style=\u00bboutline\u00bb color=\u00bbpurple\u00bb active_section=\u00bb1&#8243;][vc_tta_section title=\u00bbB\u00e1sico 2&#8243; tab_id=\u00bb1542040433806-0f5a95f0-7a4e\u00bb][vc_column_text]Si el solicitante considera que su nivel es superior a A1 y no lo tiene acreditado por alguna EOI Espa\u00f1ola, puede solicitar 2\u00ba de Nivel B\u00e1sico (A2) directamente realizando [&hellip;]<\/p>\n","protected":false},"author":11,"featured_media":0,"parent":6464,"menu_order":0,"comment_status":"closed","ping_status":"closed","template":"","meta":{"footnotes":""},"class_list":["post-6559","page","type-page","status-publish","hentry"],"_links":{"self":[{"href":"https:\/\/www.eoimalaga.com\/apps\/wp-json\/wp\/v2\/pages\/6559","targetHints":{"allow":["GET"]}}],"collection":[{"href":"https:\/\/www.eoimalaga.com\/apps\/wp-json\/wp\/v2\/pages"}],"about":[{"href":"https:\/\/www.eoimalaga.com\/apps\/wp-json\/wp\/v2\/types\/page"}],"author":[{"embeddable":true,"href":"https:\/\/www.eoimalaga.com\/apps\/wp-json\/wp\/v2\/users\/11"}],"replies":[{"embeddable":true,"href":"https:\/\/www.eoimalaga.com\/apps\/wp-json\/wp\/v2\/comments?post=6559"}],"version-history":[{"count":19,"href":"https:\/\/www.eoimalaga.com\/apps\/wp-json\/wp\/v2\/pages\/6559\/revisions"}],"predecessor-version":[{"id":9221,"href":"https:\/\/www.eoimalaga.com\/apps\/wp-json\/wp\/v2\/pages\/6559\/revisions\/9221"}],"up":[{"embeddable":true,"href":"https:\/\/www.eoimalaga.com\/apps\/wp-json\/wp\/v2\/pages\/6464"}],"wp:attachment":[{"href":"https:\/\/www.eoimalaga.com\/apps\/wp-json\/wp\/v2\/media?parent=6559"}],"curies":[{"name":"wp","href":"https:\/\/api.w.org\/{rel}","templated":true}]}}