{"id":6458,"date":"2018-11-09T14:28:06","date_gmt":"2018-11-09T13:28:06","guid":{"rendered":"http:\/\/www.eoimalaga.com\/apps\/?page_id=6458"},"modified":"2025-04-29T12:28:17","modified_gmt":"2025-04-29T11:28:17","slug":"requiacad","status":"publish","type":"page","link":"https:\/\/www.eoimalaga.com\/apps\/central\/requiacad\/","title":{"rendered":"requiacad"},"content":{"rendered":"<div class=\"wpb-content-wrapper\"><p>[vc_row][vc_column width=\u00bb1\/4&#8243;][vc_column_text]<a href=\"https:\/\/www.eoimalaga.com\/apps\/wp-content\/uploads\/2018\/11\/LogoEOI_small.jpg\"><img loading=\"lazy\" decoding=\"async\" class=\"aligncenter size-full wp-image-6426\" src=\"https:\/\/www.eoimalaga.com\/apps\/wp-content\/uploads\/2018\/11\/LogoEOI_small.jpg\" alt=\"\" width=\"116\" height=\"115\" \/><\/a>[\/vc_column_text][\/vc_column][vc_column width=\u00bb3\/4&#8243; css=\u00bb.vc_custom_1651257936675{background-color: #2584c8 !important;}\u00bb][vc_column_text]<\/p>\n<p style=\"text-align: center;\"><span style=\"color: #ffffff;\"><strong><span style=\"font-size: 24pt;\">Requisitos acad\u00e9micos <\/span><\/strong><\/span><\/p>\n<p style=\"text-align: center;\"><span style=\"color: #ffffff;\"><strong><span style=\"font-size: 18pt;\">Acceso a niveles superiores a B\u00e1sico 1<\/span><\/strong><\/span><\/p>\n<p>[\/vc_column_text][\/vc_column][\/vc_row][vc_row][vc_column][vc_column_text]<\/p>\n<ul>\n<li style=\"list-style-type: none;\">\n<ul>\n<li><span style=\"color: #000000; font-size: 12pt;\">Los requisitos acad\u00e9micos exigidos para acceder a los distintos niveles de los distintos idiomas que se ofertan en la EOIMA son diversos.<\/span><\/li>\n<li><span style=\"color: #000000; font-size: 12pt;\">Pulse sobre la modalidad que le interese.<\/span><\/li>\n<li><span style=\"color: #000000; font-size: 12pt;\">Aseg\u00farese de que est\u00e1 en posesi\u00f3n de la cualificaci\u00f3n exigida para acceder directamente al nivel de que se trate.\u00a0<\/span><\/li>\n<li><span class=\"Estilo49\" style=\"color: #000000; font-size: 12pt;\">No se admite ninguna otra cualificaci\u00f3n aparte de la especificada en este programa.<\/span><\/li>\n<li><span style=\"color: #000000; font-size: 12pt;\">No realice solicitud de plaza para un idioma y nivel si no cumple los requisitos; se anular\u00eda su plaza en caso de obtenerla.<\/span><\/li>\n<\/ul>\n<\/li>\n<\/ul>\n<p>[\/vc_column_text][\/vc_column][\/vc_row][vc_row][vc_column][vc_empty_space height=\u00bb50px\u00bb][\/vc_column][\/vc_row][vc_row][vc_column width=\u00bb1\/3&#8243;][vc_btn title=\u00bbMODALIDAD PRESENCIAL\u00bb style=\u00bbflat\u00bb color=\u00bbprimary\u00bb size=\u00bblg\u00bb align=\u00bbcenter\u00bb button_block=\u00bbtrue\u00bb link=\u00bburl:https%3A%2F%2Fwww.eoimalaga.com%2Fapps%2Fcentral%2Frequiacad%2Frequiacad_ord%2F||target:%20_blank|\u00bb][vc_btn title=\u00bbCURSOS CAPE\u00bb style=\u00bbflat\u00bb color=\u00bbprimary\u00bb size=\u00bblg\u00bb align=\u00bbcenter\u00bb css=\u00bb\u00bb button_block=\u00bbtrue\u00bb link=\u00bburl:https%3A%2F%2Fwww.eoimalaga.com%2Fapps%2Frequiacad_cape%2F|target:_blank\u00bb][\/vc_column][vc_column width=\u00bb1\/3&#8243;][vc_btn title=\u00bbMODALIDAD SEMIPRESENCIAL\u00bb style=\u00bbflat\u00bb color=\u00bbprimary\u00bb size=\u00bblg\u00bb align=\u00bbcenter\u00bb button_block=\u00bbtrue\u00bb link=\u00bburl:https%3A%2F%2Fwww.eoimalaga.com%2Fapps%2Fcentral%2Frequiacad%2Frequiacad_semi%2F||target:%20_blank|\u00bb][\/vc_column][vc_column width=\u00bb1\/3&#8243;][vc_btn title=\u00bbMODALIDAD DISTANCIA\u00bb style=\u00bbflat\u00bb color=\u00bbprimary\u00bb size=\u00bblg\u00bb align=\u00bbcenter\u00bb button_block=\u00bbtrue\u00bb link=\u00bburl:https%3A%2F%2Fwww.eoimalaga.com%2Fapps%2Fcentral%2Frequiacad%2Frequiacad_distancia%2F|title:MODALIDAD%20DISTANCIA|target:%20_blank|\u00bb][\/vc_column][\/vc_row][vc_row][vc_column][vc_column_text css_animation=\u00bbleft-to-right\u00bb]<\/p>\n<h2 style=\"text-align: center;\"><span style=\"font-size: 16px;\">[\/vc_column_text][\/vc_column][\/vc_row][vc_row][vc_column][\/vc_column][\/vc_row][vc_row][vc_column][vc_column_text] <\/span><\/h2>\n<p>[\/vc_column_text][\/vc_column][\/vc_row]<\/p>\n<\/div>","protected":false},"excerpt":{"rendered":"<p>[vc_row][vc_column width=\u00bb1\/4&#8243;][vc_column_text][\/vc_column_text][\/vc_column][vc_column width=\u00bb3\/4&#8243; css=\u00bb.vc_custom_1651257936675{background-color: #2584c8 !important;}\u00bb][vc_column_text] Requisitos acad\u00e9micos Acceso a niveles superiores a B\u00e1sico 1 [\/vc_column_text][\/vc_column][\/vc_row][vc_row][vc_column][vc_column_text] Los requisitos acad\u00e9micos exigidos para acceder a los distintos niveles de los distintos idiomas que se ofertan en la EOIMA son diversos. Pulse sobre la modalidad que le interese. Aseg\u00farese de que est\u00e1 en posesi\u00f3n de la cualificaci\u00f3n exigida [&hellip;]<\/p>\n","protected":false},"author":11,"featured_media":0,"parent":6420,"menu_order":0,"comment_status":"closed","ping_status":"closed","template":"","meta":{"footnotes":""},"class_list":["post-6458","page","type-page","status-publish","hentry"],"_links":{"self":[{"href":"https:\/\/www.eoimalaga.com\/apps\/wp-json\/wp\/v2\/pages\/6458","targetHints":{"allow":["GET"]}}],"collection":[{"href":"https:\/\/www.eoimalaga.com\/apps\/wp-json\/wp\/v2\/pages"}],"about":[{"href":"https:\/\/www.eoimalaga.com\/apps\/wp-json\/wp\/v2\/types\/page"}],"author":[{"embeddable":true,"href":"https:\/\/www.eoimalaga.com\/apps\/wp-json\/wp\/v2\/users\/11"}],"replies":[{"embeddable":true,"href":"https:\/\/www.eoimalaga.com\/apps\/wp-json\/wp\/v2\/comments?post=6458"}],"version-history":[{"count":24,"href":"https:\/\/www.eoimalaga.com\/apps\/wp-json\/wp\/v2\/pages\/6458\/revisions"}],"predecessor-version":[{"id":10116,"href":"https:\/\/www.eoimalaga.com\/apps\/wp-json\/wp\/v2\/pages\/6458\/revisions\/10116"}],"up":[{"embeddable":true,"href":"https:\/\/www.eoimalaga.com\/apps\/wp-json\/wp\/v2\/pages\/6420"}],"wp:attachment":[{"href":"https:\/\/www.eoimalaga.com\/apps\/wp-json\/wp\/v2\/media?parent=6458"}],"curies":[{"name":"wp","href":"https:\/\/api.w.org\/{rel}","templated":true}]}}